{"id":13139,"date":"2021-12-07T15:38:20","date_gmt":"2021-12-07T14:38:20","guid":{"rendered":"http:\/\/sp1.hrubieszow.info\/?page_id=13139"},"modified":"2021-12-07T15:39:08","modified_gmt":"2021-12-07T14:39:08","slug":"miedzynarodowy-dzien-wolontariusza","status":"publish","type":"page","link":"https:\/\/sp1hrubieszow.pl\/index.php\/kronika-2020-2021\/miedzynarodowy-dzien-wolontariusza\/","title":{"rendered":"MI\u0118DZYNARODOWY DZIE\u0143 WOLONTARIUSZA"},"content":{"rendered":"\n<p><span style=\"color: #000080;\">Co roku 5 grudnia obchodzimy Mi\u0119dzynarodowy Dzie\u0144 Wolontariusza. Jest to \u015bwi\u0119to wszystkich ludzi dobrej woli, kt\u00f3rzy bardzo ch\u0119tnie po\u015bwi\u0119caj\u0105 sw\u00f3j czas dla os\u00f3b potrzebuj\u0105cych. Ustanowienie tego \u015bwi\u0119ta w 1986 roku przez ONZ by\u0142o wyrazem oficjalnego docenienia pracy wolontariackiej. <\/span><br><span style=\"color: #000080;\">Z okazji Waszego \u015bwi\u0119ta serdecznie dzi\u0119kuj\u0119 za Wasz\u0105 bezinteresown\u0105 dzia\u0142alno\u015b\u0107 oraz \u017cycz\u0119 du\u017co zdrowia, szcz\u0119\u015bcia i rado\u015bci w \u017cyciu. Niech wolontariat b\u0119dzie \u017ar\u00f3d\u0142em waszej wewn\u0119trznej satysfakcji, a wdzi\u0119czno\u015b\u0107 i u\u015bmiech potrzebuj\u0105cych, niech motywuje Was do dalszego dzia\u0142ania na polu wolontariackim. <\/span><br><span style=\"color: #000080;\">Bardzo dzi\u0119kuj\u0119 za to, \u017ce jeste\u015bcie i swoim bezinteresownym pomaganiem czynicie ten \u015bwiat pi\u0119knym! \u2013 Opiekun Szkolnego Ko\u0142a Wolontariatu.<\/span><\/p>\n<p style=\"text-align: center;\"><br><span style=\"color: #000080;\">\u201eWa\u017cny jest rodzaj pomocy, kt\u00f3r\u0105 si\u0119 oferuje,<\/span><br><span style=\"color: #000080;\">ale jeszcze wa\u017cniejsze od tego jest serce,<\/span><br><span style=\"color: #000080;\">z jakim tej pomocy si\u0119 udziela.\u201d<\/span><br><span style=\"color: #000080;\">Jan Pawe\u0142 II<\/span><\/p>\nngg_shortcode_0_placeholder\n<p>&nbsp;<\/p>\n","protected":false},"excerpt":{"rendered":"<p>Co roku 5 grudnia obchodzimy Mi\u0119dzynarodowy Dzie\u0144 Wolontariusza. Jest to \u015bwi\u0119to wszystkich ludzi dobrej woli, kt\u00f3rzy bardzo ch\u0119tnie po\u015bwi\u0119caj\u0105 sw\u00f3j czas dla os\u00f3b potrzebuj\u0105cych. Ustanowienie tego \u015bwi\u0119ta w 1986 roku przez ONZ by\u0142o wyrazem oficjalnego docenienia pracy wolontariackiej. Z okazji Waszego \u015bwi\u0119ta serdecznie dzi\u0119kuj\u0119 za Wasz\u0105 bezinteresown\u0105 dzia\u0142alno\u015b\u0107 oraz \u017cycz\u0119 du\u017co zdrowia, szcz\u0119\u015bcia i rado\u015bci [&hellip;]<\/p>\n","protected":false},"author":2,"featured_media":0,"parent":5983,"menu_order":0,"comment_status":"closed","ping_status":"closed","template":"","meta":{"ngg_post_thumbnail":0,"footnotes":""},"class_list":["post-13139","page","type-page","status-publish","hentry"],"_links":{"self":[{"href":"https:\/\/sp1hrubieszow.pl\/index.php\/wp-json\/wp\/v2\/pages\/13139","targetHints":{"allow":["GET"]}}],"collection":[{"href":"https:\/\/sp1hrubieszow.pl\/index.php\/wp-json\/wp\/v2\/pages"}],"about":[{"href":"https:\/\/sp1hrubieszow.pl\/index.php\/wp-json\/wp\/v2\/types\/page"}],"author":[{"embeddable":true,"href":"https:\/\/sp1hrubieszow.pl\/index.php\/wp-json\/wp\/v2\/users\/2"}],"replies":[{"embeddable":true,"href":"https:\/\/sp1hrubieszow.pl\/index.php\/wp-json\/wp\/v2\/comments?post=13139"}],"version-history":[{"count":1,"href":"https:\/\/sp1hrubieszow.pl\/index.php\/wp-json\/wp\/v2\/pages\/13139\/revisions"}],"predecessor-version":[{"id":13140,"href":"https:\/\/sp1hrubieszow.pl\/index.php\/wp-json\/wp\/v2\/pages\/13139\/revisions\/13140"}],"up":[{"embeddable":true,"href":"https:\/\/sp1hrubieszow.pl\/index.php\/wp-json\/wp\/v2\/pages\/5983"}],"wp:attachment":[{"href":"https:\/\/sp1hrubieszow.pl\/index.php\/wp-json\/wp\/v2\/media?parent=13139"}],"curies":[{"name":"wp","href":"https:\/\/api.w.org\/{rel}","templated":true}]}}