{"id":13122,"date":"2021-12-04T19:29:30","date_gmt":"2021-12-04T18:29:30","guid":{"rendered":"http:\/\/sp1.hrubieszow.info\/?page_id=13122"},"modified":"2021-12-04T19:30:21","modified_gmt":"2021-12-04T18:30:21","slug":"przedstawienie-mikolajkowe","status":"publish","type":"page","link":"https:\/\/sp1hrubieszow.pl\/index.php\/kronika-2020-2021\/przedstawienie-mikolajkowe\/","title":{"rendered":"Przedstawienie miko\u0142ajkowe"},"content":{"rendered":"\n<p><span style=\"color: #000080;\">3 grudnia 2021 roku dzieci z klasy 1b wzi\u0119\u0142y udzia\u0142 w przedstawieniu miko\u0142ajkowym pt. &#8222;List do \u015bwi\u0119tego Miko\u0142aja&#8221; przygotowanym przez panie Monik\u0119 Korneluk i Katarzyn\u0119 Sztuk, opiekunki Ma\u0142ego Samorz\u0105du Uczniowskiego. W trakcie przedstawienia jeste\u015bmy \u015bwiadkami przemiany jaka dokonuje si\u0119 w niegrzecznym ch\u0142opcu w wyniku spotkania z potrzebuj\u0105cymi postaciami z ba\u015bni. To oni nie\u015bwiadomie ucz\u0105 go, co jest wa\u017cne w \u017cyciu i wskazuj\u0105 drog\u0119, kt\u00f3r\u0105 powinien pod\u0105\u017cy\u0107. <\/span><\/p>\n<p><span style=\"color: #000080;\">Serdecznie dzi\u0119kujemy rodzicom za przygotowanie przepi\u0119knych stroj\u00f3w, a panu Markowi Lackowskiemu za nagranie filmu.<\/span><\/p>\n<p><a href=\"https:\/\/drive.google.com\/file\/d\/1ZrdOU4AfNR-J-NBi8kUBpJVHY7sxHwIZ\/view\">VID20211203134103_x264_001.mp4 &#8211; Dysk Google<\/a><\/p>\nngg_shortcode_0_placeholder\n","protected":false},"excerpt":{"rendered":"<p>3 grudnia 2021 roku dzieci z klasy 1b wzi\u0119\u0142y udzia\u0142 w przedstawieniu miko\u0142ajkowym pt. &#8222;List do \u015bwi\u0119tego Miko\u0142aja&#8221; przygotowanym przez panie Monik\u0119 Korneluk i Katarzyn\u0119 Sztuk, opiekunki Ma\u0142ego Samorz\u0105du Uczniowskiego. W trakcie przedstawienia jeste\u015bmy \u015bwiadkami przemiany jaka dokonuje si\u0119 w niegrzecznym ch\u0142opcu w wyniku spotkania z potrzebuj\u0105cymi postaciami z ba\u015bni. To oni nie\u015bwiadomie ucz\u0105 go, [&hellip;]<\/p>\n","protected":false},"author":2,"featured_media":0,"parent":5983,"menu_order":0,"comment_status":"closed","ping_status":"closed","template":"","meta":{"ngg_post_thumbnail":0,"footnotes":""},"class_list":["post-13122","page","type-page","status-publish","hentry"],"_links":{"self":[{"href":"https:\/\/sp1hrubieszow.pl\/index.php\/wp-json\/wp\/v2\/pages\/13122","targetHints":{"allow":["GET"]}}],"collection":[{"href":"https:\/\/sp1hrubieszow.pl\/index.php\/wp-json\/wp\/v2\/pages"}],"about":[{"href":"https:\/\/sp1hrubieszow.pl\/index.php\/wp-json\/wp\/v2\/types\/page"}],"author":[{"embeddable":true,"href":"https:\/\/sp1hrubieszow.pl\/index.php\/wp-json\/wp\/v2\/users\/2"}],"replies":[{"embeddable":true,"href":"https:\/\/sp1hrubieszow.pl\/index.php\/wp-json\/wp\/v2\/comments?post=13122"}],"version-history":[{"count":1,"href":"https:\/\/sp1hrubieszow.pl\/index.php\/wp-json\/wp\/v2\/pages\/13122\/revisions"}],"predecessor-version":[{"id":13123,"href":"https:\/\/sp1hrubieszow.pl\/index.php\/wp-json\/wp\/v2\/pages\/13122\/revisions\/13123"}],"up":[{"embeddable":true,"href":"https:\/\/sp1hrubieszow.pl\/index.php\/wp-json\/wp\/v2\/pages\/5983"}],"wp:attachment":[{"href":"https:\/\/sp1hrubieszow.pl\/index.php\/wp-json\/wp\/v2\/media?parent=13122"}],"curies":[{"name":"wp","href":"https:\/\/api.w.org\/{rel}","templated":true}]}}