{"id":13107,"date":"2021-12-04T09:36:34","date_gmt":"2021-12-04T08:36:34","guid":{"rendered":"http:\/\/sp1.hrubieszow.info\/?page_id=13107"},"modified":"2021-12-04T09:37:08","modified_gmt":"2021-12-04T08:37:08","slug":"wycieczka-do-nowej-deby","status":"publish","type":"page","link":"https:\/\/sp1hrubieszow.pl\/index.php\/kronika-2020-2021\/wycieczka-do-nowej-deby\/","title":{"rendered":"Wycieczka do Nowej D\u0119by"},"content":{"rendered":"\n<p><span style=\"color: #000080;\">Klasy 4b, 5c i 6a pod opiek\u0105 pa\u0144: Anny Lewandowskiej, Sylwii Wojak, Marty Lackowskiej oraz pani Barbary Maciejczyk, 1 grudnia uda\u0142y si\u0119 w podr\u00f3\u017c, by podziwia\u0107 kr\u00f3lestwo bombki choinkowej. W magicznej Fabryce i Muzeum Bombek Choinkowych w Nowej D\u0119bie mieli\u015bmy mo\u017cliwo\u015b\u0107 zobaczy\u0107 na w\u0142asne oczy jak powstaj\u0105 szklane bombki. Podziwiali\u015bmy setki dawnych i wsp\u00f3\u0142czesnych ozd\u00f3b choinkowych. Stworzyli\u015bmy r\u00f3wnie\u017c swoje w\u0142asne bombki oraz zrobili\u015bmy &#8222;bombkowe zakupy&#8221;, dzi\u0119ki kt\u00f3rym nasze drzewka choinkowe b\u0119d\u0105 w tym roku szczeg\u00f3lnie pi\u0119kne.<\/span><\/p>\nngg_shortcode_0_placeholder\n","protected":false},"excerpt":{"rendered":"<p>Klasy 4b, 5c i 6a pod opiek\u0105 pa\u0144: Anny Lewandowskiej, Sylwii Wojak, Marty Lackowskiej oraz pani Barbary Maciejczyk, 1 grudnia uda\u0142y si\u0119 w podr\u00f3\u017c, by podziwia\u0107 kr\u00f3lestwo bombki choinkowej. W magicznej Fabryce i Muzeum Bombek Choinkowych w Nowej D\u0119bie mieli\u015bmy mo\u017cliwo\u015b\u0107 zobaczy\u0107 na w\u0142asne oczy jak powstaj\u0105 szklane bombki. Podziwiali\u015bmy setki dawnych i wsp\u00f3\u0142czesnych ozd\u00f3b [&hellip;]<\/p>\n","protected":false},"author":2,"featured_media":0,"parent":5983,"menu_order":0,"comment_status":"closed","ping_status":"closed","template":"","meta":{"ngg_post_thumbnail":0,"footnotes":""},"class_list":["post-13107","page","type-page","status-publish","hentry"],"_links":{"self":[{"href":"https:\/\/sp1hrubieszow.pl\/index.php\/wp-json\/wp\/v2\/pages\/13107","targetHints":{"allow":["GET"]}}],"collection":[{"href":"https:\/\/sp1hrubieszow.pl\/index.php\/wp-json\/wp\/v2\/pages"}],"about":[{"href":"https:\/\/sp1hrubieszow.pl\/index.php\/wp-json\/wp\/v2\/types\/page"}],"author":[{"embeddable":true,"href":"https:\/\/sp1hrubieszow.pl\/index.php\/wp-json\/wp\/v2\/users\/2"}],"replies":[{"embeddable":true,"href":"https:\/\/sp1hrubieszow.pl\/index.php\/wp-json\/wp\/v2\/comments?post=13107"}],"version-history":[{"count":1,"href":"https:\/\/sp1hrubieszow.pl\/index.php\/wp-json\/wp\/v2\/pages\/13107\/revisions"}],"predecessor-version":[{"id":13108,"href":"https:\/\/sp1hrubieszow.pl\/index.php\/wp-json\/wp\/v2\/pages\/13107\/revisions\/13108"}],"up":[{"embeddable":true,"href":"https:\/\/sp1hrubieszow.pl\/index.php\/wp-json\/wp\/v2\/pages\/5983"}],"wp:attachment":[{"href":"https:\/\/sp1hrubieszow.pl\/index.php\/wp-json\/wp\/v2\/media?parent=13107"}],"curies":[{"name":"wp","href":"https:\/\/api.w.org\/{rel}","templated":true}]}}