{"id":13057,"date":"2021-12-04T08:56:29","date_gmt":"2021-12-04T07:56:29","guid":{"rendered":"http:\/\/sp1.hrubieszow.info\/?page_id=13057"},"modified":"2021-12-04T08:56:44","modified_gmt":"2021-12-04T07:56:44","slug":"andrzejki-w-swietlicy-szkolnej","status":"publish","type":"page","link":"https:\/\/sp1hrubieszow.pl\/index.php\/kronika-2020-2021\/andrzejki-w-swietlicy-szkolnej\/","title":{"rendered":"Andrzejki w \u015bwietlicy szkolnej"},"content":{"rendered":"\n<p><span style=\"color: #000080;\">30.11.2021 r. \u015bwietlica szkolna zamieni\u0142a si\u0119 w magiczny salon, w kt\u00f3rym zgodnie z tradycj\u0105 odby\u0142y si\u0119 r\u00f3\u017cne wr\u00f3\u017cby i zabawy.<\/span><\/p>\n<p><span style=\"color: #000080;\">Wychowankowie poznali histori\u0119 andrzejkowych tradycji; nast\u0119pnie rozpocz\u0119\u0142a si\u0119 zabawa z wr\u00f3\u017cbami.<\/span><\/p>\n<p><span style=\"color: #000080;\">Ka\u017cdy chcia\u0142 pozna\u0107 swoj\u0105 przysz\u0142o\u015b\u0107 od naszych szkolnych wr\u00f3\u017cek. Uczniowie losowali magiczne liczby, przek\u0142uwali szpilk\u0105 serce z imionami przysz\u0142ej wybranki b\u0105d\u017a wybranka; mieli r\u00f3wnie\u017c okazj\u0119 sprawdzi\u0107 jak potocz\u0105 si\u0119 ich losy. Na koniec dzieci ustawia\u0142y buty w wy\u015bcigu po szybkie wej\u015bcie w zwi\u0105zek ma\u0142\u017ce\u0144ski.<\/span><\/p>\n<p><span style=\"color: #000080;\">Uczestnicy zabaw andrzejkowych opuszczali \u015bwietlic\u0119 z u\u015bmiechem na twarzach i nadziej\u0105, \u017ce wr\u00f3\u017cby chocia\u017c w niewielkim stopniu oka\u017c\u0105 si\u0119 prawdziwe.<\/span><\/p>\nngg_shortcode_0_placeholder\n<p>&nbsp;<\/p>\n","protected":false},"excerpt":{"rendered":"<p>30.11.2021 r. \u015bwietlica szkolna zamieni\u0142a si\u0119 w magiczny salon, w kt\u00f3rym zgodnie z tradycj\u0105 odby\u0142y si\u0119 r\u00f3\u017cne wr\u00f3\u017cby i zabawy. Wychowankowie poznali histori\u0119 andrzejkowych tradycji; nast\u0119pnie rozpocz\u0119\u0142a si\u0119 zabawa z wr\u00f3\u017cbami. Ka\u017cdy chcia\u0142 pozna\u0107 swoj\u0105 przysz\u0142o\u015b\u0107 od naszych szkolnych wr\u00f3\u017cek. Uczniowie losowali magiczne liczby, przek\u0142uwali szpilk\u0105 serce z imionami przysz\u0142ej wybranki b\u0105d\u017a wybranka; mieli r\u00f3wnie\u017c [&hellip;]<\/p>\n","protected":false},"author":2,"featured_media":0,"parent":5983,"menu_order":0,"comment_status":"closed","ping_status":"closed","template":"","meta":{"ngg_post_thumbnail":0,"footnotes":""},"class_list":["post-13057","page","type-page","status-publish","hentry"],"_links":{"self":[{"href":"https:\/\/sp1hrubieszow.pl\/index.php\/wp-json\/wp\/v2\/pages\/13057","targetHints":{"allow":["GET"]}}],"collection":[{"href":"https:\/\/sp1hrubieszow.pl\/index.php\/wp-json\/wp\/v2\/pages"}],"about":[{"href":"https:\/\/sp1hrubieszow.pl\/index.php\/wp-json\/wp\/v2\/types\/page"}],"author":[{"embeddable":true,"href":"https:\/\/sp1hrubieszow.pl\/index.php\/wp-json\/wp\/v2\/users\/2"}],"replies":[{"embeddable":true,"href":"https:\/\/sp1hrubieszow.pl\/index.php\/wp-json\/wp\/v2\/comments?post=13057"}],"version-history":[{"count":1,"href":"https:\/\/sp1hrubieszow.pl\/index.php\/wp-json\/wp\/v2\/pages\/13057\/revisions"}],"predecessor-version":[{"id":13058,"href":"https:\/\/sp1hrubieszow.pl\/index.php\/wp-json\/wp\/v2\/pages\/13057\/revisions\/13058"}],"up":[{"embeddable":true,"href":"https:\/\/sp1hrubieszow.pl\/index.php\/wp-json\/wp\/v2\/pages\/5983"}],"wp:attachment":[{"href":"https:\/\/sp1hrubieszow.pl\/index.php\/wp-json\/wp\/v2\/media?parent=13057"}],"curies":[{"name":"wp","href":"https:\/\/api.w.org\/{rel}","templated":true}]}}