{"id":12911,"date":"2021-11-24T17:21:04","date_gmt":"2021-11-24T16:21:04","guid":{"rendered":"http:\/\/sp1.hrubieszow.info\/?page_id=12911"},"modified":"2021-11-24T17:21:21","modified_gmt":"2021-11-24T16:21:21","slug":"dzien-zyczliwosci","status":"publish","type":"page","link":"https:\/\/sp1hrubieszow.pl\/index.php\/kronika-2020-2021\/dzien-zyczliwosci\/","title":{"rendered":"Dzie\u0144 \u017byczliwo\u015bci"},"content":{"rendered":"\n<p><span style=\"color: #000080;\">Z okazji Dnia \u017byczliwo\u015bci i Pozdrowie\u0144 wychowawcy poszczeg\u00f3lnych klas przeprowadzili wybory na naj\u017cyczliwsze osoby w oddzia\u0142ach. Tytu\u0142 Naj\u017cyczliwszej osoby w klasie otrzymali: 4a Maja Klimkowska, 4b Miko\u0142aj Karpiuk, 4c Julia Horajecka, 5a Nikola Nowak, 5b Agata Szyma\u0144ska, 5c Lidia Grab, 6a Izabela Jankowska, 7a Hanna Nosko, 7b Nikola Litwi\u0144czuk, 7c Jakub Karpiuk, 7d Weronika Wysocka, 8a Zuzanna Wi\u015bniewska, 8b Jakub Szustakowski, 8c Marcel Baj i 8d Pawe\u0142 Gumieniak. Gratulujemy i dzi\u0119kujemy za to, \u017ce prezentujecie wzorowe warto\u015bci i stanowicie godny przyk\u0142ad do na\u015bladowania dla swoich kole\u017canek i koleg\u00f3w.<\/span><\/p>\n<p><span style=\"color: #000080;\">Uczniowie wyr\u00f3\u017cnieni za stworzenie has\u0142a promuj\u0105cego \u017cyczliwo\u015b\u0107 to: Dominika Ciemi\u0119ga z klasy 4b, Marcel Filipczuk, Oliwier Kasperkiewicz z klasy 5a, Ewa Kudyk z klasy 5c, Mateusz Bodnar, Dawid Brzyski, Karol Stadnicki, Natalia Trzustkowska z klasy 6a, Alicja Lipska, Eliza Poninkiewicz z klasy 8a. Gratulujemy&#8230;Wszystkim uczniom, kt\u00f3rzy wzi\u0119li udzia\u0142 w konkursie dzi\u0119kujemy.<\/span><\/p>\nngg_shortcode_0_placeholder\n","protected":false},"excerpt":{"rendered":"<p>Z okazji Dnia \u017byczliwo\u015bci i Pozdrowie\u0144 wychowawcy poszczeg\u00f3lnych klas przeprowadzili wybory na naj\u017cyczliwsze osoby w oddzia\u0142ach. Tytu\u0142 Naj\u017cyczliwszej osoby w klasie otrzymali: 4a Maja Klimkowska, 4b Miko\u0142aj Karpiuk, 4c Julia Horajecka, 5a Nikola Nowak, 5b Agata Szyma\u0144ska, 5c Lidia Grab, 6a Izabela Jankowska, 7a Hanna Nosko, 7b Nikola Litwi\u0144czuk, 7c Jakub Karpiuk, 7d Weronika Wysocka, [&hellip;]<\/p>\n","protected":false},"author":2,"featured_media":0,"parent":5983,"menu_order":0,"comment_status":"closed","ping_status":"closed","template":"","meta":{"ngg_post_thumbnail":0,"footnotes":""},"class_list":["post-12911","page","type-page","status-publish","hentry"],"_links":{"self":[{"href":"https:\/\/sp1hrubieszow.pl\/index.php\/wp-json\/wp\/v2\/pages\/12911","targetHints":{"allow":["GET"]}}],"collection":[{"href":"https:\/\/sp1hrubieszow.pl\/index.php\/wp-json\/wp\/v2\/pages"}],"about":[{"href":"https:\/\/sp1hrubieszow.pl\/index.php\/wp-json\/wp\/v2\/types\/page"}],"author":[{"embeddable":true,"href":"https:\/\/sp1hrubieszow.pl\/index.php\/wp-json\/wp\/v2\/users\/2"}],"replies":[{"embeddable":true,"href":"https:\/\/sp1hrubieszow.pl\/index.php\/wp-json\/wp\/v2\/comments?post=12911"}],"version-history":[{"count":1,"href":"https:\/\/sp1hrubieszow.pl\/index.php\/wp-json\/wp\/v2\/pages\/12911\/revisions"}],"predecessor-version":[{"id":12912,"href":"https:\/\/sp1hrubieszow.pl\/index.php\/wp-json\/wp\/v2\/pages\/12911\/revisions\/12912"}],"up":[{"embeddable":true,"href":"https:\/\/sp1hrubieszow.pl\/index.php\/wp-json\/wp\/v2\/pages\/5983"}],"wp:attachment":[{"href":"https:\/\/sp1hrubieszow.pl\/index.php\/wp-json\/wp\/v2\/media?parent=12911"}],"curies":[{"name":"wp","href":"https:\/\/api.w.org\/{rel}","templated":true}]}}