{"id":12885,"date":"2021-11-20T17:23:26","date_gmt":"2021-11-20T16:23:26","guid":{"rendered":"http:\/\/sp1.hrubieszow.info\/?page_id=12885"},"modified":"2021-11-20T19:17:45","modified_gmt":"2021-11-20T18:17:45","slug":"lekturowe-przygody-w-klasach-piatych","status":"publish","type":"page","link":"https:\/\/sp1hrubieszow.pl\/index.php\/kronika-2020-2021\/lekturowe-przygody-w-klasach-piatych\/","title":{"rendered":"Lekturowe przygody w klasach pi\u0105tych"},"content":{"rendered":"\n<p><span style=\"color: #000080;\">W listopadzie klasa 5a omawia\u0142a lektur\u0119 &#8222;Magiczne drzewo. Czerwone krzes\u0142o&#8221;, kt\u00f3rej autorem jest Andrzej Maleszka. W ramach pracy domowej uczniowie tworzyli portret wybranego bohatera lektury. Na lekcji pojawi\u0142o si\u0119 te\u017c spe\u0142niaj\u0105ce \u017cyczenia czerwone krzes\u0142o. Uczniowie siadali na magicznym krze\u015ble i losowali \u017cyczenia do spe\u0142nienia. Mo\u017cna by\u0142o wyczarowa\u0107 np. dodatkowe nieprzygotowanie do lekcji, plus z aktywno\u015bci, a tak\u017ce dodatkowe 3 punkty na najbli\u017cszym sprawdzianie, a nawet batonika.&nbsp;<\/span><\/p>\n<p><span style=\"color: #000080;\">Natomiast klasa 5b pozna\u0142a bli\u017cej lektur\u0119 &#8222;Ch\u0142opcy z Placu Broni&#8221; autorstwa F. Molnara. Pi\u0105toklasi\u015bci otrzymali zadanie domowe polegaj\u0105ce na stworzeniu makiety Placu Broni Powsta\u0142y bardzo pomys\u0142owe i pi\u0119kne prace. Natomiast g\u0142\u00f3wnych bohater\u00f3w lektury opisywali\u015bmy w nietypowy spos\u00f3b. Uczniowie pracowali w grupach. Na arkuszach papieru tworzyli zarys postaci. Nast\u0119pnie na zewn\u0105trz modelu wpisywali cechy zwi\u0105zane z wygl\u0105dem, a wewn\u0105trz zwi\u0105zane z charakterem, zachowaniem i postaw\u0105 bohatera.&nbsp;<\/span><\/p>\n<p><span style=\"color: #000080;\">W obu klasach lekturowe lekcje bardzo si\u0119 spodoba\u0142y \ud83d\ude42<\/span><\/p>\nngg_shortcode_0_placeholder\n","protected":false},"excerpt":{"rendered":"<p>W listopadzie klasa 5a omawia\u0142a lektur\u0119 &#8222;Magiczne drzewo. Czerwone krzes\u0142o&#8221;, kt\u00f3rej autorem jest Andrzej Maleszka. W ramach pracy domowej uczniowie tworzyli portret wybranego bohatera lektury. Na lekcji pojawi\u0142o si\u0119 te\u017c spe\u0142niaj\u0105ce \u017cyczenia czerwone krzes\u0142o. Uczniowie siadali na magicznym krze\u015ble i losowali \u017cyczenia do spe\u0142nienia. Mo\u017cna by\u0142o wyczarowa\u0107 np. dodatkowe nieprzygotowanie do lekcji, plus z aktywno\u015bci, [&hellip;]<\/p>\n","protected":false},"author":2,"featured_media":0,"parent":5983,"menu_order":0,"comment_status":"closed","ping_status":"closed","template":"","meta":{"ngg_post_thumbnail":0,"footnotes":""},"class_list":["post-12885","page","type-page","status-publish","hentry"],"_links":{"self":[{"href":"https:\/\/sp1hrubieszow.pl\/index.php\/wp-json\/wp\/v2\/pages\/12885","targetHints":{"allow":["GET"]}}],"collection":[{"href":"https:\/\/sp1hrubieszow.pl\/index.php\/wp-json\/wp\/v2\/pages"}],"about":[{"href":"https:\/\/sp1hrubieszow.pl\/index.php\/wp-json\/wp\/v2\/types\/page"}],"author":[{"embeddable":true,"href":"https:\/\/sp1hrubieszow.pl\/index.php\/wp-json\/wp\/v2\/users\/2"}],"replies":[{"embeddable":true,"href":"https:\/\/sp1hrubieszow.pl\/index.php\/wp-json\/wp\/v2\/comments?post=12885"}],"version-history":[{"count":2,"href":"https:\/\/sp1hrubieszow.pl\/index.php\/wp-json\/wp\/v2\/pages\/12885\/revisions"}],"predecessor-version":[{"id":12889,"href":"https:\/\/sp1hrubieszow.pl\/index.php\/wp-json\/wp\/v2\/pages\/12885\/revisions\/12889"}],"up":[{"embeddable":true,"href":"https:\/\/sp1hrubieszow.pl\/index.php\/wp-json\/wp\/v2\/pages\/5983"}],"wp:attachment":[{"href":"https:\/\/sp1hrubieszow.pl\/index.php\/wp-json\/wp\/v2\/media?parent=12885"}],"curies":[{"name":"wp","href":"https:\/\/api.w.org\/{rel}","templated":true}]}}