{"id":1288,"date":"2019-06-10T10:54:45","date_gmt":"2019-06-10T08:54:45","guid":{"rendered":"http:\/\/sp1.hrubieszow.info\/?page_id=1288"},"modified":"2019-06-10T10:57:41","modified_gmt":"2019-06-10T08:57:41","slug":"wspolpraca-mediatorow-ze-szkolnego-klubu-mediatora-ze-srodowiskiem-lokalnym","status":"publish","type":"page","link":"https:\/\/sp1hrubieszow.pl\/index.php\/nauczyciele\/pedagog\/pedagog-2019\/wspolpraca-mediatorow-ze-szkolnego-klubu-mediatora-ze-srodowiskiem-lokalnym\/","title":{"rendered":"Wsp\u00f3\u0142praca mediator\u00f3w ze Szkolnego Klubu Mediatora ze \u015brodowiskiem lokalnym"},"content":{"rendered":"\n<p style=\"text-align: justify;\"><span style=\"color: #000080;\">Wsp\u00f3\u0142praca mediator\u00f3w ze Szkolnego Klubu Mediatora ze \u015brodowiskiem lokalnym<\/span><\/p>\n<p style=\"text-align: justify;\"><span style=\"color: #000080;\">W dniu 07.06.2019r. uczennice ze Szko\u0142y Podstawowej Nr 1 w Hrubieszowie, b\u0119d\u0105ce cz\u0142onkiniami \u201eSzkolnego Klubu Mediatora\u201d wraz ze swoim opiekunem p. Mart\u0105 Kuczy\u0144sk\u0105 uczestniczy\u0142y w spotkaniu z mediatorami r\u00f3wie\u015bniczymi z Zespo\u0142u Szk\u00f3\u0142 Nr 2 im. Ks. Stanis\u0142awa Staszica w Hrubieszowie oraz ich opiekunem, &nbsp;p. Jolant\u0105 Korneluk. <\/span><br><span style=\"color: #000080;\">Podczas&nbsp; spotkania om\u00f3wiono prezentacj\u0119 multimedialn\u0105, kt\u00f3ra przybli\u017cy\u0142a uczniom proces negocjacji i mediacji a tak\u017ce zaprezentowano scenk\u0119-symulacj\u0119 mediacji r\u00f3wie\u015bniczej. M\u0142odzie\u017c wymieni\u0142a si\u0119 do\u015bwiadczeniami na temat szkolenia mediator\u00f3w r\u00f3wie\u015bniczych oraz podstawowych zasad prowadzenia i&nbsp; przebiegu poszczeg\u00f3lnych etap\u00f3w&nbsp; mediacji r\u00f3wie\u015bniczych. Na pami\u0105tk\u0119 spotkania mediatorki z \u201eJedynki\u201d wr\u0119czy\u0142y kole\u017cankom&nbsp; <\/span><br><span style=\"color: #000080;\">ze \u201eStaszica\u201d przydatny \u201ePoradnik mediatora\u201d, wykona\u0142y wsp\u00f3lne zdj\u0119cia oraz um\u00f3wi\u0142y si\u0119 na dalsz\u0105 wsp\u00f3\u0142prac\u0119.<\/span><\/p>\nngg_shortcode_0_placeholder\n","protected":false},"excerpt":{"rendered":"<p>Wsp\u00f3\u0142praca mediator\u00f3w ze Szkolnego Klubu Mediatora ze \u015brodowiskiem lokalnym W dniu 07.06.2019r. uczennice ze Szko\u0142y Podstawowej Nr 1 w Hrubieszowie, b\u0119d\u0105ce cz\u0142onkiniami \u201eSzkolnego Klubu Mediatora\u201d wraz ze swoim opiekunem p. Mart\u0105 Kuczy\u0144sk\u0105 uczestniczy\u0142y w spotkaniu z mediatorami r\u00f3wie\u015bniczymi z Zespo\u0142u Szk\u00f3\u0142 Nr 2 im. Ks. Stanis\u0142awa Staszica w Hrubieszowie oraz ich opiekunem, &nbsp;p. Jolant\u0105 Korneluk. [&hellip;]<\/p>\n","protected":false},"author":1,"featured_media":0,"parent":75,"menu_order":10,"comment_status":"closed","ping_status":"closed","template":"","meta":{"ngg_post_thumbnail":0,"footnotes":""},"class_list":["post-1288","page","type-page","status-publish","hentry"],"_links":{"self":[{"href":"https:\/\/sp1hrubieszow.pl\/index.php\/wp-json\/wp\/v2\/pages\/1288","targetHints":{"allow":["GET"]}}],"collection":[{"href":"https:\/\/sp1hrubieszow.pl\/index.php\/wp-json\/wp\/v2\/pages"}],"about":[{"href":"https:\/\/sp1hrubieszow.pl\/index.php\/wp-json\/wp\/v2\/types\/page"}],"author":[{"embeddable":true,"href":"https:\/\/sp1hrubieszow.pl\/index.php\/wp-json\/wp\/v2\/users\/1"}],"replies":[{"embeddable":true,"href":"https:\/\/sp1hrubieszow.pl\/index.php\/wp-json\/wp\/v2\/comments?post=1288"}],"version-history":[{"count":2,"href":"https:\/\/sp1hrubieszow.pl\/index.php\/wp-json\/wp\/v2\/pages\/1288\/revisions"}],"predecessor-version":[{"id":1300,"href":"https:\/\/sp1hrubieszow.pl\/index.php\/wp-json\/wp\/v2\/pages\/1288\/revisions\/1300"}],"up":[{"embeddable":true,"href":"https:\/\/sp1hrubieszow.pl\/index.php\/wp-json\/wp\/v2\/pages\/75"}],"wp:attachment":[{"href":"https:\/\/sp1hrubieszow.pl\/index.php\/wp-json\/wp\/v2\/media?parent=1288"}],"curies":[{"name":"wp","href":"https:\/\/api.w.org\/{rel}","templated":true}]}}