{"id":12840,"date":"2021-11-19T18:30:12","date_gmt":"2021-11-19T17:30:12","guid":{"rendered":"http:\/\/sp1.hrubieszow.info\/?page_id=12840"},"modified":"2021-11-19T18:32:02","modified_gmt":"2021-11-19T17:32:02","slug":"realizacja-projektu-przez-sekcje-modelarstwa-lotniczego-uczniowskiego-klubu-sportowego-jedynka-w-hrubieszowie","status":"publish","type":"page","link":"https:\/\/sp1hrubieszow.pl\/index.php\/kronika-2020-2021\/realizacja-projektu-przez-sekcje-modelarstwa-lotniczego-uczniowskiego-klubu-sportowego-jedynka-w-hrubieszowie\/","title":{"rendered":"Realizacja projektu przez sekcj\u0119 modelarstwa lotniczego Uczniowskiego Klubu Sportowego \u201eJedynka\u201d w Hrubieszowie"},"content":{"rendered":"\n<p><span style=\"color: #000080;\">Zako\u0144czyli\u015bmy realizacj\u0119 projektu \u201eM\u0142odzi modelarze na start \u2013 Akademia Modelarstwa Lotniczego i Kosmicznego\u201d. Grant w wysoko\u015bci 5.400 z\u0142 zosta\u0142 uzyskany w ramach programu \u201eAktywna Lubelszczyzna\u201d, kt\u00f3rego operatorem jest Stowarzyszenie \u201eCzajnia\u201d oraz Centrum Wolontariatu w Lublinie. W&nbsp;ramach dzia\u0142a\u0144 dzieci i m\u0142odzie\u017c, kt\u00f3ra uczestniczy\u0142a w cyklu zaj\u0119\u0107 i&nbsp;warsztat\u00f3w budowy modeli oraz wzi\u0119\u0142a udzia\u0142 w Og\u00f3lnopolskich Zawodach Modeli Swobodnie Lataj\u0105cych klas F1A, F1B, F1Q w Cz\u0119stochowie oraz&nbsp;Og\u00f3lnopolskich Zawodach Modeli Szybowc\u00f3w Halowych klasy F1N w&nbsp;Grodkowie, zaliczanych do Pucharu Polski.<\/span><\/p>\n<p><span style=\"color: #000080;\">Projekt sfinansowano przez Narodowy Instytut Wolno\u015bci &#8211; Centrum Rozwoju Spo\u0142ecze\u0144stwa Obywatelskiego na lata 2021-2030. Dzi\u0119kujemy za wsparcie.<\/span><\/p>\nngg_shortcode_0_placeholder\n","protected":false},"excerpt":{"rendered":"<p>Zako\u0144czyli\u015bmy realizacj\u0119 projektu \u201eM\u0142odzi modelarze na start \u2013 Akademia Modelarstwa Lotniczego i Kosmicznego\u201d. Grant w wysoko\u015bci 5.400 z\u0142 zosta\u0142 uzyskany w ramach programu \u201eAktywna Lubelszczyzna\u201d, kt\u00f3rego operatorem jest Stowarzyszenie \u201eCzajnia\u201d oraz Centrum Wolontariatu w Lublinie. W&nbsp;ramach dzia\u0142a\u0144 dzieci i m\u0142odzie\u017c, kt\u00f3ra uczestniczy\u0142a w cyklu zaj\u0119\u0107 i&nbsp;warsztat\u00f3w budowy modeli oraz wzi\u0119\u0142a udzia\u0142 w Og\u00f3lnopolskich Zawodach Modeli [&hellip;]<\/p>\n","protected":false},"author":2,"featured_media":0,"parent":5983,"menu_order":0,"comment_status":"closed","ping_status":"closed","template":"","meta":{"ngg_post_thumbnail":0,"footnotes":""},"class_list":["post-12840","page","type-page","status-publish","hentry"],"_links":{"self":[{"href":"https:\/\/sp1hrubieszow.pl\/index.php\/wp-json\/wp\/v2\/pages\/12840","targetHints":{"allow":["GET"]}}],"collection":[{"href":"https:\/\/sp1hrubieszow.pl\/index.php\/wp-json\/wp\/v2\/pages"}],"about":[{"href":"https:\/\/sp1hrubieszow.pl\/index.php\/wp-json\/wp\/v2\/types\/page"}],"author":[{"embeddable":true,"href":"https:\/\/sp1hrubieszow.pl\/index.php\/wp-json\/wp\/v2\/users\/2"}],"replies":[{"embeddable":true,"href":"https:\/\/sp1hrubieszow.pl\/index.php\/wp-json\/wp\/v2\/comments?post=12840"}],"version-history":[{"count":2,"href":"https:\/\/sp1hrubieszow.pl\/index.php\/wp-json\/wp\/v2\/pages\/12840\/revisions"}],"predecessor-version":[{"id":12842,"href":"https:\/\/sp1hrubieszow.pl\/index.php\/wp-json\/wp\/v2\/pages\/12840\/revisions\/12842"}],"up":[{"embeddable":true,"href":"https:\/\/sp1hrubieszow.pl\/index.php\/wp-json\/wp\/v2\/pages\/5983"}],"wp:attachment":[{"href":"https:\/\/sp1hrubieszow.pl\/index.php\/wp-json\/wp\/v2\/media?parent=12840"}],"curies":[{"name":"wp","href":"https:\/\/api.w.org\/{rel}","templated":true}]}}