{"id":12769,"date":"2021-11-18T15:49:35","date_gmt":"2021-11-18T14:49:35","guid":{"rendered":"http:\/\/sp1.hrubieszow.info\/?page_id=12769"},"modified":"2021-11-18T15:49:53","modified_gmt":"2021-11-18T14:49:53","slug":"konsultacje-dla-mlodych","status":"publish","type":"page","link":"https:\/\/sp1hrubieszow.pl\/index.php\/kronika-2020-2021\/konsultacje-dla-mlodych\/","title":{"rendered":"Konsultacje dla m\u0142odych"},"content":{"rendered":"\n<p><span style=\"color: #000080;\">Ju\u017c 25 listopada odb\u0119d\u0105 si\u0119 konsultacje \u201eStrategii RP na rzecz M\u0142odego Pokolenia\u201d?? dla wojew\u00f3dztwa lubelskiego. Zdecyduj jaka b\u0119dzie przysz\u0142o\u015b\u0107 m\u0142odego pokolenia. Zapisz si\u0119 na #KonsultacjeDlaM\u0142odych do 24.11 do godz. 12:00.<\/span><\/p>\n<p><span style=\"color: #000080;\">Link do formularza tutaj?<a href=\"https:\/\/strategiamlodych16.webankieta.pl\/\">https:\/\/strategiamlodych16.webankieta.pl\/<\/a><\/span><\/p>\n<p><strong><span style=\"color: #000080;\"><a style=\"color: #000080;\" href=\"http:\/\/sp1.hrubieszow.info\/wp-content\/uploads\/2021\/11\/Konsultacje-strategii-dla-mlodych-w-woj.docx\">Konsultacje strategii dla m\u0142odych w woj<\/a><\/span><\/strong><\/p>\n","protected":false},"excerpt":{"rendered":"<p>Ju\u017c 25 listopada odb\u0119d\u0105 si\u0119 konsultacje \u201eStrategii RP na rzecz M\u0142odego Pokolenia\u201d?? dla wojew\u00f3dztwa lubelskiego. Zdecyduj jaka b\u0119dzie przysz\u0142o\u015b\u0107 m\u0142odego pokolenia. Zapisz si\u0119 na #KonsultacjeDlaM\u0142odych do 24.11 do godz. 12:00. Link do formularza tutaj?https:\/\/strategiamlodych16.webankieta.pl\/ Konsultacje strategii dla m\u0142odych w woj<\/p>\n","protected":false},"author":2,"featured_media":0,"parent":5983,"menu_order":0,"comment_status":"closed","ping_status":"closed","template":"","meta":{"ngg_post_thumbnail":0,"footnotes":""},"class_list":["post-12769","page","type-page","status-publish","hentry"],"_links":{"self":[{"href":"https:\/\/sp1hrubieszow.pl\/index.php\/wp-json\/wp\/v2\/pages\/12769","targetHints":{"allow":["GET"]}}],"collection":[{"href":"https:\/\/sp1hrubieszow.pl\/index.php\/wp-json\/wp\/v2\/pages"}],"about":[{"href":"https:\/\/sp1hrubieszow.pl\/index.php\/wp-json\/wp\/v2\/types\/page"}],"author":[{"embeddable":true,"href":"https:\/\/sp1hrubieszow.pl\/index.php\/wp-json\/wp\/v2\/users\/2"}],"replies":[{"embeddable":true,"href":"https:\/\/sp1hrubieszow.pl\/index.php\/wp-json\/wp\/v2\/comments?post=12769"}],"version-history":[{"count":1,"href":"https:\/\/sp1hrubieszow.pl\/index.php\/wp-json\/wp\/v2\/pages\/12769\/revisions"}],"predecessor-version":[{"id":12770,"href":"https:\/\/sp1hrubieszow.pl\/index.php\/wp-json\/wp\/v2\/pages\/12769\/revisions\/12770"}],"up":[{"embeddable":true,"href":"https:\/\/sp1hrubieszow.pl\/index.php\/wp-json\/wp\/v2\/pages\/5983"}],"wp:attachment":[{"href":"https:\/\/sp1hrubieszow.pl\/index.php\/wp-json\/wp\/v2\/media?parent=12769"}],"curies":[{"name":"wp","href":"https:\/\/api.w.org\/{rel}","templated":true}]}}