{"id":12760,"date":"2021-11-16T17:32:45","date_gmt":"2021-11-16T16:32:45","guid":{"rendered":"http:\/\/sp1.hrubieszow.info\/?page_id=12760"},"modified":"2021-11-18T15:42:25","modified_gmt":"2021-11-18T14:42:25","slug":"profilaktyka","status":"publish","type":"page","link":"https:\/\/sp1hrubieszow.pl\/index.php\/profilaktyka\/","title":{"rendered":"PROFILAKTYKA"},"content":{"rendered":"\n<p><span style=\"color: #000080;\"><strong><a style=\"color: #000080;\" href=\"http:\/\/sp1.hrubieszow.info\/wp-content\/uploads\/2021\/11\/Program-Profilaktyki-Krotkowzrocznosci-u-dzieci.docx\">Program Profilaktyki Kr\u00f3tkowzroczno\u015bci u dzieci<\/a><\/strong><\/span><\/p>\n<p><a href=\"http:\/\/sp1.hrubieszow.info\/wp-content\/uploads\/2021\/11\/Zasady-korzystania-z-opieki-stomatologicznej-dla-dzieci-i-mlodziezy.docx\"><span style=\"color: #000080;\"><strong>Zasady korzystania z opieki stomatologicznej dla dzieci i m\u0142odzie\u017cy<\/strong><\/span><\/a><\/p>\n<p><span style=\"color: #000080;\"><strong><a style=\"color: #000080;\" href=\"http:\/\/sp1.hrubieszow.info\/wp-content\/uploads\/2021\/11\/Zasady-korzystania-z-opieki-progilaktycznej-dla-dzieci-i-mlodziezy.docx\">Zasady korzystania z opieki progilaktycznej dla dzieci i m\u0142odzie\u017cy<\/a><\/strong><\/span><\/p>\n","protected":false},"excerpt":{"rendered":"<p>Program Profilaktyki Kr\u00f3tkowzroczno\u015bci u dzieci Zasady korzystania z opieki stomatologicznej dla dzieci i m\u0142odzie\u017cy Zasady korzystania z opieki progilaktycznej dla dzieci i m\u0142odzie\u017cy<\/p>\n","protected":false},"author":2,"featured_media":0,"parent":0,"menu_order":0,"comment_status":"closed","ping_status":"closed","template":"","meta":{"ngg_post_thumbnail":0,"footnotes":""},"class_list":["post-12760","page","type-page","status-publish","hentry"],"_links":{"self":[{"href":"https:\/\/sp1hrubieszow.pl\/index.php\/wp-json\/wp\/v2\/pages\/12760","targetHints":{"allow":["GET"]}}],"collection":[{"href":"https:\/\/sp1hrubieszow.pl\/index.php\/wp-json\/wp\/v2\/pages"}],"about":[{"href":"https:\/\/sp1hrubieszow.pl\/index.php\/wp-json\/wp\/v2\/types\/page"}],"author":[{"embeddable":true,"href":"https:\/\/sp1hrubieszow.pl\/index.php\/wp-json\/wp\/v2\/users\/2"}],"replies":[{"embeddable":true,"href":"https:\/\/sp1hrubieszow.pl\/index.php\/wp-json\/wp\/v2\/comments?post=12760"}],"version-history":[{"count":3,"href":"https:\/\/sp1hrubieszow.pl\/index.php\/wp-json\/wp\/v2\/pages\/12760\/revisions"}],"predecessor-version":[{"id":12767,"href":"https:\/\/sp1hrubieszow.pl\/index.php\/wp-json\/wp\/v2\/pages\/12760\/revisions\/12767"}],"wp:attachment":[{"href":"https:\/\/sp1hrubieszow.pl\/index.php\/wp-json\/wp\/v2\/media?parent=12760"}],"curies":[{"name":"wp","href":"https:\/\/api.w.org\/{rel}","templated":true}]}}