{"id":12709,"date":"2021-11-15T14:35:26","date_gmt":"2021-11-15T13:35:26","guid":{"rendered":"http:\/\/sp1.hrubieszow.info\/?page_id=12709"},"modified":"2021-11-15T14:35:45","modified_gmt":"2021-11-15T13:35:45","slug":"klasa-1c-swieto-niepodleglosci","status":"publish","type":"page","link":"https:\/\/sp1hrubieszow.pl\/index.php\/kronika-2020-2021\/klasa-1c-swieto-niepodleglosci\/","title":{"rendered":"Klasa 1c &#8211; \u015awi\u0119to Niepodleg\u0142o\u015bci"},"content":{"rendered":"\n<p><span style=\"color: #000080;\">KTO TY JESTE\u015a?&nbsp;<\/span><\/p>\n<p><span style=\"color: #000080;\">POLAK MA\u0141Y.<\/span><\/p>\n<p><span style=\"color: #000080;\">Pod tym has\u0142em klasa 1C w\u0142\u0105czy\u0142a si\u0119 we wsp\u00f3lne \u015bwi\u0119towanie kolejnej rocznicy odzyskania niepodleg\u0142o\u015bci przez Polsk\u0119 i o godzinie 11.11 wzi\u0119\u0142a udzia\u0142 w akcji &#8222;Szko\u0142a do hymnu 2021&#8221;. Uczniowie obejrzeli tez film edukacyjny zwi\u0105zany z histori\u0105 Polski i Narodowym \u015awi\u0119tem Niepodleg\u0142o\u015bci.&nbsp;<\/span><\/p>\nngg_shortcode_0_placeholder\n<p>&nbsp;<\/p>\n","protected":false},"excerpt":{"rendered":"<p>KTO TY JESTE\u015a?&nbsp; POLAK MA\u0141Y. Pod tym has\u0142em klasa 1C w\u0142\u0105czy\u0142a si\u0119 we wsp\u00f3lne \u015bwi\u0119towanie kolejnej rocznicy odzyskania niepodleg\u0142o\u015bci przez Polsk\u0119 i o godzinie 11.11 wzi\u0119\u0142a udzia\u0142 w akcji &#8222;Szko\u0142a do hymnu 2021&#8221;. Uczniowie obejrzeli tez film edukacyjny zwi\u0105zany z histori\u0105 Polski i Narodowym \u015awi\u0119tem Niepodleg\u0142o\u015bci.&nbsp; &nbsp;<\/p>\n","protected":false},"author":2,"featured_media":0,"parent":5983,"menu_order":0,"comment_status":"closed","ping_status":"closed","template":"","meta":{"ngg_post_thumbnail":0,"footnotes":""},"class_list":["post-12709","page","type-page","status-publish","hentry"],"_links":{"self":[{"href":"https:\/\/sp1hrubieszow.pl\/index.php\/wp-json\/wp\/v2\/pages\/12709","targetHints":{"allow":["GET"]}}],"collection":[{"href":"https:\/\/sp1hrubieszow.pl\/index.php\/wp-json\/wp\/v2\/pages"}],"about":[{"href":"https:\/\/sp1hrubieszow.pl\/index.php\/wp-json\/wp\/v2\/types\/page"}],"author":[{"embeddable":true,"href":"https:\/\/sp1hrubieszow.pl\/index.php\/wp-json\/wp\/v2\/users\/2"}],"replies":[{"embeddable":true,"href":"https:\/\/sp1hrubieszow.pl\/index.php\/wp-json\/wp\/v2\/comments?post=12709"}],"version-history":[{"count":1,"href":"https:\/\/sp1hrubieszow.pl\/index.php\/wp-json\/wp\/v2\/pages\/12709\/revisions"}],"predecessor-version":[{"id":12710,"href":"https:\/\/sp1hrubieszow.pl\/index.php\/wp-json\/wp\/v2\/pages\/12709\/revisions\/12710"}],"up":[{"embeddable":true,"href":"https:\/\/sp1hrubieszow.pl\/index.php\/wp-json\/wp\/v2\/pages\/5983"}],"wp:attachment":[{"href":"https:\/\/sp1hrubieszow.pl\/index.php\/wp-json\/wp\/v2\/media?parent=12709"}],"curies":[{"name":"wp","href":"https:\/\/api.w.org\/{rel}","templated":true}]}}