{"id":12692,"date":"2021-11-15T13:46:21","date_gmt":"2021-11-15T12:46:21","guid":{"rendered":"http:\/\/sp1.hrubieszow.info\/?page_id=12692"},"modified":"2021-11-15T13:48:41","modified_gmt":"2021-11-15T12:48:41","slug":"mapa-karier-zaprasza-do-poznania-tajnikow-pracy-inzynierow-budowy","status":"publish","type":"page","link":"https:\/\/sp1hrubieszow.pl\/index.php\/kronika-2020-2021\/mapa-karier-zaprasza-do-poznania-tajnikow-pracy-inzynierow-budowy\/","title":{"rendered":"Mapa Karier zaprasza do poznania tajnik\u00f3w pracy in\u017cynier\u00f3w budowy"},"content":{"rendered":"\n<p><span style=\"color: #000080;\">Ju\u017c w czwartek, <strong>18 listopada o godz. 18:00<\/strong> Mapa Karier zaprasza do poznania tajnik\u00f3w pracy in\u017cynier\u00f3w budowy .<\/span><\/p>\n<p><span style=\"color: #000080;\">Aby wys\u0142ucha\u0107 wywiadu, wystarczy w terminie spotkania wej\u015b\u0107 na kana\u0142 #ZawodowyStream:&nbsp;<strong>https:\/\/youtu.be\/kHLdNd-dhKM<\/strong><\/span><br><span style=\"color: #000080;\">Podczas streamu dowiesz si\u0119 m. in.:<\/span><br><span style=\"color: #000080;\">&#8211; jak wygl\u0105da praca w du\u017cej firmie budowlanej i czy to perspektywiczny kierunek rozwoju;<\/span><br><span style=\"color: #000080;\">&#8211; co trzeba umie\u0107 i jakie szko\u0142y uko\u0144czy\u0107, aby zosta\u0107 in\u017cynierem budowy;<\/span><br><span style=\"color: #000080;\">&#8211; jakie s\u0105 g\u0142\u00f3wne wyzwania w pracy in\u017cyniera budowy;<\/span><br><span style=\"color: #000080;\">&#8211; jak radz\u0105 sobie kobiety w bran\u017cy uznawanej za typowo m\u0119sk\u0105;<\/span><br><span style=\"color: #000080;\">&#8211; w jaki spos\u00f3b bran\u017ca budowlana wykorzystuje nowoczesne technologie.<\/span><\/p>\n<p><span style=\"color: #000080;\">Mapa Karier realizuje spotkanie we wsp\u00f3\u0142pracy z firm\u0105 STRABAG.<\/span><\/p>\n<p style=\"text-align: right;\"><span style=\"color: #000080;\">Zach\u0119cam uczni\u00f3w i nauczycieli do obejrzenia. Arleta Kowalska<\/span><\/p>\n<p><span style=\"color: #000080;\"><strong><a style=\"color: #000080;\" href=\"http:\/\/sp1.hrubieszow.info\/wp-content\/uploads\/2021\/11\/Zawodowy-stream-informacja.docx\">Zawodowy stream informacja<\/a><\/strong><\/span><\/p>\n","protected":false},"excerpt":{"rendered":"<p>Ju\u017c w czwartek, 18 listopada o godz. 18:00 Mapa Karier zaprasza do poznania tajnik\u00f3w pracy in\u017cynier\u00f3w budowy . Aby wys\u0142ucha\u0107 wywiadu, wystarczy w terminie spotkania wej\u015b\u0107 na kana\u0142 #ZawodowyStream:&nbsp;https:\/\/youtu.be\/kHLdNd-dhKMPodczas streamu dowiesz si\u0119 m. in.:&#8211; jak wygl\u0105da praca w du\u017cej firmie budowlanej i czy to perspektywiczny kierunek rozwoju;&#8211; co trzeba umie\u0107 i jakie szko\u0142y uko\u0144czy\u0107, aby [&hellip;]<\/p>\n","protected":false},"author":2,"featured_media":0,"parent":5983,"menu_order":0,"comment_status":"closed","ping_status":"closed","template":"","meta":{"ngg_post_thumbnail":0,"footnotes":""},"class_list":["post-12692","page","type-page","status-publish","hentry"],"_links":{"self":[{"href":"https:\/\/sp1hrubieszow.pl\/index.php\/wp-json\/wp\/v2\/pages\/12692","targetHints":{"allow":["GET"]}}],"collection":[{"href":"https:\/\/sp1hrubieszow.pl\/index.php\/wp-json\/wp\/v2\/pages"}],"about":[{"href":"https:\/\/sp1hrubieszow.pl\/index.php\/wp-json\/wp\/v2\/types\/page"}],"author":[{"embeddable":true,"href":"https:\/\/sp1hrubieszow.pl\/index.php\/wp-json\/wp\/v2\/users\/2"}],"replies":[{"embeddable":true,"href":"https:\/\/sp1hrubieszow.pl\/index.php\/wp-json\/wp\/v2\/comments?post=12692"}],"version-history":[{"count":2,"href":"https:\/\/sp1hrubieszow.pl\/index.php\/wp-json\/wp\/v2\/pages\/12692\/revisions"}],"predecessor-version":[{"id":12695,"href":"https:\/\/sp1hrubieszow.pl\/index.php\/wp-json\/wp\/v2\/pages\/12692\/revisions\/12695"}],"up":[{"embeddable":true,"href":"https:\/\/sp1hrubieszow.pl\/index.php\/wp-json\/wp\/v2\/pages\/5983"}],"wp:attachment":[{"href":"https:\/\/sp1hrubieszow.pl\/index.php\/wp-json\/wp\/v2\/media?parent=12692"}],"curies":[{"name":"wp","href":"https:\/\/api.w.org\/{rel}","templated":true}]}}