{"id":12687,"date":"2021-11-10T21:48:58","date_gmt":"2021-11-10T20:48:58","guid":{"rendered":"http:\/\/sp1.hrubieszow.info\/?page_id=12687"},"modified":"2021-11-15T14:42:17","modified_gmt":"2021-11-15T13:42:17","slug":"swieto-niepodleglosci-2","status":"publish","type":"page","link":"https:\/\/sp1hrubieszow.pl\/index.php\/kronika-2020-2021\/swieto-niepodleglosci-2\/","title":{"rendered":"\u015awi\u0119to Niepodleg\u0142o\u015bci"},"content":{"rendered":"\n<p style=\"text-align: right;\" align=\"LEFT\"><span class=\"gwpbd85252b_colour\" style=\"color: #000080;\"><span class=\"gwpbd85252b_highlight\">\u201e<span class=\"gwpbd85252b_font\"><span class=\"gwpbd85252b_size\">Dzisiaj wielka jest rocznica<\/span><\/span><\/span><\/span><\/p>\n<p style=\"text-align: right;\" align=\"LEFT\"><span class=\"gwpbd85252b_colour\" style=\"color: #000080;\"><span class=\"gwpbd85252b_highlight\">\u2013&nbsp;<span class=\"gwpbd85252b_font\"><span class=\"gwpbd85252b_size\">11 listopada!<\/span><\/span><\/span><\/span><\/p>\n<p style=\"text-align: right;\" align=\"LEFT\"><span class=\"gwpbd85252b_colour\" style=\"color: #000080;\"><span class=\"gwpbd85252b_font\"><span class=\"gwpbd85252b_size\"><span class=\"gwpbd85252b_highlight\">Tym, co zmarli za Ojczyzn\u0119,<\/span><\/span><\/span><\/span><\/p>\n<p style=\"text-align: right;\" align=\"LEFT\"><span class=\"gwpbd85252b_colour\" style=\"color: #000080;\"><span class=\"gwpbd85252b_font\"><span class=\"gwpbd85252b_size\"><span class=\"gwpbd85252b_highlight\">Ho\u0142d wdzi\u0119czno\u015bci Polska sk\u0142ada.&#8221;<\/span><\/span><\/span><\/span><\/p>\n<div><span class=\"gwpbd85252b_colour\" style=\"color: #000080;\"><span class=\"gwpbd85252b_font\"><span class=\"gwpbd85252b_size\"><span class=\"gwpbd85252b_highlight\">11&nbsp;<span style=\"font-family: Arial;\">listopada<\/span>&nbsp;&#8211; \u015awi\u0119to Niepodleg\u0142o\u015bci.&nbsp;<span style=\"font-family: Arial;\">Wyj\u0105tkowy<\/span>&nbsp;dzie\u0144 dla ka\u017cdego Polaka &#8211; patrioty. Nasza spo\u0142eczno\u015b\u0107 szkolna zawsze pami\u0119ta o tych, dzi\u0119ki kt\u00f3rym \u017cyjemy w wolnym kraju. Dostosowuj\u0105c si\u0119 jednak do obostrze\u0144 sanitarnych,&nbsp;<span style=\"font-family: Arial;\">nie zorganizowali\u015bmy<\/span>&nbsp;&nbsp;uroczystej akademii, ale&nbsp;<span style=\"font-family: Arial;\">u\u015bwi\u0119cili\u015bmy<\/span>&nbsp;ten&nbsp;<span style=\"font-family: Arial;\">dzie\u0144<\/span> na miar\u0119 naszych mo\u017cliwo\u015bci. Rano przedstawiciele MSU z\u0142o\u017cyli kwiaty na cmentarzu wojskowym. Panie w bibliotece przygotowa\u0142y tematyczn\u0105 wystawk\u0119 ksi\u0105\u017cek.&nbsp;<\/span><\/span><\/span><\/span><\/div>\n<div><span class=\"gwpbd85252b_colour\" style=\"color: #000080;\"><span class=\"gwpbd85252b_font\"><span class=\"gwpbd85252b_size\"><span class=\"gwpbd85252b_highlight\">O&nbsp;<span style=\"font-family: Arial;\">godzinie<\/span>&nbsp;11.11&nbsp;<span style=\"font-family: Arial;\">wszystkie<\/span> klasy&nbsp; od\u015bpiewa\u0142y hymn w\u0142\u0105czaj\u0105c si\u0119 w akcj\u0119 &#8222;Szko\u0142a do hymnu&#8221;. Klasa 3b wraz z wychowawc\u0105 p. Jolant\u0105 Podlewsk\u0105&nbsp; hymn od\u015bpiewa\u0142a na wojskowym cmentarzu , gdzie uczniowie zapalili tak\u017ce znicze oraz zanie\u015bli samodzielnie wykonane flagi.<\/span><\/span><\/span><\/span><\/div>\n<div>\n<div style=\"width: 625px;\" class=\"wp-video\"><video class=\"wp-video-shortcode\" id=\"video-12687-1\" width=\"625\" height=\"359\" preload=\"metadata\" controls=\"controls\"><source type=\"video\/mp4\" src=\"http:\/\/sp1.hrubieszow.info\/wp-content\/uploads\/2021\/11\/video-1636574059.mp4?_=1\" \/><a href=\"http:\/\/sp1.hrubieszow.info\/wp-content\/uploads\/2021\/11\/video-1636574059.mp4\">http:\/\/sp1.hrubieszow.info\/wp-content\/uploads\/2021\/11\/video-1636574059.mp4<\/a><\/video><\/div>\n<\/div>\n<div><span class=\"gwpbd85252b_colour\" style=\"color: #000080;\"><span class=\"gwpbd85252b_font\"><span class=\"gwpbd85252b_size\"><span class=\"gwpbd85252b_highlight\"><span style=\"font-family: Arial;\">Natomiast<\/span> uczniowie klasy 1b pod opiek\u0105 p. Moniki Korneluk oraz uczniowie klasy 4b pod opiek\u0105 p. <span style=\"font-family: Arial;\">Marty<\/span> Lackowskiej&nbsp; przygotowali kr\u00f3tkie nagrania wierszy i piosenek patriotycznych, do kt\u00f3rych ods\u0142uchania serdecznie zapraszamy.&nbsp;<\/span><\/span><\/span><\/span><\/div>\n<div>&nbsp;<\/div>\n<div>\n<div style=\"width: 625px;\" class=\"wp-video\"><video class=\"wp-video-shortcode\" id=\"video-12687-2\" width=\"625\" height=\"359\" preload=\"metadata\" controls=\"controls\"><source type=\"video\/mp4\" src=\"http:\/\/sp1.hrubieszow.info\/wp-content\/uploads\/2021\/11\/klasa-1-wiersze.mp4?_=2\" \/><a href=\"http:\/\/sp1.hrubieszow.info\/wp-content\/uploads\/2021\/11\/klasa-1-wiersze.mp4\">http:\/\/sp1.hrubieszow.info\/wp-content\/uploads\/2021\/11\/klasa-1-wiersze.mp4<\/a><\/video><\/div>\n<div style=\"width: 625px;\" class=\"wp-video\"><video class=\"wp-video-shortcode\" id=\"video-12687-3\" width=\"625\" height=\"359\" preload=\"metadata\" controls=\"controls\"><source type=\"video\/mp4\" src=\"http:\/\/sp1.hrubieszow.info\/wp-content\/uploads\/2021\/11\/klasa-1-wiersz.mp4?_=3\" \/><a href=\"http:\/\/sp1.hrubieszow.info\/wp-content\/uploads\/2021\/11\/klasa-1-wiersz.mp4\">http:\/\/sp1.hrubieszow.info\/wp-content\/uploads\/2021\/11\/klasa-1-wiersz.mp4<\/a><\/video><\/div>\n<div style=\"width: 625px;\" class=\"wp-video\"><video class=\"wp-video-shortcode\" id=\"video-12687-4\" width=\"625\" height=\"359\" preload=\"metadata\" controls=\"controls\"><source type=\"video\/mp4\" src=\"http:\/\/sp1.hrubieszow.info\/wp-content\/uploads\/2021\/11\/klasa-4.mp4?_=4\" \/><a href=\"http:\/\/sp1.hrubieszow.info\/wp-content\/uploads\/2021\/11\/klasa-4.mp4\">http:\/\/sp1.hrubieszow.info\/wp-content\/uploads\/2021\/11\/klasa-4.mp4<\/a><\/video><\/div>\nngg_shortcode_0_placeholder\n<\/div>\n<div>&nbsp;<\/div>\n<div>\nngg_shortcode_1_placeholder\n<\/div>\n","protected":false},"excerpt":{"rendered":"<p>\u201eDzisiaj wielka jest rocznica \u2013&nbsp;11 listopada! Tym, co zmarli za Ojczyzn\u0119, Ho\u0142d wdzi\u0119czno\u015bci Polska sk\u0142ada.&#8221; 11&nbsp;listopada&nbsp;&#8211; \u015awi\u0119to Niepodleg\u0142o\u015bci.&nbsp;Wyj\u0105tkowy&nbsp;dzie\u0144 dla ka\u017cdego Polaka &#8211; patrioty. Nasza spo\u0142eczno\u015b\u0107 szkolna zawsze pami\u0119ta o tych, dzi\u0119ki kt\u00f3rym \u017cyjemy w wolnym kraju. Dostosowuj\u0105c si\u0119 jednak do obostrze\u0144 sanitarnych,&nbsp;nie zorganizowali\u015bmy&nbsp;&nbsp;uroczystej akademii, ale&nbsp;u\u015bwi\u0119cili\u015bmy&nbsp;ten&nbsp;dzie\u0144 na miar\u0119 naszych mo\u017cliwo\u015bci. Rano przedstawiciele MSU z\u0142o\u017cyli kwiaty na [&hellip;]<\/p>\n","protected":false},"author":2,"featured_media":0,"parent":5983,"menu_order":0,"comment_status":"closed","ping_status":"closed","template":"","meta":{"ngg_post_thumbnail":0,"footnotes":""},"class_list":["post-12687","page","type-page","status-publish","hentry"],"_links":{"self":[{"href":"https:\/\/sp1hrubieszow.pl\/index.php\/wp-json\/wp\/v2\/pages\/12687","targetHints":{"allow":["GET"]}}],"collection":[{"href":"https:\/\/sp1hrubieszow.pl\/index.php\/wp-json\/wp\/v2\/pages"}],"about":[{"href":"https:\/\/sp1hrubieszow.pl\/index.php\/wp-json\/wp\/v2\/types\/page"}],"author":[{"embeddable":true,"href":"https:\/\/sp1hrubieszow.pl\/index.php\/wp-json\/wp\/v2\/users\/2"}],"replies":[{"embeddable":true,"href":"https:\/\/sp1hrubieszow.pl\/index.php\/wp-json\/wp\/v2\/comments?post=12687"}],"version-history":[{"count":4,"href":"https:\/\/sp1hrubieszow.pl\/index.php\/wp-json\/wp\/v2\/pages\/12687\/revisions"}],"predecessor-version":[{"id":12717,"href":"https:\/\/sp1hrubieszow.pl\/index.php\/wp-json\/wp\/v2\/pages\/12687\/revisions\/12717"}],"up":[{"embeddable":true,"href":"https:\/\/sp1hrubieszow.pl\/index.php\/wp-json\/wp\/v2\/pages\/5983"}],"wp:attachment":[{"href":"https:\/\/sp1hrubieszow.pl\/index.php\/wp-json\/wp\/v2\/media?parent=12687"}],"curies":[{"name":"wp","href":"https:\/\/api.w.org\/{rel}","templated":true}]}}