{"id":12669,"date":"2021-11-10T21:06:39","date_gmt":"2021-11-10T20:06:39","guid":{"rendered":"http:\/\/sp1.hrubieszow.info\/?page_id=12669"},"modified":"2021-11-10T21:07:04","modified_gmt":"2021-11-10T20:07:04","slug":"dzien-postaci-z-bajek","status":"publish","type":"page","link":"https:\/\/sp1hrubieszow.pl\/index.php\/kronika-2020-2021\/dzien-postaci-z-bajek\/","title":{"rendered":"Dzie\u0144 Postaci z Bajek"},"content":{"rendered":"\n<p><span style=\"color: #000080;\">5 listopada obchodzili\u015bmy Dzie\u0144 Postaci z Bajek. Z tej okazji panie z biblioteki szkolnej przygotowa\u0142y tematyczn\u0105 wystawk\u0119 ksi\u0105\u017cek. Poza tym przy szkolnej bibliotece pojawi\u0142a si\u0119 \u015bcienna gazetka. Dzieci z klasy 3b w tym dniu zaprezentowa\u0142y si\u0119 w bajkowych strojach. Wygl\u0105da\u0142y pi\u0119knie i kolorowo!&nbsp;Uczniowie klasy 4b, 5a i 5b pisali streszczenie wylosowanej bajki lub ba\u015bni na specjalnie przygotowanych kartach pracy. Natomiast uczniowie klasy 8a tworzyli w\u0142asne bajki wg wylosowanych kart Dixit. Okaza\u0142o si\u0119, \u017ce kreatywno\u015b\u0107 to wa\u017cna umiej\u0119tno\u015b\u0107 i \u017ce uczniowie klasy 8a j\u0105 posiadaj\u0105.&nbsp;<\/span><\/p>\nngg_shortcode_0_placeholder\n<p>&nbsp;<\/p>\n<p>&nbsp;<\/p>\n","protected":false},"excerpt":{"rendered":"<p>5 listopada obchodzili\u015bmy Dzie\u0144 Postaci z Bajek. Z tej okazji panie z biblioteki szkolnej przygotowa\u0142y tematyczn\u0105 wystawk\u0119 ksi\u0105\u017cek. Poza tym przy szkolnej bibliotece pojawi\u0142a si\u0119 \u015bcienna gazetka. Dzieci z klasy 3b w tym dniu zaprezentowa\u0142y si\u0119 w bajkowych strojach. Wygl\u0105da\u0142y pi\u0119knie i kolorowo!&nbsp;Uczniowie klasy 4b, 5a i 5b pisali streszczenie wylosowanej bajki lub ba\u015bni na [&hellip;]<\/p>\n","protected":false},"author":2,"featured_media":0,"parent":5983,"menu_order":0,"comment_status":"closed","ping_status":"closed","template":"","meta":{"ngg_post_thumbnail":0,"footnotes":""},"class_list":["post-12669","page","type-page","status-publish","hentry"],"_links":{"self":[{"href":"https:\/\/sp1hrubieszow.pl\/index.php\/wp-json\/wp\/v2\/pages\/12669","targetHints":{"allow":["GET"]}}],"collection":[{"href":"https:\/\/sp1hrubieszow.pl\/index.php\/wp-json\/wp\/v2\/pages"}],"about":[{"href":"https:\/\/sp1hrubieszow.pl\/index.php\/wp-json\/wp\/v2\/types\/page"}],"author":[{"embeddable":true,"href":"https:\/\/sp1hrubieszow.pl\/index.php\/wp-json\/wp\/v2\/users\/2"}],"replies":[{"embeddable":true,"href":"https:\/\/sp1hrubieszow.pl\/index.php\/wp-json\/wp\/v2\/comments?post=12669"}],"version-history":[{"count":1,"href":"https:\/\/sp1hrubieszow.pl\/index.php\/wp-json\/wp\/v2\/pages\/12669\/revisions"}],"predecessor-version":[{"id":12670,"href":"https:\/\/sp1hrubieszow.pl\/index.php\/wp-json\/wp\/v2\/pages\/12669\/revisions\/12670"}],"up":[{"embeddable":true,"href":"https:\/\/sp1hrubieszow.pl\/index.php\/wp-json\/wp\/v2\/pages\/5983"}],"wp:attachment":[{"href":"https:\/\/sp1hrubieszow.pl\/index.php\/wp-json\/wp\/v2\/media?parent=12669"}],"curies":[{"name":"wp","href":"https:\/\/api.w.org\/{rel}","templated":true}]}}