{"id":12618,"date":"2021-11-10T20:06:36","date_gmt":"2021-11-10T19:06:36","guid":{"rendered":"http:\/\/sp1.hrubieszow.info\/?page_id=12618"},"modified":"2021-11-10T20:07:39","modified_gmt":"2021-11-10T19:07:39","slug":"zajecia-z-kodowania-jako-wstep-do-programowania","status":"publish","type":"page","link":"https:\/\/sp1hrubieszow.pl\/index.php\/kronika-2020-2021\/zajecia-z-kodowania-jako-wstep-do-programowania\/","title":{"rendered":"Zaj\u0119cia z kodowania &#8211; jako wst\u0119p do programowania"},"content":{"rendered":"\n<p><span style=\"color: #000080;\">8 listopada 2021r. uczniowie klasy 1b oraz 2a ju\u017c po raz kolejny uczestniczyli w zaj\u0119ciach z kodowania, prowadzonych przez p. Aleksandr\u0119 Kopczy\u0144sk\u0105 pracownika MBP w Hrubieszowie. Podczas zabaw w kodowanie dzieci tworzy\u0142y trasy dla ozobot\u00f3w, omawia\u0142y tre\u015bci patriotyczne, a przede wszystkim rozwija\u0142y umiej\u0119tno\u015b\u0107 logicznego i kreatywnego my\u015blenia. Wszyscy uczniowie bardzo ch\u0119tnie i aktywnie uczestniczyli w zaj\u0119ciach, wykazywali si\u0119 tw\u00f3rcz\u0105 postaw\u0105, dociekliwo\u015bci\u0105&nbsp;i wytrwa\u0142o\u015bci\u0105 potrzebn\u0105 do osi\u0105gni\u0119cia celu. &nbsp;&nbsp;<\/span><\/p>\nngg_shortcode_0_placeholder\n","protected":false},"excerpt":{"rendered":"<p>8 listopada 2021r. uczniowie klasy 1b oraz 2a ju\u017c po raz kolejny uczestniczyli w zaj\u0119ciach z kodowania, prowadzonych przez p. Aleksandr\u0119 Kopczy\u0144sk\u0105 pracownika MBP w Hrubieszowie. Podczas zabaw w kodowanie dzieci tworzy\u0142y trasy dla ozobot\u00f3w, omawia\u0142y tre\u015bci patriotyczne, a przede wszystkim rozwija\u0142y umiej\u0119tno\u015b\u0107 logicznego i kreatywnego my\u015blenia. Wszyscy uczniowie bardzo ch\u0119tnie i aktywnie uczestniczyli w [&hellip;]<\/p>\n","protected":false},"author":2,"featured_media":0,"parent":5983,"menu_order":0,"comment_status":"closed","ping_status":"closed","template":"","meta":{"ngg_post_thumbnail":0,"footnotes":""},"class_list":["post-12618","page","type-page","status-publish","hentry"],"_links":{"self":[{"href":"https:\/\/sp1hrubieszow.pl\/index.php\/wp-json\/wp\/v2\/pages\/12618","targetHints":{"allow":["GET"]}}],"collection":[{"href":"https:\/\/sp1hrubieszow.pl\/index.php\/wp-json\/wp\/v2\/pages"}],"about":[{"href":"https:\/\/sp1hrubieszow.pl\/index.php\/wp-json\/wp\/v2\/types\/page"}],"author":[{"embeddable":true,"href":"https:\/\/sp1hrubieszow.pl\/index.php\/wp-json\/wp\/v2\/users\/2"}],"replies":[{"embeddable":true,"href":"https:\/\/sp1hrubieszow.pl\/index.php\/wp-json\/wp\/v2\/comments?post=12618"}],"version-history":[{"count":1,"href":"https:\/\/sp1hrubieszow.pl\/index.php\/wp-json\/wp\/v2\/pages\/12618\/revisions"}],"predecessor-version":[{"id":12619,"href":"https:\/\/sp1hrubieszow.pl\/index.php\/wp-json\/wp\/v2\/pages\/12618\/revisions\/12619"}],"up":[{"embeddable":true,"href":"https:\/\/sp1hrubieszow.pl\/index.php\/wp-json\/wp\/v2\/pages\/5983"}],"wp:attachment":[{"href":"https:\/\/sp1hrubieszow.pl\/index.php\/wp-json\/wp\/v2\/media?parent=12618"}],"curies":[{"name":"wp","href":"https:\/\/api.w.org\/{rel}","templated":true}]}}