{"id":12570,"date":"2021-11-09T18:36:19","date_gmt":"2021-11-09T17:36:19","guid":{"rendered":"http:\/\/sp1.hrubieszow.info\/?page_id=12570"},"modified":"2021-11-09T18:38:57","modified_gmt":"2021-11-09T17:38:57","slug":"konkurs-list-do-bohatera-literackiego","status":"publish","type":"page","link":"https:\/\/sp1hrubieszow.pl\/index.php\/kronika-2020-2021\/konkurs-list-do-bohatera-literackiego\/","title":{"rendered":"Konkurs &#8222;List do bohatera literackiego&#8221;"},"content":{"rendered":"\n<p style=\"text-align: left;\"><span style=\"color: #000080;\">08 listopada zosta\u0142y wr\u0119czone nagrody dla zwyci\u0119zc\u00f3w konkursu polonistycznego &#8222;List do bohatera literackiego&#8221;. Konkurs zosta\u0142 zorganizowany 08 pa\u017adziernika z okazji Mi\u0119dzynarodowego Dnia Pisania List\u00f3w. Listy zosta\u0142y najpierw sprawdzone przez nauczycieli polonist\u00f3w. Nauczyciele z ka\u017cdej klasy wybrali trzy najlepsze ich zdaniem prace. Nast\u0119pnie prace ocenia\u0142a komisja konkursowa, czyli nasze niezawodne panie z biblioteki szkolnej: p Monika Anigacz, p. Anna Czernysz i p. Syliwa Wojak. <\/span><br><span style=\"color: #000080;\">Komisja nagrodzi\u0142a nast\u0119puj\u0105cych uczni\u00f3w:<\/span><br><span style=\"color: #000080;\">I miejsce &#8211; Filip Szczepanik kl. 8d<\/span><br><span style=\"color: #000080;\">II miejsce &#8211; Maja Klimkowska kl. 4a<\/span><br><span style=\"color: #000080;\">III miejsce &#8211; Miko\u0142aj Karpiuk kl. 4b<\/span><br><span style=\"color: #000080;\">wyr\u00f3\u017cnienia: Nikola Pietryna kl. 5b, Kaja Grosman kl. 8a, Martyna Czajka kl 8c.<\/span><br><span style=\"color: #000080;\">Wszystkim gratulujemy i mamy nadziej\u0119, \u017ce pi\u0119kna sztuka pisania list\u00f3w, w \u015bwiecie sms i wiadomo\u015bci e-mail, nie zaginie.<\/span><\/p>\n<p style=\"text-align: right;\"><br><span style=\"color: #000080;\">Organizator konkursu<\/span><br><span style=\"color: #000080;\">Marta Lackowska<\/span><\/p>\nngg_shortcode_0_placeholder\n","protected":false},"excerpt":{"rendered":"<p>08 listopada zosta\u0142y wr\u0119czone nagrody dla zwyci\u0119zc\u00f3w konkursu polonistycznego &#8222;List do bohatera literackiego&#8221;. Konkurs zosta\u0142 zorganizowany 08 pa\u017adziernika z okazji Mi\u0119dzynarodowego Dnia Pisania List\u00f3w. Listy zosta\u0142y najpierw sprawdzone przez nauczycieli polonist\u00f3w. Nauczyciele z ka\u017cdej klasy wybrali trzy najlepsze ich zdaniem prace. Nast\u0119pnie prace ocenia\u0142a komisja konkursowa, czyli nasze niezawodne panie z biblioteki szkolnej: p Monika [&hellip;]<\/p>\n","protected":false},"author":2,"featured_media":0,"parent":5983,"menu_order":0,"comment_status":"closed","ping_status":"closed","template":"","meta":{"ngg_post_thumbnail":0,"footnotes":""},"class_list":["post-12570","page","type-page","status-publish","hentry"],"_links":{"self":[{"href":"https:\/\/sp1hrubieszow.pl\/index.php\/wp-json\/wp\/v2\/pages\/12570","targetHints":{"allow":["GET"]}}],"collection":[{"href":"https:\/\/sp1hrubieszow.pl\/index.php\/wp-json\/wp\/v2\/pages"}],"about":[{"href":"https:\/\/sp1hrubieszow.pl\/index.php\/wp-json\/wp\/v2\/types\/page"}],"author":[{"embeddable":true,"href":"https:\/\/sp1hrubieszow.pl\/index.php\/wp-json\/wp\/v2\/users\/2"}],"replies":[{"embeddable":true,"href":"https:\/\/sp1hrubieszow.pl\/index.php\/wp-json\/wp\/v2\/comments?post=12570"}],"version-history":[{"count":3,"href":"https:\/\/sp1hrubieszow.pl\/index.php\/wp-json\/wp\/v2\/pages\/12570\/revisions"}],"predecessor-version":[{"id":12575,"href":"https:\/\/sp1hrubieszow.pl\/index.php\/wp-json\/wp\/v2\/pages\/12570\/revisions\/12575"}],"up":[{"embeddable":true,"href":"https:\/\/sp1hrubieszow.pl\/index.php\/wp-json\/wp\/v2\/pages\/5983"}],"wp:attachment":[{"href":"https:\/\/sp1hrubieszow.pl\/index.php\/wp-json\/wp\/v2\/media?parent=12570"}],"curies":[{"name":"wp","href":"https:\/\/api.w.org\/{rel}","templated":true}]}}