{"id":12557,"date":"2021-11-09T18:05:29","date_gmt":"2021-11-09T17:05:29","guid":{"rendered":"http:\/\/sp1.hrubieszow.info\/?page_id=12557"},"modified":"2021-11-09T18:05:45","modified_gmt":"2021-11-09T17:05:45","slug":"akademia-bezpiecznego-puchatka-spotkanie-z-policjantami","status":"publish","type":"page","link":"https:\/\/sp1hrubieszow.pl\/index.php\/kronika-2020-2021\/akademia-bezpiecznego-puchatka-spotkanie-z-policjantami\/","title":{"rendered":"Akademia Bezpiecznego Puchatka-spotkanie z Policjantami"},"content":{"rendered":"\n<div dir=\"auto\"><span style=\"color: #000080;\">W dniu 08.11.2021r., uczniowie klas pierwszych wzi\u0119li udzia\u0142 w spotkaniu z przedstawicielami KPP w Hrubieszowie. W ramach udzia\u0142u szko\u0142y w og\u00f3lnopolskim programie \u201eAkademia Bezpiecznego Puchatka\u201d, pierwszaki go\u015bci\u0142y u siebie pani\u0105 aspirant sztab. Edyt\u0119 Krystkowiak, kt\u00f3ra przyby\u0142a na spotkanie wraz z sier\u017cantem Lwem-policyjn\u0105 maskotk\u0105. Podczas spotkania uczniowie klas 1a, 1b oraz 1c utrwalali najwa\u017cniejsze zasady bezpiecznego poruszania si\u0119 po drogach z uwzgl\u0119dnieniem znajomo\u015bci zasad ruchu drogowego w zakresie potrzebnym pieszym oraz konieczno\u015bci noszenia element\u00f3w odblaskowym po zmroku. Dzieci przypomnia\u0142y sobie numer telefonu 112, pod kt\u00f3rym mo\u017cna wezwa\u0107 pomoc oraz naby\u0142y umiej\u0119tno\u015bci prawid\u0142owego i uzasadnionego wezwania pomocy na miejsce wypadku. Dodatkowo uczniowie nabyli wiadomo\u015bci, dotycz\u0105ce prawid\u0142owego zachowania si\u0119 w kontakcie z nieznajomymi. Dzieci ch\u0119tnie zadawa\u0142y pytania zaproszonym go\u015bciom i wsp\u00f3lnie<\/span><\/div>\n<div dir=\"auto\"><span style=\"color: #000080;\">z prowadz\u0105cymi utrwali\u0142y najwa\u017cniejsze zasady bezpiecze\u0144stwa na co dzie\u0144. Wiele rado\u015bci sprawi\u0142y dzieciom wsp\u00f3lne zdj\u0119cia z policyjn\u0105 maskotk\u0105. Spotkanie z przedstawicielami Policji jest wst\u0119pem do zaj\u0119\u0107 edukacyjnych, w jakich uczniowie b\u0119d\u0105 uczestniczy\u0107 w ramach programu \u201eAkademia Bezpiecznego Puchatka\u201d.<\/span><\/div>\n<div dir=\"auto\">&nbsp;<\/div>\n<div dir=\"auto\">&nbsp;<\/div>\n<div dir=\"auto\"><span style=\"color: #000080;\">Koordynator programu \u201eAkademia Bezpiecznego Puchatka\u201d w SP Nr 1 w Hrubieszowie-Marta Kuczy\u0144ska, pedagog szkolny<\/span><\/div>\n<div dir=\"auto\">\nngg_shortcode_0_placeholder\n<\/div>\n","protected":false},"excerpt":{"rendered":"<p>W dniu 08.11.2021r., uczniowie klas pierwszych wzi\u0119li udzia\u0142 w spotkaniu z przedstawicielami KPP w Hrubieszowie. W ramach udzia\u0142u szko\u0142y w og\u00f3lnopolskim programie \u201eAkademia Bezpiecznego Puchatka\u201d, pierwszaki go\u015bci\u0142y u siebie pani\u0105 aspirant sztab. Edyt\u0119 Krystkowiak, kt\u00f3ra przyby\u0142a na spotkanie wraz z sier\u017cantem Lwem-policyjn\u0105 maskotk\u0105. Podczas spotkania uczniowie klas 1a, 1b oraz 1c utrwalali najwa\u017cniejsze zasady bezpiecznego [&hellip;]<\/p>\n","protected":false},"author":2,"featured_media":0,"parent":5983,"menu_order":0,"comment_status":"closed","ping_status":"closed","template":"","meta":{"ngg_post_thumbnail":0,"footnotes":""},"class_list":["post-12557","page","type-page","status-publish","hentry"],"_links":{"self":[{"href":"https:\/\/sp1hrubieszow.pl\/index.php\/wp-json\/wp\/v2\/pages\/12557","targetHints":{"allow":["GET"]}}],"collection":[{"href":"https:\/\/sp1hrubieszow.pl\/index.php\/wp-json\/wp\/v2\/pages"}],"about":[{"href":"https:\/\/sp1hrubieszow.pl\/index.php\/wp-json\/wp\/v2\/types\/page"}],"author":[{"embeddable":true,"href":"https:\/\/sp1hrubieszow.pl\/index.php\/wp-json\/wp\/v2\/users\/2"}],"replies":[{"embeddable":true,"href":"https:\/\/sp1hrubieszow.pl\/index.php\/wp-json\/wp\/v2\/comments?post=12557"}],"version-history":[{"count":1,"href":"https:\/\/sp1hrubieszow.pl\/index.php\/wp-json\/wp\/v2\/pages\/12557\/revisions"}],"predecessor-version":[{"id":12558,"href":"https:\/\/sp1hrubieszow.pl\/index.php\/wp-json\/wp\/v2\/pages\/12557\/revisions\/12558"}],"up":[{"embeddable":true,"href":"https:\/\/sp1hrubieszow.pl\/index.php\/wp-json\/wp\/v2\/pages\/5983"}],"wp:attachment":[{"href":"https:\/\/sp1hrubieszow.pl\/index.php\/wp-json\/wp\/v2\/media?parent=12557"}],"curies":[{"name":"wp","href":"https:\/\/api.w.org\/{rel}","templated":true}]}}