{"id":1255,"date":"2019-06-03T11:24:40","date_gmt":"2019-06-03T09:24:40","guid":{"rendered":"http:\/\/sp1.hrubieszow.info\/?page_id=1255"},"modified":"2019-06-03T11:24:40","modified_gmt":"2019-06-03T09:24:40","slug":"spotkania-z-podroznikiem-2019","status":"publish","type":"page","link":"https:\/\/sp1hrubieszow.pl\/index.php\/nauczyciele\/pedagog\/pedagog-2019\/spotkania-z-podroznikiem-2019\/","title":{"rendered":"Spotkania z podr\u00f3\u017cnikiem -2019"},"content":{"rendered":"\n<p style=\"text-align: justify;\"><span style=\"color: #000080;\">Dnia 31.05.2019r. uczniowie grupy \u201e0\u201d oraz klas 1-3 Szko\u0142y Podstawowej Nr 1 <\/span><br><span style=\"color: #000080;\">w Hrubieszowie, uczestniczyli w spotkaniach z podr\u00f3\u017cnikiem, p. Wojciechem Machem.<\/span><\/p>\n<p style=\"text-align: justify;\"><span style=\"color: #000080;\">Pan podr\u00f3\u017cnik opowiedzia\u0142 dzieciom o swoich dalekich i bliskich wyprawach w kraju i za granic\u0105. Zaprezentowa\u0142 zdj\u0119cia, filmy i pami\u0105tki pochodz\u0105ce z poszczeg\u00f3lnych wypraw oraz przybli\u017cy\u0142 tajniki zawodu podr\u00f3\u017cnika. Uczniowie zadawali liczne pytania oraz <\/span><br><span style=\"color: #000080;\">z zainteresowaniem ogl\u0105dali wyposa\u017cenie podr\u00f3\u017cnika.<\/span><\/p>\n<p style=\"text-align: justify;\"><span style=\"color: #000080;\">Spotkania, kt\u00f3re odby\u0142y si\u0119 w \u201eDniu Dziecka\u201d zorganizowano w ramach realizacji zadania:<\/span><br><span style=\"color: #000080;\">\u201eDzie\u0144 szko\u0142y bez przemocy\u201d, z projektu \u201eProfilaktyka na start\u201d, realizowanego w bie\u017c\u0105cym roku szkolnym pod patronatem Gminy Miejskiej Hrubiesz\u00f3w.<\/span><\/p>\n<p style=\"text-align: justify;\">&nbsp;<\/p>\n<p style=\"text-align: justify;\"><span style=\"color: #000080;\">&nbsp;&nbsp;&nbsp;&nbsp;&nbsp;&nbsp;&nbsp;&nbsp;&nbsp;&nbsp;&nbsp; Koordynator programu \u201eProfilaktyka na start\u201d, Marta Kuczy\u0144ska, pedagog szkolny<\/span><\/p>\nngg_shortcode_0_placeholder\n","protected":false},"excerpt":{"rendered":"<p>Dnia 31.05.2019r. uczniowie grupy \u201e0\u201d oraz klas 1-3 Szko\u0142y Podstawowej Nr 1 w Hrubieszowie, uczestniczyli w spotkaniach z podr\u00f3\u017cnikiem, p. Wojciechem Machem. Pan podr\u00f3\u017cnik opowiedzia\u0142 dzieciom o swoich dalekich i bliskich wyprawach w kraju i za granic\u0105. Zaprezentowa\u0142 zdj\u0119cia, filmy i pami\u0105tki pochodz\u0105ce z poszczeg\u00f3lnych wypraw oraz przybli\u017cy\u0142 tajniki zawodu podr\u00f3\u017cnika. Uczniowie zadawali liczne pytania [&hellip;]<\/p>\n","protected":false},"author":1,"featured_media":0,"parent":75,"menu_order":9,"comment_status":"closed","ping_status":"closed","template":"","meta":{"ngg_post_thumbnail":0,"footnotes":""},"class_list":["post-1255","page","type-page","status-publish","hentry"],"_links":{"self":[{"href":"https:\/\/sp1hrubieszow.pl\/index.php\/wp-json\/wp\/v2\/pages\/1255","targetHints":{"allow":["GET"]}}],"collection":[{"href":"https:\/\/sp1hrubieszow.pl\/index.php\/wp-json\/wp\/v2\/pages"}],"about":[{"href":"https:\/\/sp1hrubieszow.pl\/index.php\/wp-json\/wp\/v2\/types\/page"}],"author":[{"embeddable":true,"href":"https:\/\/sp1hrubieszow.pl\/index.php\/wp-json\/wp\/v2\/users\/1"}],"replies":[{"embeddable":true,"href":"https:\/\/sp1hrubieszow.pl\/index.php\/wp-json\/wp\/v2\/comments?post=1255"}],"version-history":[{"count":1,"href":"https:\/\/sp1hrubieszow.pl\/index.php\/wp-json\/wp\/v2\/pages\/1255\/revisions"}],"predecessor-version":[{"id":1256,"href":"https:\/\/sp1hrubieszow.pl\/index.php\/wp-json\/wp\/v2\/pages\/1255\/revisions\/1256"}],"up":[{"embeddable":true,"href":"https:\/\/sp1hrubieszow.pl\/index.php\/wp-json\/wp\/v2\/pages\/75"}],"wp:attachment":[{"href":"https:\/\/sp1hrubieszow.pl\/index.php\/wp-json\/wp\/v2\/media?parent=1255"}],"curies":[{"name":"wp","href":"https:\/\/api.w.org\/{rel}","templated":true}]}}