{"id":12491,"date":"2021-11-09T16:42:48","date_gmt":"2021-11-09T15:42:48","guid":{"rendered":"http:\/\/sp1.hrubieszow.info\/?page_id=12491"},"modified":"2021-11-09T16:44:07","modified_gmt":"2021-11-09T15:44:07","slug":"tydzien-misyjny","status":"publish","type":"page","link":"https:\/\/sp1hrubieszow.pl\/index.php\/kronika-2020-2021\/tydzien-misyjny\/","title":{"rendered":"Tydzie\u0144 Misyjny"},"content":{"rendered":"\n<p>&nbsp; <span style=\"color: #000080;\">W dniach 26-29 pa\u017adziernika 2021r., w naszej szkole odby\u0142 si\u0119 Tydzie\u0144 Misyjny, podczas kt\u00f3rego uczniowie z Ko\u0142a Misyjnego &nbsp;przez radiow\u0119ze\u0142 prowadzili kr\u00f3tkie audycje&nbsp; o kontynentach, kt\u00f3rym nios\u0105 pomoc. Zach\u0119cali ca\u0142\u0105 spo\u0142eczno\u015b\u0107 szkoln\u0105, &nbsp;by &nbsp;w symboliczny spos\u00f3b przez kolor ubrania&nbsp; zaakcentowali ten czas.<\/span><\/p>\n<p><span style=\"color: #000080;\">W poniedzia\u0142ek ubrani byli\u015bmy w kolorze \u017c\u00f3\u0142tym, w tym dniu solidaryzowali\u015bmy si\u0119 z ludami zamieszkuj\u0105cymi &nbsp;kontynent Azji, na kt\u00f3rym le\u017cy kraj najliczniejszy na \u015bwiecie. We wtorek w kolorze niebieskim symbolizuj\u0105cym wody&nbsp; Oceanu Spokojnego, na kt\u00f3rym rozsiane s\u0105 liczne wyspy tego kontynentu . W \u015brod\u0119 dominowa\u0142 kolor zielony nawi\u0105zywa\u0142 do zieleni tropikalnych las\u00f3w Afryki i nadziei, jak\u0105 jego mieszka\u0144cy pok\u0142adaj\u0105 w Ko\u015bciele. W czwartek &nbsp;w kolorze czerwonym, kt\u00f3ry podkre\u015bla\u0142 kolor sk\u00f3ry rdzennych mieszka\u0144c\u00f3w obu cz\u0119\u015bci tego kontynentu i nawi\u0105zywa\u0142 do krwi m\u0119czennik\u00f3w za wiar\u0119. W ostatnim dniu w pi\u0105tek ubrani byli\u015bmy w kolorze bia\u0142ym przywo\u0142uj\u0105cym kolor szaty Ojca \u015bwi\u0119tego, kt\u00f3ry mieszka w Europie. &nbsp;O godz. 11.15 na g\u00f3rnym korytarzu codzienne zapraszali\u015bmy nauczycieli i&nbsp; uczni\u00f3w do wsp\u00f3lnego zdj\u0119cia.<\/span><\/p>\n<p><span style=\"color: #000080;\">We wtorek odby\u0142o si\u0119 bardzo ciekawe spotkanie uczni\u00f3w kl. IVa, b, c, Va, b, c, VIIb &nbsp;i &nbsp;VIIId, b &nbsp;z Franciszkankami Misjonarkami&nbsp; Maryi s. Adriann\u0105, s. Agnieszk\u0105 i s. Emili\u0105. S. Emilia by\u0142a na misjach w Peru opowiada\u0142a jak wygl\u0105da \u017cycie ludzi, dzieci &nbsp;oraz z jakimi problemami &nbsp;borykaj\u0105 si\u0119 w tym kraju. Poprzez prezentacj\u0119 i filmy poznawali\u015bmy ich kultur\u0119, zwyczaje oraz ile musi w\u0142o\u017cy\u0107 pracy misjonarz w pomoc materialn\u0105 i duchow\u0105. Siostry misjonarki przypomnia\u0142y wszystkim&nbsp; uczniom, \u017ce s\u0105 odpowiedzialni za dzie\u0142o misyjne. Na koniec spotkania wsp\u00f3lnie modlili\u015bmy si\u0119 za misje i misjonarzy.<\/span><\/p>\n<p><span style=\"color: #000080;\">Dzi\u0119kujemy wszystkim &#8211; Dyrekcji, Wychowawcom i Nauczycielom za udzia\u0142 i zaanga\u017cowanie uczni\u00f3w w Tygodniu Misyjnym .&nbsp;&nbsp;&nbsp;&nbsp;&nbsp;&nbsp;&nbsp;&nbsp;&nbsp;&nbsp;&nbsp;&nbsp;&nbsp;&nbsp;&nbsp;&nbsp;&nbsp;&nbsp;&nbsp;&nbsp;&nbsp;&nbsp;&nbsp;&nbsp;&nbsp;&nbsp;&nbsp;&nbsp;&nbsp;&nbsp;<\/span><\/p>\n<p><span style=\"color: #000080;\">&nbsp; &nbsp; &nbsp; &nbsp; &nbsp; &nbsp; &nbsp; &nbsp; &nbsp; &nbsp; &nbsp; &nbsp; &nbsp; &nbsp; &nbsp; &nbsp; &nbsp; &nbsp; &nbsp; &nbsp; &nbsp; &nbsp; &nbsp; &nbsp; &nbsp; &nbsp; &nbsp; &nbsp; &nbsp; &nbsp; &nbsp; &nbsp; &nbsp; &nbsp; &nbsp; &nbsp; &nbsp; &nbsp; &nbsp; &nbsp; &nbsp; &nbsp; &nbsp; &nbsp; &nbsp; &nbsp; &nbsp; &nbsp; &nbsp; &nbsp; &nbsp; &nbsp; &nbsp; &nbsp; &nbsp; &nbsp; &nbsp;Opiekun Ko\u0142a Misyjnego<\/span><\/p>\n<p><span style=\"color: #000080;\">&nbsp; &nbsp; &nbsp; &nbsp; &nbsp; &nbsp; &nbsp; &nbsp; &nbsp; &nbsp; &nbsp; &nbsp; &nbsp; &nbsp; &nbsp; &nbsp; &nbsp; &nbsp; &nbsp; &nbsp; &nbsp; &nbsp; &nbsp; &nbsp; &nbsp; &nbsp; &nbsp; &nbsp; &nbsp; &nbsp; &nbsp; &nbsp; &nbsp; &nbsp; &nbsp; &nbsp; &nbsp; &nbsp; &nbsp; &nbsp; &nbsp; &nbsp; &nbsp; &nbsp; &nbsp; &nbsp; &nbsp; &nbsp; &nbsp; &nbsp; &nbsp; &nbsp; &nbsp; &nbsp; &nbsp; &nbsp; &nbsp; &nbsp; &nbsp; &nbsp; &nbsp; &nbsp; Agnieszka Ha\u0142asa<\/span><\/p>\nngg_shortcode_0_placeholder\n","protected":false},"excerpt":{"rendered":"<p>&nbsp; W dniach 26-29 pa\u017adziernika 2021r., w naszej szkole odby\u0142 si\u0119 Tydzie\u0144 Misyjny, podczas kt\u00f3rego uczniowie z Ko\u0142a Misyjnego &nbsp;przez radiow\u0119ze\u0142 prowadzili kr\u00f3tkie audycje&nbsp; o kontynentach, kt\u00f3rym nios\u0105 pomoc. Zach\u0119cali ca\u0142\u0105 spo\u0142eczno\u015b\u0107 szkoln\u0105, &nbsp;by &nbsp;w symboliczny spos\u00f3b przez kolor ubrania&nbsp; zaakcentowali ten czas. W poniedzia\u0142ek ubrani byli\u015bmy w kolorze \u017c\u00f3\u0142tym, w tym dniu solidaryzowali\u015bmy si\u0119 [&hellip;]<\/p>\n","protected":false},"author":2,"featured_media":0,"parent":5983,"menu_order":0,"comment_status":"closed","ping_status":"closed","template":"","meta":{"ngg_post_thumbnail":0,"footnotes":""},"class_list":["post-12491","page","type-page","status-publish","hentry"],"_links":{"self":[{"href":"https:\/\/sp1hrubieszow.pl\/index.php\/wp-json\/wp\/v2\/pages\/12491","targetHints":{"allow":["GET"]}}],"collection":[{"href":"https:\/\/sp1hrubieszow.pl\/index.php\/wp-json\/wp\/v2\/pages"}],"about":[{"href":"https:\/\/sp1hrubieszow.pl\/index.php\/wp-json\/wp\/v2\/types\/page"}],"author":[{"embeddable":true,"href":"https:\/\/sp1hrubieszow.pl\/index.php\/wp-json\/wp\/v2\/users\/2"}],"replies":[{"embeddable":true,"href":"https:\/\/sp1hrubieszow.pl\/index.php\/wp-json\/wp\/v2\/comments?post=12491"}],"version-history":[{"count":2,"href":"https:\/\/sp1hrubieszow.pl\/index.php\/wp-json\/wp\/v2\/pages\/12491\/revisions"}],"predecessor-version":[{"id":12493,"href":"https:\/\/sp1hrubieszow.pl\/index.php\/wp-json\/wp\/v2\/pages\/12491\/revisions\/12493"}],"up":[{"embeddable":true,"href":"https:\/\/sp1hrubieszow.pl\/index.php\/wp-json\/wp\/v2\/pages\/5983"}],"wp:attachment":[{"href":"https:\/\/sp1hrubieszow.pl\/index.php\/wp-json\/wp\/v2\/media?parent=12491"}],"curies":[{"name":"wp","href":"https:\/\/api.w.org\/{rel}","templated":true}]}}