{"id":12466,"date":"2021-11-08T18:00:35","date_gmt":"2021-11-08T17:00:35","guid":{"rendered":"http:\/\/sp1.hrubieszow.info\/?page_id=12466"},"modified":"2021-11-08T18:01:05","modified_gmt":"2021-11-08T17:01:05","slug":"bezplatne-numery-pomocowe","status":"publish","type":"page","link":"https:\/\/sp1hrubieszow.pl\/index.php\/kronika-2020-2021\/bezplatne-numery-pomocowe\/","title":{"rendered":"Bezp\u0142atne numery pomocowe"},"content":{"rendered":"\n<p><span style=\"color: #000080;\">Zapraszamy do zapoznania si\u0119 z poni\u017cszym za\u0142\u0105cznikiem zawieraj\u0105cym bezp\u0142atne numery pomocowe:<\/span><\/p>\n<p><strong><span style=\"color: #000080;\"><a style=\"color: #000080;\" href=\"http:\/\/sp1.hrubieszow.info\/wp-content\/uploads\/2021\/11\/Numery_pomocowe.pdf\">Numery_pomocowe<\/a><\/span><\/strong><\/p>\n<p>&nbsp;<\/p>\n","protected":false},"excerpt":{"rendered":"<p>Zapraszamy do zapoznania si\u0119 z poni\u017cszym za\u0142\u0105cznikiem zawieraj\u0105cym bezp\u0142atne numery pomocowe: Numery_pomocowe &nbsp;<\/p>\n","protected":false},"author":2,"featured_media":0,"parent":5983,"menu_order":0,"comment_status":"closed","ping_status":"closed","template":"","meta":{"ngg_post_thumbnail":0,"footnotes":""},"class_list":["post-12466","page","type-page","status-publish","hentry"],"_links":{"self":[{"href":"https:\/\/sp1hrubieszow.pl\/index.php\/wp-json\/wp\/v2\/pages\/12466","targetHints":{"allow":["GET"]}}],"collection":[{"href":"https:\/\/sp1hrubieszow.pl\/index.php\/wp-json\/wp\/v2\/pages"}],"about":[{"href":"https:\/\/sp1hrubieszow.pl\/index.php\/wp-json\/wp\/v2\/types\/page"}],"author":[{"embeddable":true,"href":"https:\/\/sp1hrubieszow.pl\/index.php\/wp-json\/wp\/v2\/users\/2"}],"replies":[{"embeddable":true,"href":"https:\/\/sp1hrubieszow.pl\/index.php\/wp-json\/wp\/v2\/comments?post=12466"}],"version-history":[{"count":1,"href":"https:\/\/sp1hrubieszow.pl\/index.php\/wp-json\/wp\/v2\/pages\/12466\/revisions"}],"predecessor-version":[{"id":12467,"href":"https:\/\/sp1hrubieszow.pl\/index.php\/wp-json\/wp\/v2\/pages\/12466\/revisions\/12467"}],"up":[{"embeddable":true,"href":"https:\/\/sp1hrubieszow.pl\/index.php\/wp-json\/wp\/v2\/pages\/5983"}],"wp:attachment":[{"href":"https:\/\/sp1hrubieszow.pl\/index.php\/wp-json\/wp\/v2\/media?parent=12466"}],"curies":[{"name":"wp","href":"https:\/\/api.w.org\/{rel}","templated":true}]}}