{"id":12432,"date":"2021-11-06T16:54:21","date_gmt":"2021-11-06T15:54:21","guid":{"rendered":"http:\/\/sp1.hrubieszow.info\/?page_id=12432"},"modified":"2021-11-06T16:55:07","modified_gmt":"2021-11-06T15:55:07","slug":"w-zaczarowanym-swiecie-pana-kleksa","status":"publish","type":"page","link":"https:\/\/sp1hrubieszow.pl\/index.php\/kronika-2020-2021\/w-zaczarowanym-swiecie-pana-kleksa\/","title":{"rendered":"W zaczarowanym \u015bwiecie pana Kleksa"},"content":{"rendered":"\n<div dir=\"auto\"><span style=\"color: #000080;\">Uczniowie klasy 4b poznali wyj\u0105tkow\u0105 szko\u0142\u0119 i wyj\u0105tkowego nauczyciela, a to wszystko za przyczyn\u0105 Jana Brzechwy i jego ksi\u0105\u017cki &#8222;Akademia pana Kleksa&#8221;. Dzieci mog\u0142y poczu\u0107 si\u0119 jak w kleksowej akademii, poniewa\u017c uczestniczy\u0142y w typowych dla akademii zaj\u0119ciach &#8211; lekcji kleksografii. Kartka plus atrament to r\u00f3wnanie na dob\u0105 zabaw\u0119. A jak jeszcze pracuje si\u0119 przy muzyce, to ju\u017c sukces murowany. Oczywi\u015bcie muzyka, kt\u00f3ra nam towarzyszy\u0142a pochodzi\u0142a z filmu &#8222;Akademia pana Kleksa&#8221;.<\/span><\/div>\n<div dir=\"auto\"><span style=\"color: #000080;\">Podczas omawiania lektury wykorzystali\u015bmy tak\u017ce TIK (technologie informacyjno &#8211; komunikacyjne). Uczniowie mogli sprawdzi\u0107 swoj\u0105 znajomo\u015b\u0107 lektury rozwi\u0105zuj\u0105c test na <a class=\"oajrlxb2 g5ia77u1 qu0x051f esr5mh6w e9989ue4 r7d6kgcz rq0escxv nhd2j8a9 nc684nl6 p7hjln8o kvgmc6g5 cxmmr5t8 oygrvhab hcukyx3x jb3vyjys rz4wbd8a qt6c0cv9 a8nywdso i1ao9s8h esuyzwwr f1sip0of lzcic4wl py34i1dx gpro0wi8\" style=\"color: #000080;\" tabindex=\"0\" role=\"link\" href=\"https:\/\/l.facebook.com\/l.php?u=http%3A%2F%2Fquizizz.com%2F%3Ffbclid%3DIwAR3a7A3FlqJx632yPXBZ8JMd0W7vQr8rdAItZbBWVWYr84ogdNhpabsc6fE&amp;h=AT3_wa-b4_byHyv-WUzUH9Sl3sc9FEEOSzHGtSHkumI0Ku3T6NiQg4rXDubT_Nr1q09UlairNSSdLXdzwExwgXzwc6s3yvQ8q_HYPRC532DM0O00f-rMB3IUPUaIM57geiwu&amp;__tn__=-UK-R&amp;c[0]=AT3MUFJX6sL_yCFHGEyRzULH_DTesdpbWHzDk3wn_ew9AJIkQA6tUZZqh8Huz93Xj006d8QjCDXZQxPRBIo4taaIuL3rQi2spJpZX5ponHjeoqHiS-VeZ5uD51aoQZJeouIaDpVyXoTNuj7lxHjEG58mG_1NZaIDTL36jWlWxJXvzeneOkv8J9wQBOQL7u6sco63L1_D\" target=\"_blank\" rel=\"nofollow noopener\">quizizz.com.<\/a>, za co otrzymali punkty, czyli piegi &#8211; jak to u pana Kleksa bywa. W roli pieg\u00f3w pojawi\u0142y si\u0119 s\u0142odkie dra\u017cetki. <span class=\"pq6dq46d tbxw36s4 knj5qynh kvgmc6g5 ditlmg2l oygrvhab nvdbi5me sf5mxxl7 gl3lb2sf hhz5lgdu\"><img loading=\"lazy\" decoding=\"async\" src=\"https:\/\/static.xx.fbcdn.net\/images\/emoji.php\/v9\/teb\/2\/16\/1f642.png\" alt=\"?\" width=\"16\" height=\"16\"><\/span><\/span><\/div>\n<div dir=\"auto\"><span style=\"color: #000080;\">Aby lepiej zapami\u0119ta\u0107 wygl\u0105d pana Kleksa, ka\u017cdy ucze\u0144 stworzy\u0142 jego portret, w wyniku czego w naszej sali powsta\u0142a ciekawa galeria.<\/span><\/div>\n<div dir=\"auto\"><span style=\"color: #000080;\">Spotkanie z panem Kleksem i jego szko\u0142\u0105 niestety ju\u017c dobieg\u0142o ko\u0144ca. Teraz z niecierpliwo\u015bci\u0105 czekamy na nauk\u0119 w kolejnej szkole &#8211; tym razem b\u0119dzie to szko\u0142a latania z Kajko i Kokoszem <span class=\"pq6dq46d tbxw36s4 knj5qynh kvgmc6g5 ditlmg2l oygrvhab nvdbi5me sf5mxxl7 gl3lb2sf hhz5lgdu\"><img loading=\"lazy\" decoding=\"async\" src=\"https:\/\/static.xx.fbcdn.net\/images\/emoji.php\/v9\/teb\/2\/16\/1f642.png\" alt=\"?\" width=\"16\" height=\"16\"><\/span><\/span><\/div>\n<div dir=\"auto\">\nngg_shortcode_0_placeholder\n<\/div>\n","protected":false},"excerpt":{"rendered":"<p>Uczniowie klasy 4b poznali wyj\u0105tkow\u0105 szko\u0142\u0119 i wyj\u0105tkowego nauczyciela, a to wszystko za przyczyn\u0105 Jana Brzechwy i jego ksi\u0105\u017cki &#8222;Akademia pana Kleksa&#8221;. Dzieci mog\u0142y poczu\u0107 si\u0119 jak w kleksowej akademii, poniewa\u017c uczestniczy\u0142y w typowych dla akademii zaj\u0119ciach &#8211; lekcji kleksografii. Kartka plus atrament to r\u00f3wnanie na dob\u0105 zabaw\u0119. A jak jeszcze pracuje si\u0119 przy muzyce, [&hellip;]<\/p>\n","protected":false},"author":2,"featured_media":0,"parent":5983,"menu_order":0,"comment_status":"closed","ping_status":"closed","template":"","meta":{"ngg_post_thumbnail":0,"footnotes":""},"class_list":["post-12432","page","type-page","status-publish","hentry"],"_links":{"self":[{"href":"https:\/\/sp1hrubieszow.pl\/index.php\/wp-json\/wp\/v2\/pages\/12432","targetHints":{"allow":["GET"]}}],"collection":[{"href":"https:\/\/sp1hrubieszow.pl\/index.php\/wp-json\/wp\/v2\/pages"}],"about":[{"href":"https:\/\/sp1hrubieszow.pl\/index.php\/wp-json\/wp\/v2\/types\/page"}],"author":[{"embeddable":true,"href":"https:\/\/sp1hrubieszow.pl\/index.php\/wp-json\/wp\/v2\/users\/2"}],"replies":[{"embeddable":true,"href":"https:\/\/sp1hrubieszow.pl\/index.php\/wp-json\/wp\/v2\/comments?post=12432"}],"version-history":[{"count":2,"href":"https:\/\/sp1hrubieszow.pl\/index.php\/wp-json\/wp\/v2\/pages\/12432\/revisions"}],"predecessor-version":[{"id":12434,"href":"https:\/\/sp1hrubieszow.pl\/index.php\/wp-json\/wp\/v2\/pages\/12432\/revisions\/12434"}],"up":[{"embeddable":true,"href":"https:\/\/sp1hrubieszow.pl\/index.php\/wp-json\/wp\/v2\/pages\/5983"}],"wp:attachment":[{"href":"https:\/\/sp1hrubieszow.pl\/index.php\/wp-json\/wp\/v2\/media?parent=12432"}],"curies":[{"name":"wp","href":"https:\/\/api.w.org\/{rel}","templated":true}]}}