{"id":12399,"date":"2021-11-04T17:11:30","date_gmt":"2021-11-04T16:11:30","guid":{"rendered":"http:\/\/sp1.hrubieszow.info\/?page_id=12399"},"modified":"2021-11-04T17:12:40","modified_gmt":"2021-11-04T16:12:40","slug":"pazdziernik-miesiacem-codeweek-i-origami","status":"publish","type":"page","link":"https:\/\/sp1hrubieszow.pl\/index.php\/kronika-2020-2021\/pazdziernik-miesiacem-codeweek-i-origami\/","title":{"rendered":"PA\u0179DZIERNIK MIESI\u0104CEM CODEWEEK I ORIGAMI"},"content":{"rendered":"\n<p><span style=\"color: #000080;\">Kolejny raz uczniowie naszej szko\u0142y wzi\u0119li udzia\u0142 w Europejskim Tygodniu Kodowania. G\u0142\u00f3wny celem tego wydarzenia jest promowanie kodowania i programowania. To mo\u017cliwo\u015b\u0107 poznania gier logicznych, grafiki komputerowej czy element\u00f3w robotyki.<\/span><\/p>\n<p><span style=\"color: #000080;\">W klasach m\u0142odszych przeprowadzone zosta\u0142y zaj\u0119cia Zaprzyja\u017anij si\u0119 z EVO. Zadaniem uczni\u00f3w by\u0142o zakodowanie trasy ozobota wed\u0142ug w\u0142asnej historyjki z zastosowaniem kolorowych kod\u00f3w. Uczniowie rozmawiali o porach roku, a nast\u0119pnie \u017cegnali motyle. Zadaniem by\u0142o narysowanie po\u0142owy motyla wed\u0142ug podanych kod\u00f3w, a nast\u0119pnie dorysowanie drugiej po\u0142owy jako odbicia lustrzanego.<\/span><\/p>\n<p><span style=\"color: #000080;\">Uczniowie starszych klas do kodowania wykorzystali aplikacj\u0119 PIXBLOCKS, kt\u00f3ra pozwala rozwija\u0107 wiedz\u0119 zar\u00f3wno &nbsp;w zakresie podstawy programowania, jak i popularnego j\u0119zyka Python, a tak\u017ce uczy kreatywno\u015bci i dobrej zabawy.<\/span><\/p>\n<p><span style=\"color: #000080;\">Cieszymy si\u0119, \u017ce wszyscy nauczyciele z uczniami w\u0142\u0105czyli si\u0119 obchody CODEWEEK i podczas lekcji wykorzystywali techniki kodowania, \u0142\u0105cz\u0105c nauk\u0119 z zabaw\u0105 i rywalizacj\u0105.<\/span><\/p>\n<p><span style=\"color: #000080;\">Miesi\u0105c pa\u017adziernik obfitowa\u0142 tak\u017ce w inne dzia\u0142ania, 24 pa\u017adziernika obchodzili\u015bmy \u015awiatowy Dzie\u0144 Origami. Na zaj\u0119ciach zmagali\u015bmy si\u0119 japo\u0144sk\u0105 sztuk\u0105&nbsp; sk\u0142adania papieru i wymaga\u0142o to od nas du\u017cego wysi\u0142ku. By\u0142o ci\u0119\u017cko ale porodzili\u015bmy sobie i tym bardziej byli\u015bmy dumni z naszych dokona\u0144.<\/span><\/p>\nngg_shortcode_0_placeholder\n<p>&nbsp;<\/p>\n<p>&nbsp;<\/p>\n","protected":false},"excerpt":{"rendered":"<p>Kolejny raz uczniowie naszej szko\u0142y wzi\u0119li udzia\u0142 w Europejskim Tygodniu Kodowania. G\u0142\u00f3wny celem tego wydarzenia jest promowanie kodowania i programowania. To mo\u017cliwo\u015b\u0107 poznania gier logicznych, grafiki komputerowej czy element\u00f3w robotyki. W klasach m\u0142odszych przeprowadzone zosta\u0142y zaj\u0119cia Zaprzyja\u017anij si\u0119 z EVO. Zadaniem uczni\u00f3w by\u0142o zakodowanie trasy ozobota wed\u0142ug w\u0142asnej historyjki z zastosowaniem kolorowych kod\u00f3w. Uczniowie rozmawiali [&hellip;]<\/p>\n","protected":false},"author":2,"featured_media":0,"parent":5983,"menu_order":0,"comment_status":"closed","ping_status":"closed","template":"","meta":{"ngg_post_thumbnail":0,"footnotes":""},"class_list":["post-12399","page","type-page","status-publish","hentry"],"_links":{"self":[{"href":"https:\/\/sp1hrubieszow.pl\/index.php\/wp-json\/wp\/v2\/pages\/12399","targetHints":{"allow":["GET"]}}],"collection":[{"href":"https:\/\/sp1hrubieszow.pl\/index.php\/wp-json\/wp\/v2\/pages"}],"about":[{"href":"https:\/\/sp1hrubieszow.pl\/index.php\/wp-json\/wp\/v2\/types\/page"}],"author":[{"embeddable":true,"href":"https:\/\/sp1hrubieszow.pl\/index.php\/wp-json\/wp\/v2\/users\/2"}],"replies":[{"embeddable":true,"href":"https:\/\/sp1hrubieszow.pl\/index.php\/wp-json\/wp\/v2\/comments?post=12399"}],"version-history":[{"count":1,"href":"https:\/\/sp1hrubieszow.pl\/index.php\/wp-json\/wp\/v2\/pages\/12399\/revisions"}],"predecessor-version":[{"id":12400,"href":"https:\/\/sp1hrubieszow.pl\/index.php\/wp-json\/wp\/v2\/pages\/12399\/revisions\/12400"}],"up":[{"embeddable":true,"href":"https:\/\/sp1hrubieszow.pl\/index.php\/wp-json\/wp\/v2\/pages\/5983"}],"wp:attachment":[{"href":"https:\/\/sp1hrubieszow.pl\/index.php\/wp-json\/wp\/v2\/media?parent=12399"}],"curies":[{"name":"wp","href":"https:\/\/api.w.org\/{rel}","templated":true}]}}