{"id":12326,"date":"2021-11-03T16:34:01","date_gmt":"2021-11-03T15:34:01","guid":{"rendered":"http:\/\/sp1.hrubieszow.info\/?page_id=12326"},"modified":"2021-11-03T16:38:32","modified_gmt":"2021-11-03T15:38:32","slug":"wspieramy-hospicjum-santa-galla","status":"publish","type":"page","link":"https:\/\/sp1hrubieszow.pl\/index.php\/kronika-2020-2021\/wspieramy-hospicjum-santa-galla\/","title":{"rendered":"Wspieramy Hospicjum Santa Galla"},"content":{"rendered":"\n<p style=\"text-align: right;\"><span style=\"color: #000080;\">,,Cz\u0142owiek jest tyle wart, ile mo\u017ce da\u0107 drugiemu cz\u0142owiekowi\u201d.<\/span><br><span style=\"color: #000080;\">Jan Pawe\u0142 II<\/span><\/p>\n<p><span style=\"color: #000080;\">Wolontariusze naszej szko\u0142y wzorem lat ubieg\u0142ych przyst\u0105pili do akcji charytatywnej na rzecz Hospicjum Santa Galla z \u0141abuniek Pierwszych ko\u0142o Zamo\u015bcia. Osoby, kt\u00f3re zechc\u0105 wesprze\u0107 finansowo plac\u00f3wk\u0119, b\u0119d\u0105 mogli naby\u0107 s\u0142uchawki z logo Hospicjum. S\u0142uchawki w cenie 5z\u0142 b\u0119d\u0105 rozprowadzane przez wolontariuszy w trakcie zaj\u0119\u0107 z wychowawc\u0105.<\/span><\/p>\n<p><span style=\"color: #000080;\">G\u0142\u00f3wnym celem dzia\u0142alno\u015bci Hospicjum Santa Galla jest zapewnienie kompleksowej i bezp\u0142atnej opieki pacjentom, g\u0142\u00f3wnie z chorob\u0105 nowotworow\u0105 oraz innymi chorobami w stanie terminalnym.<\/span><\/p>\n<p><span style=\"color: #000080;\">Wolontariusze naszej szko\u0142y aktywnie w\u0142\u0105czaj\u0105 si\u0119 w dzia\u0142alno\u015b\u0107 dobroczynn\u0105 na rzecz potrzebuj\u0105cych wsparcia i pomocy. Dzi\u0119ki temu ucz\u0105 si\u0119 wra\u017cliwo\u015bci na potrzeby innych, rozwijaj\u0105 uczucie empatii, kszta\u0142tuj\u0105 pozytywn\u0105 postaw\u0119 wobec potrzebuj\u0105cych. Swoj\u0105 postaw\u0105 i zaanga\u017cowaniem udowodnili, \u017ce nie jest im oboj\u0119tny los chorych, samotnych i niepe\u0142nosprawnych. Za pomoc i otwarte serca nale\u017c\u0105 si\u0119 wszystkim serdeczne podzi\u0119kowania.<\/span><\/p>\n<p><span style=\"color: #000080;\">Osoby zainteresowane innymi formami wsparcia Hospicjum zapraszamy na stron\u0119 internetow\u0105:<\/span><br><a href=\"http:\/\/www.santagalla.pl\"><span style=\"color: #000080;\">http:\/\/www.santagalla.pl<\/span><\/a><\/p>\n<p style=\"text-align: right;\"><br><span style=\"color: #000080;\">Opiekun SKW<\/span><\/p>\nngg_shortcode_0_placeholder\n","protected":false},"excerpt":{"rendered":"<p>,,Cz\u0142owiek jest tyle wart, ile mo\u017ce da\u0107 drugiemu cz\u0142owiekowi\u201d.Jan Pawe\u0142 II Wolontariusze naszej szko\u0142y wzorem lat ubieg\u0142ych przyst\u0105pili do akcji charytatywnej na rzecz Hospicjum Santa Galla z \u0141abuniek Pierwszych ko\u0142o Zamo\u015bcia. Osoby, kt\u00f3re zechc\u0105 wesprze\u0107 finansowo plac\u00f3wk\u0119, b\u0119d\u0105 mogli naby\u0107 s\u0142uchawki z logo Hospicjum. S\u0142uchawki w cenie 5z\u0142 b\u0119d\u0105 rozprowadzane przez wolontariuszy w trakcie zaj\u0119\u0107 [&hellip;]<\/p>\n","protected":false},"author":2,"featured_media":0,"parent":5983,"menu_order":0,"comment_status":"closed","ping_status":"closed","template":"","meta":{"ngg_post_thumbnail":0,"footnotes":""},"class_list":["post-12326","page","type-page","status-publish","hentry"],"_links":{"self":[{"href":"https:\/\/sp1hrubieszow.pl\/index.php\/wp-json\/wp\/v2\/pages\/12326","targetHints":{"allow":["GET"]}}],"collection":[{"href":"https:\/\/sp1hrubieszow.pl\/index.php\/wp-json\/wp\/v2\/pages"}],"about":[{"href":"https:\/\/sp1hrubieszow.pl\/index.php\/wp-json\/wp\/v2\/types\/page"}],"author":[{"embeddable":true,"href":"https:\/\/sp1hrubieszow.pl\/index.php\/wp-json\/wp\/v2\/users\/2"}],"replies":[{"embeddable":true,"href":"https:\/\/sp1hrubieszow.pl\/index.php\/wp-json\/wp\/v2\/comments?post=12326"}],"version-history":[{"count":3,"href":"https:\/\/sp1hrubieszow.pl\/index.php\/wp-json\/wp\/v2\/pages\/12326\/revisions"}],"predecessor-version":[{"id":12332,"href":"https:\/\/sp1hrubieszow.pl\/index.php\/wp-json\/wp\/v2\/pages\/12326\/revisions\/12332"}],"up":[{"embeddable":true,"href":"https:\/\/sp1hrubieszow.pl\/index.php\/wp-json\/wp\/v2\/pages\/5983"}],"wp:attachment":[{"href":"https:\/\/sp1hrubieszow.pl\/index.php\/wp-json\/wp\/v2\/media?parent=12326"}],"curies":[{"name":"wp","href":"https:\/\/api.w.org\/{rel}","templated":true}]}}