{"id":12319,"date":"2021-10-31T20:02:12","date_gmt":"2021-10-31T19:02:12","guid":{"rendered":"http:\/\/sp1.hrubieszow.info\/?page_id=12319"},"modified":"2021-10-31T20:03:31","modified_gmt":"2021-10-31T19:03:31","slug":"zmiana-numeru-telefonu-zaufania-dla-dzieci-i-mlodziezy","status":"publish","type":"page","link":"https:\/\/sp1hrubieszow.pl\/index.php\/kronika-2020-2021\/zmiana-numeru-telefonu-zaufania-dla-dzieci-i-mlodziezy\/","title":{"rendered":"Zmiana numeru telefonu zaufania dla dzieci i m\u0142odzie\u017cy"},"content":{"rendered":"\n<p><span style=\"color: #000080;\">Informujemy, \u017ce og\u00f3lnopolska infolinia dla dzieci i m\u0142odzie\u017cy oraz ich opiekun\u00f3w POMAGAMY (800 800 605) od 1 listopada br. zast\u0105piona b\u0119dzie <strong>telefonem zaufania Rzecznika Praw Dziecka.<\/strong>&nbsp;<strong>Nowy bezp\u0142atny numer, pod kt\u00f3rym dzieci i m\u0142odzie\u017c b\u0119d\u0105 mog\u0142y otrzyma\u0107 wsparcie psychologiczne, to<\/strong>&nbsp;<strong>800 12 12 12.<\/strong>&nbsp;<strong>Telefon&nbsp;i czat internetowy b\u0119d\u0105 czynne przez ca\u0142\u0105 dob\u0119, siedem dni w tygodniu.&nbsp;<\/strong>Czat nie wymaga logowania oraz instalowania \u017cadnej aplikacji. Po\u0142\u0105czenia telefonicznie nadal pozostan\u0105 bezp\u0142atne, a rozm\u00f3wcy b\u0119d\u0105 mieli zapewnion\u0105 dyskrecj\u0119 i anonimowo\u015b\u0107.<\/span><\/p>\n<p><img loading=\"lazy\" decoding=\"async\" class=\"alignnone size-medium wp-image-12315\" src=\"http:\/\/sp1.hrubieszow.info\/wp-content\/uploads\/2021\/10\/telefonzaufaniaplakat-212x300.png\" alt=\"\" width=\"212\" height=\"300\" srcset=\"https:\/\/sp1hrubieszow.pl\/wp-content\/uploads\/2021\/10\/telefonzaufaniaplakat-212x300.png 212w, https:\/\/sp1hrubieszow.pl\/wp-content\/uploads\/2021\/10\/telefonzaufaniaplakat-724x1024.png 724w, https:\/\/sp1hrubieszow.pl\/wp-content\/uploads\/2021\/10\/telefonzaufaniaplakat-768x1086.png 768w, https:\/\/sp1hrubieszow.pl\/wp-content\/uploads\/2021\/10\/telefonzaufaniaplakat-1086x1536.png 1086w, https:\/\/sp1hrubieszow.pl\/wp-content\/uploads\/2021\/10\/telefonzaufaniaplakat-1448x2048.png 1448w, https:\/\/sp1hrubieszow.pl\/wp-content\/uploads\/2021\/10\/telefonzaufaniaplakat-624x882.png 624w\" sizes=\"auto, (max-width: 212px) 100vw, 212px\" \/><\/p>\n","protected":false},"excerpt":{"rendered":"<p>Informujemy, \u017ce og\u00f3lnopolska infolinia dla dzieci i m\u0142odzie\u017cy oraz ich opiekun\u00f3w POMAGAMY (800 800 605) od 1 listopada br. zast\u0105piona b\u0119dzie telefonem zaufania Rzecznika Praw Dziecka.&nbsp;Nowy bezp\u0142atny numer, pod kt\u00f3rym dzieci i m\u0142odzie\u017c b\u0119d\u0105 mog\u0142y otrzyma\u0107 wsparcie psychologiczne, to&nbsp;800 12 12 12.&nbsp;Telefon&nbsp;i czat internetowy b\u0119d\u0105 czynne przez ca\u0142\u0105 dob\u0119, siedem dni w tygodniu.&nbsp;Czat nie wymaga [&hellip;]<\/p>\n","protected":false},"author":2,"featured_media":0,"parent":5983,"menu_order":0,"comment_status":"closed","ping_status":"closed","template":"","meta":{"ngg_post_thumbnail":0,"footnotes":""},"class_list":["post-12319","page","type-page","status-publish","hentry"],"_links":{"self":[{"href":"https:\/\/sp1hrubieszow.pl\/index.php\/wp-json\/wp\/v2\/pages\/12319","targetHints":{"allow":["GET"]}}],"collection":[{"href":"https:\/\/sp1hrubieszow.pl\/index.php\/wp-json\/wp\/v2\/pages"}],"about":[{"href":"https:\/\/sp1hrubieszow.pl\/index.php\/wp-json\/wp\/v2\/types\/page"}],"author":[{"embeddable":true,"href":"https:\/\/sp1hrubieszow.pl\/index.php\/wp-json\/wp\/v2\/users\/2"}],"replies":[{"embeddable":true,"href":"https:\/\/sp1hrubieszow.pl\/index.php\/wp-json\/wp\/v2\/comments?post=12319"}],"version-history":[{"count":1,"href":"https:\/\/sp1hrubieszow.pl\/index.php\/wp-json\/wp\/v2\/pages\/12319\/revisions"}],"predecessor-version":[{"id":12320,"href":"https:\/\/sp1hrubieszow.pl\/index.php\/wp-json\/wp\/v2\/pages\/12319\/revisions\/12320"}],"up":[{"embeddable":true,"href":"https:\/\/sp1hrubieszow.pl\/index.php\/wp-json\/wp\/v2\/pages\/5983"}],"wp:attachment":[{"href":"https:\/\/sp1hrubieszow.pl\/index.php\/wp-json\/wp\/v2\/media?parent=12319"}],"curies":[{"name":"wp","href":"https:\/\/api.w.org\/{rel}","templated":true}]}}