{"id":12311,"date":"2021-10-29T21:58:32","date_gmt":"2021-10-29T19:58:32","guid":{"rendered":"http:\/\/sp1.hrubieszow.info\/?page_id=12311"},"modified":"2021-10-29T21:59:37","modified_gmt":"2021-10-29T19:59:37","slug":"szkola-pamieta-2","status":"publish","type":"page","link":"https:\/\/sp1hrubieszow.pl\/index.php\/kronika-2020-2021\/szkola-pamieta-2\/","title":{"rendered":"Szko\u0142a pami\u0119ta"},"content":{"rendered":"\n<p><span style=\"color: #000080;\">,,Szko\u0142a pami\u0119ta\u201d to akcja Ministerstwa Edukacji i Nauki odbywaj\u0105ca si\u0119 w okresie, w kt\u00f3rym w spos\u00f3b szczeg\u00f3lny wspominamy zar\u00f3wno naszych bliskich, jak i tych, kt\u00f3rzy zapisali si\u0119 w historii \u2013 tej og\u00f3lnonarodowej i lokalnej. W ten spos\u00f3b inicjatywa nawi\u0105zuje do polskiej tradycji \u015bwi\u0105t zadusznych.<\/span><\/p>\n<p><span style=\"color: #000080;\">Bior\u0105c ten fakt pod uwag\u0119, w pi\u0105tek 29 pa\u017adziernika tu\u017c przed uroczysto\u015bci\u0105 Wszystkich \u015awi\u0119tych, wolontariusze ze Szko\u0142y Podstawowej nr 1 w Hrubieszowie pod opiek\u0105 pani Dyrektor Edyty Kucharskiej, opiekuna SKW pani Anny Karkuszewskiej, udali si\u0119 na pobliski cmentarz. Celem akcji by\u0142o posprz\u0105tanie i zapalenie zniczy na mogi\u0142ach \u017co\u0142nierzy-legionist\u00f3w, poleg\u0142ych w latach 1918 \u2013 1920 oraz uporz\u0105dkowanie &nbsp;terenu przy kaplicy cmentarnej. Uczniowie wykazali si\u0119 pi\u0119kn\u0105 postaw\u0105 patriotyczn\u0105, kultywuj\u0105c pami\u0119\u0107 o polskich bohaterach walcz\u0105cych o wolno\u015b\u0107 i niepodleg\u0142o\u015b\u0107 naszej Ojczyzny. By\u0142a to na pewno lekcja szacunku i pami\u0119ci o tych, kt\u00f3rzy odeszli.<\/span><\/p>\n<p><span style=\"color: #000080;\">Dzi\u0119kujemy wolontariuszom w osobach: Patrycja Ba\u0142szan, Sara Caruk, Kamila Chwedczuk, Gabriela Fr\u0105c, Hanna Gidzi\u0144ska, Pawe\u0142 Gumieniak, Nicolla Jaworska, Pawe\u0142 Karkuszewski, Kacper Kasprzak, Emilia Mlinowska, Zuzanna Mr\u00f3z, Oliwia M\u0105czka, Wiktoria Niemczyk, Maja Nowacka, Bart\u0142omiej Trzustkowski, Dominika Zezula, Zofia \u015aliwa, Hania Nowosad, Dawid Pempko, Kacper Pucek.&nbsp;<\/span><\/p>\nngg_shortcode_0_placeholder\n<p>&nbsp;<\/p>\n<p>&nbsp;<\/p>\n","protected":false},"excerpt":{"rendered":"<p>,,Szko\u0142a pami\u0119ta\u201d to akcja Ministerstwa Edukacji i Nauki odbywaj\u0105ca si\u0119 w okresie, w kt\u00f3rym w spos\u00f3b szczeg\u00f3lny wspominamy zar\u00f3wno naszych bliskich, jak i tych, kt\u00f3rzy zapisali si\u0119 w historii \u2013 tej og\u00f3lnonarodowej i lokalnej. W ten spos\u00f3b inicjatywa nawi\u0105zuje do polskiej tradycji \u015bwi\u0105t zadusznych. Bior\u0105c ten fakt pod uwag\u0119, w pi\u0105tek 29 pa\u017adziernika tu\u017c przed [&hellip;]<\/p>\n","protected":false},"author":2,"featured_media":0,"parent":5983,"menu_order":0,"comment_status":"closed","ping_status":"closed","template":"","meta":{"ngg_post_thumbnail":0,"footnotes":""},"class_list":["post-12311","page","type-page","status-publish","hentry"],"_links":{"self":[{"href":"https:\/\/sp1hrubieszow.pl\/index.php\/wp-json\/wp\/v2\/pages\/12311","targetHints":{"allow":["GET"]}}],"collection":[{"href":"https:\/\/sp1hrubieszow.pl\/index.php\/wp-json\/wp\/v2\/pages"}],"about":[{"href":"https:\/\/sp1hrubieszow.pl\/index.php\/wp-json\/wp\/v2\/types\/page"}],"author":[{"embeddable":true,"href":"https:\/\/sp1hrubieszow.pl\/index.php\/wp-json\/wp\/v2\/users\/2"}],"replies":[{"embeddable":true,"href":"https:\/\/sp1hrubieszow.pl\/index.php\/wp-json\/wp\/v2\/comments?post=12311"}],"version-history":[{"count":1,"href":"https:\/\/sp1hrubieszow.pl\/index.php\/wp-json\/wp\/v2\/pages\/12311\/revisions"}],"predecessor-version":[{"id":12312,"href":"https:\/\/sp1hrubieszow.pl\/index.php\/wp-json\/wp\/v2\/pages\/12311\/revisions\/12312"}],"up":[{"embeddable":true,"href":"https:\/\/sp1hrubieszow.pl\/index.php\/wp-json\/wp\/v2\/pages\/5983"}],"wp:attachment":[{"href":"https:\/\/sp1hrubieszow.pl\/index.php\/wp-json\/wp\/v2\/media?parent=12311"}],"curies":[{"name":"wp","href":"https:\/\/api.w.org\/{rel}","templated":true}]}}