{"id":12288,"date":"2021-10-29T21:37:26","date_gmt":"2021-10-29T19:37:26","guid":{"rendered":"http:\/\/sp1.hrubieszow.info\/?page_id=12288"},"modified":"2021-10-29T21:37:43","modified_gmt":"2021-10-29T19:37:43","slug":"dziady-nie-takie-straszne","status":"publish","type":"page","link":"https:\/\/sp1hrubieszow.pl\/index.php\/kronika-2020-2021\/dziady-nie-takie-straszne\/","title":{"rendered":"Dziady \u2026nie takie straszne"},"content":{"rendered":"\n<div class=\"\" data-block=\"true\" data-editor=\"4cat3\" data-offset-key=\"2rmrq-0-0\">\n<div class=\"_1mf _1mj\" data-offset-key=\"2rmrq-0-0\"><span style=\"color: #000080;\">Wieczorem w \u015brod\u0119 27 pa\u017adziernika m\u0142odzie\u017c z klas si\u00f3dmych naszej szko\u0142y zebra\u0142a si\u0119 w kaplicy przy Ko\u015bciele pw. Ducha \u015awi\u0119tego, aby wsp\u00f3lnie odczyta\u0107 tekst lektury Adama Mickiewicza pt. \u201eDziady cz.II\u201d. Uczestnicy nietypowego spotkania przynie\u015bli ze sob\u0105 znicze, koce, poduszki i oczywi\u015bcie tekst dramatu. Czytanie odbywa\u0142o si\u0119 w blasku \u015bwiec, przy akompaniamencie muzyki cerkiewnej, w atmosferze tajemniczo\u015bci i skupienia. Partie ch\u00f3ru odczytane przez uczni\u00f3w razem, wywo\u0142a\u0142y niesamowite wra\u017cenie. Na koniec udali\u015bmy si\u0119 na gr\u00f3b Pana Wies\u0142awa Pempko, wieloletniego pracownika naszej szko\u0142y, aby pomodli\u0107 si\u0119 <span style=\"font-size: 1rem;\">i zapali\u0107 znicze. <\/span><\/span><\/div>\n<div class=\"_1mf _1mj\" data-offset-key=\"2rmrq-0-0\"><span style=\"font-size: 1rem; color: #000080;\">Niecodzienn\u0105 prac\u0119 z lektur\u0105 zorganizowa\u0142y p. Ma\u0142gorzata Greszeta i p. Aneta Rycerz.<\/span><\/div>\n<div data-offset-key=\"2rmrq-0-0\">&nbsp;<\/div>\n<div data-offset-key=\"2rmrq-0-0\">\nngg_shortcode_0_placeholder\n<\/div>\n<\/div>\n","protected":false},"excerpt":{"rendered":"<p>Wieczorem w \u015brod\u0119 27 pa\u017adziernika m\u0142odzie\u017c z klas si\u00f3dmych naszej szko\u0142y zebra\u0142a si\u0119 w kaplicy przy Ko\u015bciele pw. Ducha \u015awi\u0119tego, aby wsp\u00f3lnie odczyta\u0107 tekst lektury Adama Mickiewicza pt. \u201eDziady cz.II\u201d. Uczestnicy nietypowego spotkania przynie\u015bli ze sob\u0105 znicze, koce, poduszki i oczywi\u015bcie tekst dramatu. Czytanie odbywa\u0142o si\u0119 w blasku \u015bwiec, przy akompaniamencie muzyki cerkiewnej, w atmosferze [&hellip;]<\/p>\n","protected":false},"author":2,"featured_media":0,"parent":5983,"menu_order":0,"comment_status":"closed","ping_status":"closed","template":"","meta":{"ngg_post_thumbnail":0,"footnotes":""},"class_list":["post-12288","page","type-page","status-publish","hentry"],"_links":{"self":[{"href":"https:\/\/sp1hrubieszow.pl\/index.php\/wp-json\/wp\/v2\/pages\/12288","targetHints":{"allow":["GET"]}}],"collection":[{"href":"https:\/\/sp1hrubieszow.pl\/index.php\/wp-json\/wp\/v2\/pages"}],"about":[{"href":"https:\/\/sp1hrubieszow.pl\/index.php\/wp-json\/wp\/v2\/types\/page"}],"author":[{"embeddable":true,"href":"https:\/\/sp1hrubieszow.pl\/index.php\/wp-json\/wp\/v2\/users\/2"}],"replies":[{"embeddable":true,"href":"https:\/\/sp1hrubieszow.pl\/index.php\/wp-json\/wp\/v2\/comments?post=12288"}],"version-history":[{"count":1,"href":"https:\/\/sp1hrubieszow.pl\/index.php\/wp-json\/wp\/v2\/pages\/12288\/revisions"}],"predecessor-version":[{"id":12289,"href":"https:\/\/sp1hrubieszow.pl\/index.php\/wp-json\/wp\/v2\/pages\/12288\/revisions\/12289"}],"up":[{"embeddable":true,"href":"https:\/\/sp1hrubieszow.pl\/index.php\/wp-json\/wp\/v2\/pages\/5983"}],"wp:attachment":[{"href":"https:\/\/sp1hrubieszow.pl\/index.php\/wp-json\/wp\/v2\/media?parent=12288"}],"curies":[{"name":"wp","href":"https:\/\/api.w.org\/{rel}","templated":true}]}}