{"id":12247,"date":"2021-10-29T21:00:32","date_gmt":"2021-10-29T19:00:32","guid":{"rendered":"http:\/\/sp1.hrubieszow.info\/?page_id=12247"},"modified":"2021-10-29T21:06:07","modified_gmt":"2021-10-29T19:06:07","slug":"trening-redukcji-stresu","status":"publish","type":"page","link":"https:\/\/sp1hrubieszow.pl\/index.php\/kronika-2020-2021\/trening-redukcji-stresu\/","title":{"rendered":"Trening redukcji stresu"},"content":{"rendered":"\n<p><span style=\"color: #000080;\">Uczniowie klas si\u00f3dmych uczestniczyli w zaj\u0119ciach treningu umiej\u0119tno\u015bci radzenia sobie ze stresem w r\u00f3\u017cnych sytuacjach \u017cyciowych. Zaj\u0119cia zosta\u0142y przeprowadzone przez psychologa \u2013 trenera Tomasza Delmaczy\u0144skiego, wsp\u00f3\u0142pracuj\u0105cego z Centrum Dzia\u0142a\u0144 Profilaktycznych z Wieliczki.<\/span><\/p>\n<p><span style=\"color: #000080;\">Warsztaty realizowane by\u0142y w pojedynczych zespo\u0142ach klasowych w 2-godzinnm treningu umiej\u0119tno\u015bci interpersonalnych. Uczestnicy warsztat\u00f3w &#8211; przy wsparciu profesjonalnie przygotowanego trenera mieli okazj\u0119 wzbogaci\u0107 wiedz\u0119 i przyswoi\u0107\u2013 takie kompetencje jak komunikacja werbalna i niewerbalna, asertywno\u015b\u0107, aktywne s\u0142uchanie oraz om\u00f3wieniu zagadnie\u0144 zdrowego stylu \u017cycia, wp\u0142ywu stresu na nasze \u017cycie i zdrowie.<\/span><\/p>\n<p><span style=\"color: #000080;\">G\u0142\u00f3wnym celem realizacji warsztat\u00f3w by\u0142o upowszechnienie rzetelnej wiedzy na temat stresu, a tak\u017ce prze\u0107wiczenie kluczowych kompetencji psychospo\u0142ecznych w\u015br\u00f3d uczni\u00f3w.<\/span><\/p>\n<p><span style=\"color: #000080;\">Warsztaty sfinansowa\u0142a Gmina Miejska Hrubiesz\u00f3w ramach programu profilaktyki ,,Moc jest w nas\u201d, koordynowanego przez pedagoga szkolnego Anny Karkuszewskiej.&nbsp;<\/span><\/p>\nngg_shortcode_0_placeholder\n","protected":false},"excerpt":{"rendered":"<p>Uczniowie klas si\u00f3dmych uczestniczyli w zaj\u0119ciach treningu umiej\u0119tno\u015bci radzenia sobie ze stresem w r\u00f3\u017cnych sytuacjach \u017cyciowych. Zaj\u0119cia zosta\u0142y przeprowadzone przez psychologa \u2013 trenera Tomasza Delmaczy\u0144skiego, wsp\u00f3\u0142pracuj\u0105cego z Centrum Dzia\u0142a\u0144 Profilaktycznych z Wieliczki. Warsztaty realizowane by\u0142y w pojedynczych zespo\u0142ach klasowych w 2-godzinnm treningu umiej\u0119tno\u015bci interpersonalnych. Uczestnicy warsztat\u00f3w &#8211; przy wsparciu profesjonalnie przygotowanego trenera mieli okazj\u0119 wzbogaci\u0107 [&hellip;]<\/p>\n","protected":false},"author":2,"featured_media":0,"parent":5983,"menu_order":0,"comment_status":"closed","ping_status":"closed","template":"","meta":{"ngg_post_thumbnail":0,"footnotes":""},"class_list":["post-12247","page","type-page","status-publish","hentry"],"_links":{"self":[{"href":"https:\/\/sp1hrubieszow.pl\/index.php\/wp-json\/wp\/v2\/pages\/12247","targetHints":{"allow":["GET"]}}],"collection":[{"href":"https:\/\/sp1hrubieszow.pl\/index.php\/wp-json\/wp\/v2\/pages"}],"about":[{"href":"https:\/\/sp1hrubieszow.pl\/index.php\/wp-json\/wp\/v2\/types\/page"}],"author":[{"embeddable":true,"href":"https:\/\/sp1hrubieszow.pl\/index.php\/wp-json\/wp\/v2\/users\/2"}],"replies":[{"embeddable":true,"href":"https:\/\/sp1hrubieszow.pl\/index.php\/wp-json\/wp\/v2\/comments?post=12247"}],"version-history":[{"count":2,"href":"https:\/\/sp1hrubieszow.pl\/index.php\/wp-json\/wp\/v2\/pages\/12247\/revisions"}],"predecessor-version":[{"id":12251,"href":"https:\/\/sp1hrubieszow.pl\/index.php\/wp-json\/wp\/v2\/pages\/12247\/revisions\/12251"}],"up":[{"embeddable":true,"href":"https:\/\/sp1hrubieszow.pl\/index.php\/wp-json\/wp\/v2\/pages\/5983"}],"wp:attachment":[{"href":"https:\/\/sp1hrubieszow.pl\/index.php\/wp-json\/wp\/v2\/media?parent=12247"}],"curies":[{"name":"wp","href":"https:\/\/api.w.org\/{rel}","templated":true}]}}