{"id":12233,"date":"2021-10-29T20:26:39","date_gmt":"2021-10-29T18:26:39","guid":{"rendered":"http:\/\/sp1.hrubieszow.info\/?page_id=12233"},"modified":"2021-10-29T20:26:56","modified_gmt":"2021-10-29T18:26:56","slug":"przerwanaczytanie","status":"publish","type":"page","link":"https:\/\/sp1hrubieszow.pl\/index.php\/kronika-2020-2021\/przerwanaczytanie\/","title":{"rendered":"#przerwanaczytanie"},"content":{"rendered":"\n<div dir=\"auto\"><span style=\"color: #000080;\">27 pa\u017adziernika 2021r. Szko\u0142a Podstawowa Nr 1 im. B. Prusa w Hrubieszowie w\u0142\u0105czy\u0142a si\u0119 w akcj\u0119 bicia rekordu w II Mi\u0119dzynarodowej Edycji IV Og\u00f3lnopolskiej akcji &#8222;Przerwa na czytanie&#8221;. Dzia\u0142anie realizowane jest w ramach Mi\u0119dzynarodowego Miesi\u0105ca Bibliotek Szkolnych oraz kampanii spo\u0142ecznej &#8222;Ca\u0142a Polska czyta dzieciom&#8221;.<\/span><\/div>\n<div dir=\"auto\"><span style=\"color: #000080;\">Dzie\u0144 wcze\u015bniej na korytarzach szklonych, \u015bwietlicy szkolnej oraz bibliotece przygotowano strefy czytania. Wszyscy uczniowie (i nie tylko) klas 1-8 uczestniczyli w biciu rekordu os\u00f3b czytaj\u0105cych na przerwie. W tym dniu czyta\u0142o 410 uczni\u00f3w i 20 doros\u0142ych.<\/span><\/div>\n<div dir=\"auto\"><span style=\"color: #000080;\">Na ka\u017cdym pi\u0119trze, w ka\u017cdym niemal szkolnym zakamarku mo\u017cna by\u0142o zobaczy\u0107 osoby wpatrzone w egzemplarze swoich ksi\u0105\u017cek. Czytali wszyscy i mali i duzi, m\u0142odsi i starsi, a nawet Ci ca\u0142kiem doro\u015bli.<\/span><\/div>\n<div dir=\"auto\"><span style=\"color: #000080;\">Akcja spotka\u0142a si\u0119 z ogromnym zainteresowaniem. W szkolnej bibliotece przygotowano stref\u0119 czytania. Tam czeka\u0142y na uczni\u00f3w i nauczycieli ksi\u0105\u017cki ze szkolnej biblioteki oraz wygodne siedziska. Ka\u017cdy znalaz\u0142 co\u015b dla siebie. Warto pami\u0119ta\u0107, \u017ce ksi\u0105\u017cka jest najlepszym przyjacielem na rado\u015bci i smutki\u2026 Polecamy!<\/span><\/div>\n<div dir=\"auto\">\nngg_shortcode_0_placeholder\n<\/div>\n","protected":false},"excerpt":{"rendered":"<p>27 pa\u017adziernika 2021r. Szko\u0142a Podstawowa Nr 1 im. B. Prusa w Hrubieszowie w\u0142\u0105czy\u0142a si\u0119 w akcj\u0119 bicia rekordu w II Mi\u0119dzynarodowej Edycji IV Og\u00f3lnopolskiej akcji &#8222;Przerwa na czytanie&#8221;. Dzia\u0142anie realizowane jest w ramach Mi\u0119dzynarodowego Miesi\u0105ca Bibliotek Szkolnych oraz kampanii spo\u0142ecznej &#8222;Ca\u0142a Polska czyta dzieciom&#8221;. Dzie\u0144 wcze\u015bniej na korytarzach szklonych, \u015bwietlicy szkolnej oraz bibliotece przygotowano strefy [&hellip;]<\/p>\n","protected":false},"author":2,"featured_media":0,"parent":5983,"menu_order":0,"comment_status":"closed","ping_status":"closed","template":"","meta":{"ngg_post_thumbnail":0,"footnotes":""},"class_list":["post-12233","page","type-page","status-publish","hentry"],"_links":{"self":[{"href":"https:\/\/sp1hrubieszow.pl\/index.php\/wp-json\/wp\/v2\/pages\/12233","targetHints":{"allow":["GET"]}}],"collection":[{"href":"https:\/\/sp1hrubieszow.pl\/index.php\/wp-json\/wp\/v2\/pages"}],"about":[{"href":"https:\/\/sp1hrubieszow.pl\/index.php\/wp-json\/wp\/v2\/types\/page"}],"author":[{"embeddable":true,"href":"https:\/\/sp1hrubieszow.pl\/index.php\/wp-json\/wp\/v2\/users\/2"}],"replies":[{"embeddable":true,"href":"https:\/\/sp1hrubieszow.pl\/index.php\/wp-json\/wp\/v2\/comments?post=12233"}],"version-history":[{"count":1,"href":"https:\/\/sp1hrubieszow.pl\/index.php\/wp-json\/wp\/v2\/pages\/12233\/revisions"}],"predecessor-version":[{"id":12234,"href":"https:\/\/sp1hrubieszow.pl\/index.php\/wp-json\/wp\/v2\/pages\/12233\/revisions\/12234"}],"up":[{"embeddable":true,"href":"https:\/\/sp1hrubieszow.pl\/index.php\/wp-json\/wp\/v2\/pages\/5983"}],"wp:attachment":[{"href":"https:\/\/sp1hrubieszow.pl\/index.php\/wp-json\/wp\/v2\/media?parent=12233"}],"curies":[{"name":"wp","href":"https:\/\/api.w.org\/{rel}","templated":true}]}}