{"id":1193,"date":"2019-05-29T10:26:05","date_gmt":"2019-05-29T08:26:05","guid":{"rendered":"http:\/\/sp1.hrubieszow.info\/?page_id=1193"},"modified":"2019-05-29T10:26:05","modified_gmt":"2019-05-29T08:26:05","slug":"ortograficzne-dwa-ognie-w-klubie-ortograffiti","status":"publish","type":"page","link":"https:\/\/sp1hrubieszow.pl\/index.php\/nauczyciele\/pedagog\/pedagog-2019\/ortograficzne-dwa-ognie-w-klubie-ortograffiti\/","title":{"rendered":"Ortograficzne \u201eDwa ognie\u201d w \u201eKlubie Ortograffiti\u201d"},"content":{"rendered":"\n<p style=\"text-align: justify;\"><span style=\"color: #000080;\"><em>&#8222;Graj w &#8222;Dwa ognie&#8221; m\u0142ody zuchu, ortografii ucz si\u0119&nbsp;w ruchu!\u201d<\/em><\/span><\/p>\n<p style=\"text-align: justify;\"><span style=\"color: #000080;\">27.05.2019r. klasa 4b, ze Szko\u0142y Podstawowej nr 1w Hrubieszowie uczestniczy\u0142a&nbsp;<\/span><br><span style=\"color: #000080;\">w nietypowej lekcji W-F oraz ortografii. <\/span><br><span style=\"color: #000080;\">Ortograficzne &#8222;Dwa ognie&#8221;, czyli popularny &#8222;Zbijak&#8221;, bardzo spodoba\u0142 si\u0119 uczniom. <\/span><br><span style=\"color: #000080;\">Karty ortomagiczne- wyrazy z trudno\u015bci\u0105 ortograficzn\u0105, naklejone na ta\u015bm\u0119 dwustronn\u0105 pomog\u0142y w utrwaleniu zasad ortograficznych&nbsp;i zapami\u0119taniu trudnych wyraz\u00f3w. Ka\u017cdy uczestnik, kt\u00f3ry zosta\u0142 &#8222;zbity pi\u0142k\u0105&#8221; w grze, mia\u0142 za zadanie poda\u0107 zasad\u0119 ortograficzn\u0105 pasuj\u0105c\u0105 do pisowni wyrazu, jaki mia\u0142 naklejony na bluzce. To by\u0142a naprawd\u0119 fajna zabawa <\/span><br><span style=\"color: #000080;\">a przede wszystkim przyjemna nauka:) Wsp\u00f3lne granie sta\u0142o si\u0119 tak\u017ce sposobem na integracj\u0119 Klubowicz\u00f3w uczestnicz\u0105cych w zaj\u0119ciach terapeutycznych&nbsp;z r\u00f3wie\u015bnikami. Pomys\u0142 na zadanie pochodzi z projektu &#8222;Starsi-m\u0142odszym&#8221;, realizowanego w ramach innowacji pedagogicznej \u201eKlub Ortograffiti\u201d.<\/span><\/p>\n<p style=\"text-align: justify;\">&nbsp;<\/p>\n<p style=\"text-align: justify;\"><span style=\"color: #000080;\">&nbsp;&nbsp;&nbsp;&nbsp;&nbsp;&nbsp;&nbsp;&nbsp;&nbsp;&nbsp;&nbsp;&nbsp;&nbsp;&nbsp;&nbsp;&nbsp;&nbsp;&nbsp;&nbsp;&nbsp;&nbsp;&nbsp;&nbsp;&nbsp;&nbsp;&nbsp;&nbsp;&nbsp;&nbsp;&nbsp;&nbsp;&nbsp;&nbsp;&nbsp; &nbsp;&nbsp;&nbsp;&nbsp;&nbsp;&nbsp;&nbsp;&nbsp;&nbsp;&nbsp;&nbsp;&nbsp;&nbsp;&nbsp;&nbsp;&nbsp;&nbsp;&nbsp;&nbsp;&nbsp;&nbsp;&nbsp;&nbsp;&nbsp;&nbsp;&nbsp;&nbsp;&nbsp;&nbsp;&nbsp;&nbsp;&nbsp;&nbsp;&nbsp;&nbsp; Opiekun \u201eKlubu Ortograffiti\u201d Marta Kuczy\u0144ska<\/span><\/p>\nngg_shortcode_0_placeholder\n","protected":false},"excerpt":{"rendered":"<p>&#8222;Graj w &#8222;Dwa ognie&#8221; m\u0142ody zuchu, ortografii ucz si\u0119&nbsp;w ruchu!\u201d 27.05.2019r. klasa 4b, ze Szko\u0142y Podstawowej nr 1w Hrubieszowie uczestniczy\u0142a&nbsp;w nietypowej lekcji W-F oraz ortografii. Ortograficzne &#8222;Dwa ognie&#8221;, czyli popularny &#8222;Zbijak&#8221;, bardzo spodoba\u0142 si\u0119 uczniom. Karty ortomagiczne- wyrazy z trudno\u015bci\u0105 ortograficzn\u0105, naklejone na ta\u015bm\u0119 dwustronn\u0105 pomog\u0142y w utrwaleniu zasad ortograficznych&nbsp;i zapami\u0119taniu trudnych wyraz\u00f3w. Ka\u017cdy uczestnik, [&hellip;]<\/p>\n","protected":false},"author":1,"featured_media":0,"parent":75,"menu_order":8,"comment_status":"closed","ping_status":"closed","template":"","meta":{"ngg_post_thumbnail":0,"footnotes":""},"class_list":["post-1193","page","type-page","status-publish","hentry"],"_links":{"self":[{"href":"https:\/\/sp1hrubieszow.pl\/index.php\/wp-json\/wp\/v2\/pages\/1193","targetHints":{"allow":["GET"]}}],"collection":[{"href":"https:\/\/sp1hrubieszow.pl\/index.php\/wp-json\/wp\/v2\/pages"}],"about":[{"href":"https:\/\/sp1hrubieszow.pl\/index.php\/wp-json\/wp\/v2\/types\/page"}],"author":[{"embeddable":true,"href":"https:\/\/sp1hrubieszow.pl\/index.php\/wp-json\/wp\/v2\/users\/1"}],"replies":[{"embeddable":true,"href":"https:\/\/sp1hrubieszow.pl\/index.php\/wp-json\/wp\/v2\/comments?post=1193"}],"version-history":[{"count":1,"href":"https:\/\/sp1hrubieszow.pl\/index.php\/wp-json\/wp\/v2\/pages\/1193\/revisions"}],"predecessor-version":[{"id":1194,"href":"https:\/\/sp1hrubieszow.pl\/index.php\/wp-json\/wp\/v2\/pages\/1193\/revisions\/1194"}],"up":[{"embeddable":true,"href":"https:\/\/sp1hrubieszow.pl\/index.php\/wp-json\/wp\/v2\/pages\/75"}],"wp:attachment":[{"href":"https:\/\/sp1hrubieszow.pl\/index.php\/wp-json\/wp\/v2\/media?parent=1193"}],"curies":[{"name":"wp","href":"https:\/\/api.w.org\/{rel}","templated":true}]}}