{"id":11820,"date":"2021-10-26T16:37:39","date_gmt":"2021-10-26T14:37:39","guid":{"rendered":"http:\/\/sp1.hrubieszow.info\/?page_id=11820"},"modified":"2021-10-26T16:37:57","modified_gmt":"2021-10-26T14:37:57","slug":"12-miejsce-na-mistrzostwach-polski-w-sztafetowych-biegach-przelajowych","status":"publish","type":"page","link":"https:\/\/sp1hrubieszow.pl\/index.php\/kronika-2020-2021\/12-miejsce-na-mistrzostwach-polski-w-sztafetowych-biegach-przelajowych\/","title":{"rendered":"12 miejsce na Mistrzostwach Polski w Sztafetowych Biegach Prze\u0142ajowych"},"content":{"rendered":"\n<div class=\"o9v6fnle cxmmr5t8 oygrvhab hcukyx3x c1et5uql ii04i59q\">\n<div dir=\"auto\"><span style=\"color: #000080;\">26 pa\u017adziernika w Olecku odby\u0142y si\u0119 Mistrzostwa Polski w Sztafetowych Biegach Prze\u0142ajowych. Niew\u0105tpliwie sam udzia\u0142 w Mistrzostwach by\u0142 dla naszych uczni\u00f3w spor\u0105 nobilitacj\u0105 oraz mo\u017cliwo\u015bci\u0105 sprawdzenia si\u0119 z najlepszymi dru\u017cynami w kraju.<\/span><\/div>\n<div dir=\"auto\"><span style=\"color: #000080;\">Ch\u0142opcy walczyli bardzo ambitnie, a ka\u017cdy walczy\u0142 za dw\u00f3ch, starczy\u0142o to nam na 12 miejsce.<\/span><\/div>\n<div dir=\"auto\"><span style=\"color: #000080;\">Ch\u0142opcy pobiegli w sk\u0142adzie: Maciej Borz\u0119cki, Karol Krajewski, Miko\u0142aj Czerkawski, Kajetan Szewc, Tomasz Pawlos, Wojciech Malinowski, rez. Franciszek Kogut<\/span><\/div>\n<\/div>\n<div class=\"o9v6fnle cxmmr5t8 oygrvhab hcukyx3x c1et5uql ii04i59q\">\n<div dir=\"auto\"><span style=\"color: #000080;\">Chcieliby\u015bmy serdecznie podzi\u0119kowa\u0107 Gminie Miejskiej Hrubiesz\u00f3w, Pani Marcie Majewskiej za wsparcie finansowe, bez kt\u00f3rego nie odby\u0142by si\u0119 ten wyjazd. Urz\u0105d Miasta wspiera\u0142 nas na ka\u017cdym szczeblu rozgrywek, co niew\u0105tpliwie zaowocowa\u0142o naszym wielkim sukcesem.<\/span><\/div>\n<\/div>\n<div class=\"o9v6fnle cxmmr5t8 oygrvhab hcukyx3x c1et5uql ii04i59q\">\n<div dir=\"auto\"><span style=\"color: #000080;\">Gratulujemy m\u0142odym prze\u0142ajowcom i \u017cyczymy dalszych sportowych sukces\u00f3w<\/span> <span class=\"pq6dq46d tbxw36s4 knj5qynh kvgmc6g5 ditlmg2l oygrvhab nvdbi5me sf5mxxl7 gl3lb2sf hhz5lgdu\"><img loading=\"lazy\" decoding=\"async\" src=\"https:\/\/static.xx.fbcdn.net\/images\/emoji.php\/v9\/tb\/2\/16\/1f4aa.png\" alt=\"?\" width=\"16\" height=\"16\"><\/span> <span class=\"pq6dq46d tbxw36s4 knj5qynh kvgmc6g5 ditlmg2l oygrvhab nvdbi5me sf5mxxl7 gl3lb2sf hhz5lgdu\"><img loading=\"lazy\" decoding=\"async\" src=\"https:\/\/static.xx.fbcdn.net\/images\/emoji.php\/v9\/teb\/2\/16\/1f642.png\" alt=\"?\" width=\"16\" height=\"16\"><\/span><\/div>\n<div dir=\"auto\">\nngg_shortcode_0_placeholder\n<\/div>\n<\/div>\n","protected":false},"excerpt":{"rendered":"<p>26 pa\u017adziernika w Olecku odby\u0142y si\u0119 Mistrzostwa Polski w Sztafetowych Biegach Prze\u0142ajowych. Niew\u0105tpliwie sam udzia\u0142 w Mistrzostwach by\u0142 dla naszych uczni\u00f3w spor\u0105 nobilitacj\u0105 oraz mo\u017cliwo\u015bci\u0105 sprawdzenia si\u0119 z najlepszymi dru\u017cynami w kraju. Ch\u0142opcy walczyli bardzo ambitnie, a ka\u017cdy walczy\u0142 za dw\u00f3ch, starczy\u0142o to nam na 12 miejsce. Ch\u0142opcy pobiegli w sk\u0142adzie: Maciej Borz\u0119cki, Karol Krajewski, [&hellip;]<\/p>\n","protected":false},"author":2,"featured_media":0,"parent":5983,"menu_order":0,"comment_status":"closed","ping_status":"closed","template":"","meta":{"ngg_post_thumbnail":0,"footnotes":""},"class_list":["post-11820","page","type-page","status-publish","hentry"],"_links":{"self":[{"href":"https:\/\/sp1hrubieszow.pl\/index.php\/wp-json\/wp\/v2\/pages\/11820","targetHints":{"allow":["GET"]}}],"collection":[{"href":"https:\/\/sp1hrubieszow.pl\/index.php\/wp-json\/wp\/v2\/pages"}],"about":[{"href":"https:\/\/sp1hrubieszow.pl\/index.php\/wp-json\/wp\/v2\/types\/page"}],"author":[{"embeddable":true,"href":"https:\/\/sp1hrubieszow.pl\/index.php\/wp-json\/wp\/v2\/users\/2"}],"replies":[{"embeddable":true,"href":"https:\/\/sp1hrubieszow.pl\/index.php\/wp-json\/wp\/v2\/comments?post=11820"}],"version-history":[{"count":1,"href":"https:\/\/sp1hrubieszow.pl\/index.php\/wp-json\/wp\/v2\/pages\/11820\/revisions"}],"predecessor-version":[{"id":11821,"href":"https:\/\/sp1hrubieszow.pl\/index.php\/wp-json\/wp\/v2\/pages\/11820\/revisions\/11821"}],"up":[{"embeddable":true,"href":"https:\/\/sp1hrubieszow.pl\/index.php\/wp-json\/wp\/v2\/pages\/5983"}],"wp:attachment":[{"href":"https:\/\/sp1hrubieszow.pl\/index.php\/wp-json\/wp\/v2\/media?parent=11820"}],"curies":[{"name":"wp","href":"https:\/\/api.w.org\/{rel}","templated":true}]}}