{"id":11800,"date":"2021-10-26T15:56:32","date_gmt":"2021-10-26T13:56:32","guid":{"rendered":"http:\/\/sp1.hrubieszow.info\/?page_id=11800"},"modified":"2021-10-26T16:15:25","modified_gmt":"2021-10-26T14:15:25","slug":"podsumowanie-zbiorki-karmy-dla-zwierzat","status":"publish","type":"page","link":"https:\/\/sp1hrubieszow.pl\/index.php\/kronika-2020-2021\/podsumowanie-zbiorki-karmy-dla-zwierzat\/","title":{"rendered":"Podsumowanie zbi\u00f3rki karmy dla zwierz\u0105t"},"content":{"rendered":"\n<p><span style=\"color: #000080;\">Jak co roku w naszej szkole organizowana jest cykliczna zbi\u00f3rka karmy dla bezdomnych zwierz\u0105t. W tegorocznej zbi\u00f3rce zebrali\u015bmy 372,5 kg karmy suchej i mokrej, kt\u00f3ra z pomoc\u0105 wolontariuszy ze Szkolnego Ko\u0142a Wolontariatu zosta\u0142a przekazana fundacji \u201eReksio i Przyjaciele\u201d w Podhorcach oraz Miejskiej Bibliotece Publicznej \u201eZielony Kot\u201d. Dzi\u0119kujemy wszystkim uczniom, kt\u00f3rzy odpowiedzieli na nasz apel i zaanga\u017cowali si\u0119 w pomoc potrzebuj\u0105cym zwierz\u0119tom. Szczeg\u00f3lne podzi\u0119kowania kierujemy uczniom klasy 3b, kt\u00f3rzy zgromadzili najwi\u0119ksz\u0105 ilo\u015b\u0107 karmy ze wszystkich klas (a\u017c 82,95 kg!). Klasa 3b zostanie nagrodzona wybranym dniem wolnym od pytania, kartk\u00f3wek i pracy domowej. <\/span><br><span style=\"color: #000080;\">I o to chodzi &#8211; by by\u0107 WIELKIM i pomaga\u0107 MA\u0141YM.<\/span><\/p>\n<p style=\"text-align: right;\"><br><span style=\"color: #000080;\">Organizatorzy:<\/span><br><span style=\"color: #000080;\">Anna Karkuszewska<\/span><br><span style=\"color: #000080;\">Paulina Seweryn <\/span><br><span style=\"color: #000080;\">Justyna Przybik<\/span><\/p>\nngg_shortcode_0_placeholder\n","protected":false},"excerpt":{"rendered":"<p>Jak co roku w naszej szkole organizowana jest cykliczna zbi\u00f3rka karmy dla bezdomnych zwierz\u0105t. W tegorocznej zbi\u00f3rce zebrali\u015bmy 372,5 kg karmy suchej i mokrej, kt\u00f3ra z pomoc\u0105 wolontariuszy ze Szkolnego Ko\u0142a Wolontariatu zosta\u0142a przekazana fundacji \u201eReksio i Przyjaciele\u201d w Podhorcach oraz Miejskiej Bibliotece Publicznej \u201eZielony Kot\u201d. Dzi\u0119kujemy wszystkim uczniom, kt\u00f3rzy odpowiedzieli na nasz apel i [&hellip;]<\/p>\n","protected":false},"author":2,"featured_media":0,"parent":5983,"menu_order":0,"comment_status":"closed","ping_status":"closed","template":"","meta":{"ngg_post_thumbnail":0,"footnotes":""},"class_list":["post-11800","page","type-page","status-publish","hentry"],"_links":{"self":[{"href":"https:\/\/sp1hrubieszow.pl\/index.php\/wp-json\/wp\/v2\/pages\/11800","targetHints":{"allow":["GET"]}}],"collection":[{"href":"https:\/\/sp1hrubieszow.pl\/index.php\/wp-json\/wp\/v2\/pages"}],"about":[{"href":"https:\/\/sp1hrubieszow.pl\/index.php\/wp-json\/wp\/v2\/types\/page"}],"author":[{"embeddable":true,"href":"https:\/\/sp1hrubieszow.pl\/index.php\/wp-json\/wp\/v2\/users\/2"}],"replies":[{"embeddable":true,"href":"https:\/\/sp1hrubieszow.pl\/index.php\/wp-json\/wp\/v2\/comments?post=11800"}],"version-history":[{"count":2,"href":"https:\/\/sp1hrubieszow.pl\/index.php\/wp-json\/wp\/v2\/pages\/11800\/revisions"}],"predecessor-version":[{"id":11804,"href":"https:\/\/sp1hrubieszow.pl\/index.php\/wp-json\/wp\/v2\/pages\/11800\/revisions\/11804"}],"up":[{"embeddable":true,"href":"https:\/\/sp1hrubieszow.pl\/index.php\/wp-json\/wp\/v2\/pages\/5983"}],"wp:attachment":[{"href":"https:\/\/sp1hrubieszow.pl\/index.php\/wp-json\/wp\/v2\/media?parent=11800"}],"curies":[{"name":"wp","href":"https:\/\/api.w.org\/{rel}","templated":true}]}}