{"id":11785,"date":"2021-10-25T21:10:30","date_gmt":"2021-10-25T19:10:30","guid":{"rendered":"http:\/\/sp1.hrubieszow.info\/?page_id=11785"},"modified":"2021-10-25T21:10:43","modified_gmt":"2021-10-25T19:10:43","slug":"ii-miedzynarodowa-edycja-przerwy-na-czytanie","status":"publish","type":"page","link":"https:\/\/sp1hrubieszow.pl\/index.php\/kronika-2020-2021\/ii-miedzynarodowa-edycja-przerwy-na-czytanie\/","title":{"rendered":"II MI\u0118DZYNARODOWA EDYCJA \u201ePRZERWY NA CZYTANIE\u201d"},"content":{"rendered":"\n<p><img loading=\"lazy\" decoding=\"async\" class=\"size-medium wp-image-11784 aligncenter\" src=\"http:\/\/sp1.hrubieszow.info\/wp-content\/uploads\/2021\/10\/grafika-FB-wydarzenie-Przerwa-2021-300x169.png\" alt=\"\" width=\"300\" height=\"169\" srcset=\"https:\/\/sp1hrubieszow.pl\/wp-content\/uploads\/2021\/10\/grafika-FB-wydarzenie-Przerwa-2021-300x169.png 300w, https:\/\/sp1hrubieszow.pl\/wp-content\/uploads\/2021\/10\/grafika-FB-wydarzenie-Przerwa-2021-768x433.png 768w, https:\/\/sp1hrubieszow.pl\/wp-content\/uploads\/2021\/10\/grafika-FB-wydarzenie-Przerwa-2021-1024x577.png 1024w, https:\/\/sp1hrubieszow.pl\/wp-content\/uploads\/2021\/10\/grafika-FB-wydarzenie-Przerwa-2021-624x352.png 624w, https:\/\/sp1hrubieszow.pl\/wp-content\/uploads\/2021\/10\/grafika-FB-wydarzenie-Przerwa-2021.png 1640w\" sizes=\"auto, (max-width: 300px) 100vw, 300px\" \/><\/p>\n<div dir=\"auto\"><span style=\"color: #000080;\">Ju\u017c w najbli\u017csz\u0105 \u015brod\u0119 (27 pa\u017adziernika) nasza szko\u0142a bierze udzia\u0142 w kolejnej II Mi\u0119dzynarodowej edycji VI Og\u00f3lnopolskiej akcji bicia rekordu w liczbie os\u00f3b czytaj\u0105cych na przerwie pt. Przerwa na czytanie \u2013 bicie rekordu w czytaniu na przerwie. Wydarzenie odbywa si\u0119 w ramach Mi\u0119dzynarodowego Miesi\u0105ca Bibliotek Szkolnych oraz kampanii spo\u0142ecznej Ca\u0142a Polska czyta dzieciom.<\/span><\/div>\n<div dir=\"auto\"><span style=\"color: #000080;\">Zach\u0119camy, aby tego dnia zabra\u0107 ze sob\u0105 do szko\u0142y ksi\u0105\u017ck\u0119 i czyta\u0107 na ka\u017cdej przerwie. Mo\u017cna b\u0119dzie r\u00f3wnie\u017c skorzysta\u0107 z ksi\u0105\u017cek ze szkolnej biblioteki. W tym dniu czytamy WSZYSCY!!!<\/span><\/div>\n","protected":false},"excerpt":{"rendered":"<p>Ju\u017c w najbli\u017csz\u0105 \u015brod\u0119 (27 pa\u017adziernika) nasza szko\u0142a bierze udzia\u0142 w kolejnej II Mi\u0119dzynarodowej edycji VI Og\u00f3lnopolskiej akcji bicia rekordu w liczbie os\u00f3b czytaj\u0105cych na przerwie pt. Przerwa na czytanie \u2013 bicie rekordu w czytaniu na przerwie. Wydarzenie odbywa si\u0119 w ramach Mi\u0119dzynarodowego Miesi\u0105ca Bibliotek Szkolnych oraz kampanii spo\u0142ecznej Ca\u0142a Polska czyta dzieciom. Zach\u0119camy, aby [&hellip;]<\/p>\n","protected":false},"author":2,"featured_media":0,"parent":5983,"menu_order":0,"comment_status":"closed","ping_status":"closed","template":"","meta":{"ngg_post_thumbnail":0,"footnotes":""},"class_list":["post-11785","page","type-page","status-publish","hentry"],"_links":{"self":[{"href":"https:\/\/sp1hrubieszow.pl\/index.php\/wp-json\/wp\/v2\/pages\/11785","targetHints":{"allow":["GET"]}}],"collection":[{"href":"https:\/\/sp1hrubieszow.pl\/index.php\/wp-json\/wp\/v2\/pages"}],"about":[{"href":"https:\/\/sp1hrubieszow.pl\/index.php\/wp-json\/wp\/v2\/types\/page"}],"author":[{"embeddable":true,"href":"https:\/\/sp1hrubieszow.pl\/index.php\/wp-json\/wp\/v2\/users\/2"}],"replies":[{"embeddable":true,"href":"https:\/\/sp1hrubieszow.pl\/index.php\/wp-json\/wp\/v2\/comments?post=11785"}],"version-history":[{"count":1,"href":"https:\/\/sp1hrubieszow.pl\/index.php\/wp-json\/wp\/v2\/pages\/11785\/revisions"}],"predecessor-version":[{"id":11786,"href":"https:\/\/sp1hrubieszow.pl\/index.php\/wp-json\/wp\/v2\/pages\/11785\/revisions\/11786"}],"up":[{"embeddable":true,"href":"https:\/\/sp1hrubieszow.pl\/index.php\/wp-json\/wp\/v2\/pages\/5983"}],"wp:attachment":[{"href":"https:\/\/sp1hrubieszow.pl\/index.php\/wp-json\/wp\/v2\/media?parent=11785"}],"curies":[{"name":"wp","href":"https:\/\/api.w.org\/{rel}","templated":true}]}}