{"id":11779,"date":"2021-10-25T20:31:20","date_gmt":"2021-10-25T18:31:20","guid":{"rendered":"http:\/\/sp1.hrubieszow.info\/?page_id=11779"},"modified":"2021-10-25T20:32:06","modified_gmt":"2021-10-25T18:32:06","slug":"kolejne-zajecia-z-kodowania","status":"publish","type":"page","link":"https:\/\/sp1hrubieszow.pl\/index.php\/kronika-2020-2021\/kolejne-zajecia-z-kodowania\/","title":{"rendered":"Kolejne zaj\u0119cia z kodowania"},"content":{"rendered":"\n<p><span style=\"color: #000080;\">Dzisiaj kolejne spotkanie z Kodowaniem w klasie 1a sprawi\u0142o uczestnikom olbrzymi\u0105 rado\u015b\u0107. Zaprzyja\u017anili si\u0119 z robocikiem Evo za spraw\u0105 pani Aleksandry Kopczy\u0144skiej.<\/span><\/p>\nngg_shortcode_0_placeholder\n","protected":false},"excerpt":{"rendered":"<p>Dzisiaj kolejne spotkanie z Kodowaniem w klasie 1a sprawi\u0142o uczestnikom olbrzymi\u0105 rado\u015b\u0107. Zaprzyja\u017anili si\u0119 z robocikiem Evo za spraw\u0105 pani Aleksandry Kopczy\u0144skiej.<\/p>\n","protected":false},"author":2,"featured_media":0,"parent":5983,"menu_order":0,"comment_status":"closed","ping_status":"closed","template":"","meta":{"ngg_post_thumbnail":0,"footnotes":""},"class_list":["post-11779","page","type-page","status-publish","hentry"],"_links":{"self":[{"href":"https:\/\/sp1hrubieszow.pl\/index.php\/wp-json\/wp\/v2\/pages\/11779","targetHints":{"allow":["GET"]}}],"collection":[{"href":"https:\/\/sp1hrubieszow.pl\/index.php\/wp-json\/wp\/v2\/pages"}],"about":[{"href":"https:\/\/sp1hrubieszow.pl\/index.php\/wp-json\/wp\/v2\/types\/page"}],"author":[{"embeddable":true,"href":"https:\/\/sp1hrubieszow.pl\/index.php\/wp-json\/wp\/v2\/users\/2"}],"replies":[{"embeddable":true,"href":"https:\/\/sp1hrubieszow.pl\/index.php\/wp-json\/wp\/v2\/comments?post=11779"}],"version-history":[{"count":2,"href":"https:\/\/sp1hrubieszow.pl\/index.php\/wp-json\/wp\/v2\/pages\/11779\/revisions"}],"predecessor-version":[{"id":11781,"href":"https:\/\/sp1hrubieszow.pl\/index.php\/wp-json\/wp\/v2\/pages\/11779\/revisions\/11781"}],"up":[{"embeddable":true,"href":"https:\/\/sp1hrubieszow.pl\/index.php\/wp-json\/wp\/v2\/pages\/5983"}],"wp:attachment":[{"href":"https:\/\/sp1hrubieszow.pl\/index.php\/wp-json\/wp\/v2\/media?parent=11779"}],"curies":[{"name":"wp","href":"https:\/\/api.w.org\/{rel}","templated":true}]}}