{"id":11758,"date":"2021-10-23T18:46:44","date_gmt":"2021-10-23T16:46:44","guid":{"rendered":"http:\/\/sp1.hrubieszow.info\/?page_id=11758"},"modified":"2021-10-23T18:48:33","modified_gmt":"2021-10-23T16:48:33","slug":"tydzien-mediacji-i-miedzynarodowy-dzien-mediacji2021","status":"publish","type":"page","link":"https:\/\/sp1hrubieszow.pl\/index.php\/kronika-2020-2021\/tydzien-mediacji-i-miedzynarodowy-dzien-mediacji2021\/","title":{"rendered":"Tydzie\u0144 Mediacji i Mi\u0119dzynarodowy Dzie\u0144 Mediacji\u20192021"},"content":{"rendered":"\n<div class=\"o9v6fnle cxmmr5t8 oygrvhab hcukyx3x c1et5uql ii04i59q\">\n<div dir=\"auto\"><span style=\"color: #000080;\">W dniach 18-22.10.2021r. w Szkole Podstawowej Nr 1 im. Boles\u0142awa Prusa w Hrubieszowie obchodzono Tydzie\u0144 Mediacji, za\u015b 21.10.2021r. zorganizowano Mi\u0119dzynarodowy Dzie\u0144 Mediacji.<\/span><\/div>\n<div dir=\"auto\"><span style=\"color: #000080;\">Z tej szczeg\u00f3lnej okazji podsumowano szkolenie nowej grupy mediator\u00f3w r\u00f3wie\u015bniczych, kt\u00f3rzy odebrali Certyfikaty Mediatora R\u00f3wie\u015bniczego. Szkolenie m\u0142odych mediator\u00f3w odbywa\u0142o si\u0119 <\/span><span style=\"color: #000080;\">w roku szkolnym 2020\/2021 oraz 2021\/2022 i obejmowa\u0142o cze\u015b\u0107 teoretyczn\u0105 oraz praktyczn\u0105, w wymaganej liczbie godzin, zgodnie ze standardami szkolenia mediator\u00f3w r\u00f3wie\u015bniczych. Uczniowie uczestniczyli w szkoleniu w formie stacjonarnej i zdalnej. Szkolenie w cz\u0119\u015bci podstaw komunikacji interpersonalnej i psychologicznych aspekt\u00f3w prowadzenia mediacji prowadzi\u0142a pani psycholog Aneta Dyl-Tarnawska, za\u015b wiedz\u0119 teoretyczn\u0105 i praktyczn\u0105 w zakresie pracy z konfliktem, procedury mediacji, praktyki prowadzenia mediacji, przekaza\u0142a uczniom opiekunka Szkolnego Klubu Mediatora- pani Marta Kuczy\u0144ska, mediator.<\/span><\/div>\n<div dir=\"auto\">&nbsp;<\/div>\n<div dir=\"auto\"><span style=\"color: #000080;\">Certyfikat Mediatora R\u00f3wie\u015bniczego oraz odznak\u0119 mediatora otrzymali nast\u0119puj\u0105cy uczniowie klas si\u00f3dmych i \u00f3smych, cz\u0142onkowie Szkolnego Klubu Mediatora:<\/span><\/div>\n<div dir=\"auto\"><span style=\"color: #000080;\">1. Gabriela Tarnowska, kl,7a<\/span><\/div>\n<div dir=\"auto\"><span style=\"color: #000080;\">2. Pawe\u0142 Stankiewicz, kl.7a<\/span><\/div>\n<div dir=\"auto\"><span style=\"color: #000080;\">3. Barbara K\u0142odzi\u0144ska, kl.7b<\/span><\/div>\n<div dir=\"auto\"><span style=\"color: #000080;\">4. Emilia Sobczuk, kl.7b<\/span><\/div>\n<div dir=\"auto\"><span style=\"color: #000080;\">5. Wiktoria Zaj\u0105c, kl. 7b<\/span><\/div>\n<div dir=\"auto\"><span style=\"color: #000080;\">6. Aleksandra Piasecka, kl. 7b<\/span><\/div>\n<div dir=\"auto\"><span style=\"color: #000080;\">7. Oliwia Sztojko, kl. 7c<\/span><\/div>\n<div dir=\"auto\"><span style=\"color: #000080;\">8. Stefania Suchecka, kl. 7c<\/span><\/div>\n<div dir=\"auto\"><span style=\"color: #000080;\">9. Zuzanna Mr\u00f3z, kl. 7c<\/span><\/div>\n<div dir=\"auto\"><span style=\"color: #000080;\">10. Wiktoria Iwan, kl. 7d<\/span><\/div>\n<div dir=\"auto\"><span style=\"color: #000080;\">11. Aleksandra Rz\u0105d, kl. 7d<\/span><\/div>\n<div dir=\"auto\"><span style=\"color: #000080;\">12. Weronika Wysocka, kl. 7d<\/span><\/div>\n<div dir=\"auto\"><span style=\"color: #000080;\">13. Karolina Jasi\u0144ska, kl. 7d<\/span><\/div>\n<div dir=\"auto\"><span style=\"color: #000080;\">14. Alicja Lipska, kl. 8a<\/span><\/div>\n<div dir=\"auto\"><span style=\"color: #000080;\">15. Kamila Tokarczuk, kl. 8a<\/span><\/div>\n<div dir=\"auto\"><span style=\"color: #000080;\">16. Kaja Kraszkiewicz, kl. 8a<\/span><\/div>\n<div dir=\"auto\"><span style=\"color: #000080;\">17. Maciej Obszy\u0144ski, kl. 8b<\/span><\/div>\n<div dir=\"auto\"><span style=\"color: #000080;\">18. Zofia \u015aliwa kl. 8b<\/span><\/div>\n<div dir=\"auto\"><span style=\"color: #000080;\">19. Dominika Zezula, kl. 8b<\/span><\/div>\n<div dir=\"auto\"><span style=\"color: #000080;\">20. Hanna Gidzi\u0144ska, kl. 8b<\/span><\/div>\n<div dir=\"auto\"><span style=\"color: #000080;\">21. Nikola Czulak, kl. 8b<\/span><\/div>\n<div dir=\"auto\"><span style=\"color: #000080;\">22. Nikola G\u0142owacz, kl. 8b<\/span><\/div>\n<div dir=\"auto\"><span style=\"color: #000080;\">23. Martyna Mielniczuk, kl. 8c<\/span><\/div>\n<div dir=\"auto\"><span style=\"color: #000080;\">24. Marcel Baj, kl. 8c<\/span><\/div>\n<div dir=\"auto\"><span style=\"color: #000080;\">25. Karol Kowalski, kl. 8c<\/span><\/div>\n<div dir=\"auto\"><span style=\"color: #000080;\">26. Martyna Osma\u0144ska, kl. 8c<\/span><\/div>\n<div dir=\"auto\"><span style=\"color: #000080;\">27. Szymon Siwak, kl. 8d<\/span><\/div>\n<div dir=\"auto\"><span style=\"color: #000080;\">28. Pawe\u0142 Gumieniak, kl. 8d<\/span><\/div>\n<div dir=\"auto\"><span style=\"color: #000080;\">29. Wiktoria Najfeld, kl. 8d<\/span><\/div>\n<div dir=\"auto\"><span style=\"color: #000080;\">30. Aleksandra Raczy\u0144ska, kl. 8d<\/span><\/div>\n<div dir=\"auto\"><span style=\"color: #000080;\">31. Nicolla Jaworska, kl. 8d<\/span><\/div>\n<div dir=\"auto\">&nbsp;<\/div>\n<\/div>\n<div class=\"o9v6fnle cxmmr5t8 oygrvhab hcukyx3x c1et5uql ii04i59q\">\n<div dir=\"auto\"><span style=\"color: #000080;\">Dzia\u0142ania w ramach obchod\u00f3w Tygodnia Mediacji i Mi\u0119dzynarodowego Dnia Mediacji zorganizowane by\u0142y przez Szkolny Klub Mediatora w celu popularyzowania idei mediacji i mediacji r\u00f3wie\u015bniczych, jako konstruktywnego rozwi\u0105zywania konflikt\u00f3w i spor\u00f3w.<\/span><\/div>\n<div dir=\"auto\"><span style=\"color: #000080;\">W Tygodniu Mediacji odby\u0142 si\u0119 apel w szkolnym radiow\u0119\u017ale, podczas kt\u00f3rego przybli\u017cono uczniom ide\u0119 mediacji i zach\u0119cono do korzystania z pomocy szkolnych mediator\u00f3w r\u00f3wie\u015bniczych przy rozwi\u0105zywaniu konflikt\u00f3w z kole\u017cankami i kolegami. Na korytarzach szkolnych pojawi\u0142y si\u0119 gazetki \u015bcienne, dotycz\u0105ce mediacji. Przedstawicielki Szkolnego Klubu Mediatora odwiedzi\u0142y wszystkie klasy, zach\u0119ci\u0142y do korzystania z pomocy mediator\u00f3w przy rozwi\u0105zywaniu konflikt\u00f3w oraz przekaza\u0142y materia\u0142y edukacyjne, dotycz\u0105ce mediacji i mediacji r\u00f3wie\u015bniczych.<\/span><\/div>\n<div dir=\"auto\">&nbsp;<\/div>\n<div dir=\"auto\"><span style=\"color: #000080;\">Sk\u0142adamy serdeczne podzi\u0119kowania Pani Jowicie Skowron, za opracowanie graficzne logo Szkolnego Klubu Mediatora a tak\u017ce wszystkim tym, kt\u00f3rzy wspierali proces szkolenia mediator\u00f3w r\u00f3wie\u015bniczych.<\/span><\/div>\n<\/div>\n<div dir=\"auto\">\nngg_shortcode_0_placeholder\n<\/div>\n","protected":false},"excerpt":{"rendered":"<p>W dniach 18-22.10.2021r. w Szkole Podstawowej Nr 1 im. Boles\u0142awa Prusa w Hrubieszowie obchodzono Tydzie\u0144 Mediacji, za\u015b 21.10.2021r. zorganizowano Mi\u0119dzynarodowy Dzie\u0144 Mediacji. Z tej szczeg\u00f3lnej okazji podsumowano szkolenie nowej grupy mediator\u00f3w r\u00f3wie\u015bniczych, kt\u00f3rzy odebrali Certyfikaty Mediatora R\u00f3wie\u015bniczego. Szkolenie m\u0142odych mediator\u00f3w odbywa\u0142o si\u0119 w roku szkolnym 2020\/2021 oraz 2021\/2022 i obejmowa\u0142o cze\u015b\u0107 teoretyczn\u0105 oraz praktyczn\u0105, w [&hellip;]<\/p>\n","protected":false},"author":2,"featured_media":0,"parent":5983,"menu_order":0,"comment_status":"closed","ping_status":"closed","template":"","meta":{"ngg_post_thumbnail":0,"footnotes":""},"class_list":["post-11758","page","type-page","status-publish","hentry"],"_links":{"self":[{"href":"https:\/\/sp1hrubieszow.pl\/index.php\/wp-json\/wp\/v2\/pages\/11758","targetHints":{"allow":["GET"]}}],"collection":[{"href":"https:\/\/sp1hrubieszow.pl\/index.php\/wp-json\/wp\/v2\/pages"}],"about":[{"href":"https:\/\/sp1hrubieszow.pl\/index.php\/wp-json\/wp\/v2\/types\/page"}],"author":[{"embeddable":true,"href":"https:\/\/sp1hrubieszow.pl\/index.php\/wp-json\/wp\/v2\/users\/2"}],"replies":[{"embeddable":true,"href":"https:\/\/sp1hrubieszow.pl\/index.php\/wp-json\/wp\/v2\/comments?post=11758"}],"version-history":[{"count":2,"href":"https:\/\/sp1hrubieszow.pl\/index.php\/wp-json\/wp\/v2\/pages\/11758\/revisions"}],"predecessor-version":[{"id":11762,"href":"https:\/\/sp1hrubieszow.pl\/index.php\/wp-json\/wp\/v2\/pages\/11758\/revisions\/11762"}],"up":[{"embeddable":true,"href":"https:\/\/sp1hrubieszow.pl\/index.php\/wp-json\/wp\/v2\/pages\/5983"}],"wp:attachment":[{"href":"https:\/\/sp1hrubieszow.pl\/index.php\/wp-json\/wp\/v2\/media?parent=11758"}],"curies":[{"name":"wp","href":"https:\/\/api.w.org\/{rel}","templated":true}]}}