{"id":11709,"date":"2021-10-23T18:31:34","date_gmt":"2021-10-23T16:31:34","guid":{"rendered":"http:\/\/sp1.hrubieszow.info\/?page_id=11709"},"modified":"2021-10-23T18:35:01","modified_gmt":"2021-10-23T16:35:01","slug":"podsumowanie-konkursu-plastycznego-pt-mediacja-sposobem-na-konfliktpatronat-honorowy-burmistrza-miasta-hrubieszowa-i-prezesa-sadu-rejonowego-w-hrubieszowie","status":"publish","type":"page","link":"https:\/\/sp1hrubieszow.pl\/index.php\/kronika-2020-2021\/podsumowanie-konkursu-plastycznego-pt-mediacja-sposobem-na-konfliktpatronat-honorowy-burmistrza-miasta-hrubieszowa-i-prezesa-sadu-rejonowego-w-hrubieszowie\/","title":{"rendered":"Podsumowanie konkursu plastycznego pt. \u201eMediacja sposobem na konflikt \u201dPatronat Honorowy Burmistrza Miasta Hrubieszowa i Prezesa S\u0105du Rejonowego w Hrubieszowie"},"content":{"rendered":"\n<div class=\"o9v6fnle cxmmr5t8 oygrvhab hcukyx3x c1et5uql ii04i59q\">\n<div dir=\"auto\"><span style=\"color: #000080;\">Z okazji \u201eMi\u0119dzynarodowego Dnia Mediacji\u201d w dniu 21.10.2021r., w Szkole Podstawowej Nr 1 im. Boles\u0142awa Prusa w Hrubieszowie, odby\u0142o si\u0119 uroczyste podsumowanie konkursu plastycznego pt. \u201eMediacja sposobem na konflikt\u201d.<\/span><\/div>\n<div dir=\"auto\"><span style=\"color: #000080;\">Konkurs skierowany by\u0142 do uczni\u00f3w szk\u00f3\u0142 podstawowych i ponadpodstawowych z powiatu hrubieszowskiego oraz do innych szk\u00f3\u0142, promuj\u0105cych ide\u0119 mediacji r\u00f3wie\u015bniczych.<\/span><\/div>\n<div dir=\"auto\"><span style=\"color: #000080;\">Organizatorem konkursu by\u0142a Szko\u0142a Podstawowa Nr 1 im. Boles\u0142awa Prusa w Hrubieszowie-Szkolny Klub Mediatora, patronat honorowy na konkursem obj\u0119\u0142a Pani Marta Majewska, Burmistrz Miasta Hrubieszowa oraz Pan Adam Pisiewicz, Prezes S\u0105du Rejonowego w Hrubieszowie.<\/span><\/div>\n<div dir=\"auto\"><span style=\"color: #000080;\">Konkurs mia\u0142 na celu popularyzowanie w\u015br\u00f3d dzieci i m\u0142odzie\u017cy wiedzy na temat mediacji, jako konstruktywnego sposobu rozwi\u0105zywania konflikt\u00f3w i spor\u00f3w, promowanie mediacji i <\/span><span style=\"color: #000080;\">kszta\u0142towanie w\u015br\u00f3d uczni\u00f3w pozytywnego wizerunku mediacji, w tym mediacji r\u00f3wie\u015bniczych oraz zach\u0119cenie uczestnik\u00f3w konkursu do udzia\u0142u w obchodach Tygodnia Mediacji <\/span><span style=\"color: #000080;\">i Mi\u0119dzynarodowego Dnia Mediacji\u20192021.<\/span><\/div>\n<div dir=\"auto\"><span style=\"color: #000080;\">Uroczystego rozdania nagr\u00f3d i wyr\u00f3\u017cnie\u0144 laureatom konkursu dokonali zaproszeni go\u015bcie: Pani Monika Podolak, Sekretarz Miasta Hrubieszowa, Pan Adam Pisiewicz, Prezes S\u0105du Rejonowego<\/span><\/div>\n<div dir=\"auto\"><span style=\"color: #000080;\">w Hrubieszowie oraz Pani Edyta Kucharska, Dyrektor Szko\u0142y Podstawowej Nr 1 w Hrubieszowie.<\/span><\/div>\n<div dir=\"auto\">&nbsp;<\/div>\n<\/div>\n<div class=\"o9v6fnle cxmmr5t8 oygrvhab hcukyx3x c1et5uql ii04i59q\">\n<div dir=\"auto\"><span style=\"color: #000080;\">W kategorii szk\u00f3\u0142 podstawowych nagrodzono nast\u0119puj\u0105cych uczni\u00f3w:<\/span><\/div>\n<div dir=\"auto\"><span style=\"color: #000080;\">I miejsce: Martyna Osma\u0144ska, Szko\u0142a Podstawowa Nr 1 im. Boles\u0142awa Prusa w Hrubieszowie, opiekun: pani Ewa Filipowicz-Sidorczuk<\/span><\/div>\n<div dir=\"auto\"><span style=\"color: #000080;\">II miejsce: Kinga Kozak, Publiczna Szko\u0142a Podstawowa im. B. Prusa w Mirczu, opiekun: pani Agnieszka Marciniuk<\/span><\/div>\n<div dir=\"auto\"><span style=\"color: #000080;\">III miejsce: Anna Puczyk, Szko\u0142a Podstawowa Nr 2 im. Kardyna\u0142a Stefana Wyszy\u0144skiego w Hrubieszowie, opiekun: pani Izabela Czerw<\/span><\/div>\n<div dir=\"auto\"><span style=\"color: #000080;\">Wyr\u00f3\u017cnienie: Maja Osi\u0144ska, Szko\u0142a Podstawowa Nr 3 im. mjr. Henryka Dobrza\u0144skiego \u201eHubala\u201d, opiekun: pani Aneta Franke<\/span><\/div>\n<div dir=\"auto\"><span style=\"color: #000080;\">Wyr\u00f3\u017cnienie: Bartosz Foltyn, Szko\u0142a Podstawowa Nr 2 im. Kardyna\u0142a Stefana Wyszy\u0144skiego w Hrubieszowie, opiekun: pani Izabela Czerw<\/span><\/div>\n<div dir=\"auto\"><span style=\"color: #000080;\">Wyr\u00f3\u017cnienie: Patrycja Stadnicka, Szko\u0142a Podstawowa Nr 1<\/span><\/div>\n<div dir=\"auto\"><span style=\"color: #000080;\">im. Boles\u0142awa Prusa w Hrubieszowie, opiekun: pani Ewa Filipowicz-Sidorczuk<\/span><\/div>\n<\/div>\n<div class=\"o9v6fnle cxmmr5t8 oygrvhab hcukyx3x c1et5uql ii04i59q\">\n<div dir=\"auto\"><span style=\"color: #000080;\">W kategorii szk\u00f3\u0142 ponadpodstawowych nagrodzono nast\u0119puj\u0105cych uczni\u00f3w:<\/span><\/div>\n<div dir=\"auto\"><span style=\"color: #000080;\">I miejsce: Daria Pirogowicz, I Liceum Og\u00f3lnokszta\u0142c\u0105ca im. Ks. Stanis\u0142awa Staszica w Hrubieszowie, opiekun: pani Jolanta Korneluk<\/span><\/div>\n<div dir=\"auto\"><span style=\"color: #000080;\">II miejsce: Marta Oks\u0119tiuk, Zesp\u00f3\u0142 Szk\u00f3\u0142 Nr 1 w Hrubieszowie, opiekun: pani Monika Jab\u0142o\u0144ska<\/span><\/div>\n<div dir=\"auto\"><span style=\"color: #000080;\">III miejsce: Agata Czajkowska, Zesp\u00f3\u0142 Szk\u00f3\u0142 Nr 3 im. Tadeusza Ko\u015bciuszki w Hrubieszowie,opiekun: pani Ewa \u0141opocka-Dyjak<\/span><\/div>\n<div dir=\"auto\"><span style=\"color: #000080;\">Wyr\u00f3\u017cnienie: Aleksandra Szymko, I Liceum Og\u00f3lnokszta\u0142c\u0105ca im. Ks. Stanis\u0142awa Staszica w Hrubieszowie, opiekun: pani Jolanta Korneluk<\/span><\/div>\n<div dir=\"auto\"><span style=\"color: #000080;\">Wyr\u00f3\u017cnienie: Julia Lipska, I Liceum Og\u00f3lnokszta\u0142c\u0105ca im. Ks. Stanis\u0142awa Staszica w Hrubieszowie, opiekun: pani Jolanta Korneluk<\/span><\/div>\n<div dir=\"auto\"><span style=\"color: #000080;\">Wyr\u00f3\u017cnienie: Aleksandra Szyku\u0142a, Zesp\u00f3\u0142 Szk\u00f3\u0142 Nr 1<\/span><\/div>\n<div dir=\"auto\"><span style=\"color: #000080;\">w Hrubieszowie, opiekun: pani Monika Jab\u0142o\u0144ska<\/span><\/div>\n<\/div>\n<div class=\"o9v6fnle cxmmr5t8 oygrvhab hcukyx3x c1et5uql ii04i59q\">\n<div dir=\"auto\"><span style=\"color: #000080;\">Wyr\u00f3\u017cnienia specjalne mediator\u00f3w r\u00f3wie\u015bniczych otrzymali uczniowie:<\/span><\/div>\n<div dir=\"auto\"><span style=\"color: #000080;\">Julia Papierz, Szko\u0142a Podstawowa Nr 4 w Bi\u0142goraju, opiekun: pani Bo\u017cena Koziara<\/span><\/div>\n<div dir=\"auto\"><span style=\"color: #000080;\">Wiktoria Szka\u0142uba, Publiczna Szko\u0142a Podstawowa im. B. Prusa<\/span><\/div>\n<div dir=\"auto\"><span style=\"color: #000080;\">w Mirczu, opiekun: pani Agnieszka Marciniuk<\/span><\/div>\n<div dir=\"auto\">&nbsp;<\/div>\n<div dir=\"auto\"><span style=\"color: #000080;\">Nagrody zosta\u0142y ufundowane przez Gmin\u0119 Miejsk\u0105 Hrubiesz\u00f3w oraz przez S\u0105d Rejonowy w Hrubieszowie.<\/span><\/div>\n<div dir=\"auto\"><span style=\"color: #000080;\">Sk\u0142adamy podzi\u0119kowania Burmistrzowi Miasta Hrubieszowa Pani Marcie Majewskiej oraz Prezesowi S\u0105du Rejonowego w Hrubieszowie, Panu Adamowi Pisiewiczowi, za obj\u0119cie Patronatem Honorowym tego wydarzenia.<\/span><\/div>\n<div dir=\"auto\"><span style=\"color: #000080;\">Dzi\u0119kujemy wszystkim uczniom oraz ich opiekunom za udzia\u0142 w konkursie, promuj\u0105cym ide\u0119 mediacji oraz za przy\u0142\u0105czenie si\u0119 do obchod\u00f3w Mi\u0119dzynarodowego Dnia Mediacji\u20192021.<\/span><\/div>\n<div dir=\"auto\">&nbsp;<\/div>\n<\/div>\n<div class=\"o9v6fnle cxmmr5t8 oygrvhab hcukyx3x c1et5uql ii04i59q\">\n<div dir=\"auto\" style=\"text-align: right;\"><span style=\"color: #000080;\">Organizator- Marta Kuczy\u0144ska, pedagog szkolny, mediator,<\/span><\/div>\n<div dir=\"auto\" style=\"text-align: right;\"><span style=\"color: #000080;\">opiekun Szkolnego Klubu Mediatora<\/span><\/div>\n<div dir=\"auto\">\nngg_shortcode_0_placeholder\n<\/div>\n<\/div>\n","protected":false},"excerpt":{"rendered":"<p>Z okazji \u201eMi\u0119dzynarodowego Dnia Mediacji\u201d w dniu 21.10.2021r., w Szkole Podstawowej Nr 1 im. Boles\u0142awa Prusa w Hrubieszowie, odby\u0142o si\u0119 uroczyste podsumowanie konkursu plastycznego pt. \u201eMediacja sposobem na konflikt\u201d. Konkurs skierowany by\u0142 do uczni\u00f3w szk\u00f3\u0142 podstawowych i ponadpodstawowych z powiatu hrubieszowskiego oraz do innych szk\u00f3\u0142, promuj\u0105cych ide\u0119 mediacji r\u00f3wie\u015bniczych. Organizatorem konkursu by\u0142a Szko\u0142a Podstawowa Nr [&hellip;]<\/p>\n","protected":false},"author":2,"featured_media":0,"parent":5983,"menu_order":0,"comment_status":"closed","ping_status":"closed","template":"","meta":{"ngg_post_thumbnail":0,"footnotes":""},"class_list":["post-11709","page","type-page","status-publish","hentry"],"_links":{"self":[{"href":"https:\/\/sp1hrubieszow.pl\/index.php\/wp-json\/wp\/v2\/pages\/11709","targetHints":{"allow":["GET"]}}],"collection":[{"href":"https:\/\/sp1hrubieszow.pl\/index.php\/wp-json\/wp\/v2\/pages"}],"about":[{"href":"https:\/\/sp1hrubieszow.pl\/index.php\/wp-json\/wp\/v2\/types\/page"}],"author":[{"embeddable":true,"href":"https:\/\/sp1hrubieszow.pl\/index.php\/wp-json\/wp\/v2\/users\/2"}],"replies":[{"embeddable":true,"href":"https:\/\/sp1hrubieszow.pl\/index.php\/wp-json\/wp\/v2\/comments?post=11709"}],"version-history":[{"count":4,"href":"https:\/\/sp1hrubieszow.pl\/index.php\/wp-json\/wp\/v2\/pages\/11709\/revisions"}],"predecessor-version":[{"id":11715,"href":"https:\/\/sp1hrubieszow.pl\/index.php\/wp-json\/wp\/v2\/pages\/11709\/revisions\/11715"}],"up":[{"embeddable":true,"href":"https:\/\/sp1hrubieszow.pl\/index.php\/wp-json\/wp\/v2\/pages\/5983"}],"wp:attachment":[{"href":"https:\/\/sp1hrubieszow.pl\/index.php\/wp-json\/wp\/v2\/media?parent=11709"}],"curies":[{"name":"wp","href":"https:\/\/api.w.org\/{rel}","templated":true}]}}