{"id":11658,"date":"2021-10-23T18:00:23","date_gmt":"2021-10-23T16:00:23","guid":{"rendered":"http:\/\/sp1.hrubieszow.info\/?page_id=11658"},"modified":"2021-10-23T18:00:56","modified_gmt":"2021-10-23T16:00:56","slug":"poznajemy-polske","status":"publish","type":"page","link":"https:\/\/sp1hrubieszow.pl\/index.php\/kronika-2020-2021\/poznajemy-polske\/","title":{"rendered":"Poznajemy Polsk\u0119!"},"content":{"rendered":"\n<p><span style=\"color: #000080;\">W pa\u017adzierniku klasy 4- 8 naszej szko\u0142y uczestniczy\u0142y w wycieczkach w ramach programu &#8222;Poznaj Polsk\u0119. W wycieczkach uczestniczy\u0142y klasy: 4b, 5a, 5b 5c, 6a, 7b, 7c, 8a, 8b oraz 8c. Opiek\u0119 nad uczniami sprawowa\u0142y panie: Monika Anigacz, Monika Czulak, Arleta Kowalska, Marta Lackowska, Anna Lewandowska, Ewa Filipowicz &#8211; Sidorczuk, Anna Suwa\u0142a, Ewa Szostak, Ma\u0142gorzata Szumiata, Sylwia Wojak. Wycieczki by\u0142y okazj\u0105 do wsp\u00f3lnej integracji. <\/span><br><span style=\"color: #000080;\">W Koz\u0142\u00f3wce uczniowie zwiedzili Pa\u0142ac w Koz\u0142\u00f3wce &#8211; jedn\u0105 z najlepiej zachowanych rezydencji magnackich w Polsce. W\u0142a\u015bciciele tego obiektu &#8211; r\u00f3d Bieli\u0144skich a pod koniec XVII w. Konstanty Zamoyski z \u017con\u0105 Aniel\u0105 Potock\u0105 &#8211; w\u0142o\u017cyli sporo wysi\u0142ku i \u015brodk\u00f3w finansowych w jego rozbudow\u0119. Zesp\u00f3\u0142 pa\u0142acowy wraz z parkiem to niew\u0105tpliwie pi\u0119kne miejsce godne polecenia.<\/span><br><span style=\"color: #000080;\">Kolejnym punktem program\u00f3w wycieczkowych by\u0142 Ogr\u00f3d Botaniczny, kt\u00f3ry jest jednostk\u0105 dydaktyczno \u2013 naukow\u0105 Uniwersytetu Marii Curie-Sk\u0142odowskiej. Pi\u0119kno jesiennych drzew i krzew\u00f3w sprawi\u0142o, \u017ce spacer alejkami ogrodu by\u0142 prawdziw\u0105 przyjemno\u015bci\u0105. <\/span><br><span style=\"color: #000080;\">Wa\u017cnym etapem wycieczek by\u0142o Stare Miasto. Podziwiali\u015bmy Bram\u0119 Grodzk\u0105, Rynek wraz z otaczaj\u0105cymi go zabytkowymi kamienicami i inne znajduj\u0105ce si\u0119 tam obiekty.<\/span><br><span style=\"color: #000080;\">Posi\u0142ek spo\u017cywali\u015bmy w restauracji &#8222;Pyzata Chata&#8221;. <\/span><br><span style=\"color: #000080;\">Klasy \u00f3sme skorzysta\u0142y dodatkowo z atrakcji rozrywkowej jak\u0105 niew\u0105tpliwie by\u0142a wizyta w Parku Trampolin \u201eMania skakania\u201d w Lublinie. Odby\u0142a si\u0119 tam szalona lekcja w-fu pod okiem profesjonalnego trenera. Tym razem nikt nie stroni\u0142 od wysi\u0142ku fizycznego. <\/span><br><span style=\"color: #000080;\">Wszystkie grupy wycieczkowe do Hrubieszowa wraca\u0142y p\u00f3\u017anym wieczorem. Pe\u0142ni wra\u017ce\u0144, zm\u0119czeni, ale bardzo zadowoleni ze wsp\u00f3lnej wyprawy.<\/span><\/p>\nngg_shortcode_0_placeholder\n","protected":false},"excerpt":{"rendered":"<p>W pa\u017adzierniku klasy 4- 8 naszej szko\u0142y uczestniczy\u0142y w wycieczkach w ramach programu &#8222;Poznaj Polsk\u0119. W wycieczkach uczestniczy\u0142y klasy: 4b, 5a, 5b 5c, 6a, 7b, 7c, 8a, 8b oraz 8c. Opiek\u0119 nad uczniami sprawowa\u0142y panie: Monika Anigacz, Monika Czulak, Arleta Kowalska, Marta Lackowska, Anna Lewandowska, Ewa Filipowicz &#8211; Sidorczuk, Anna Suwa\u0142a, Ewa Szostak, Ma\u0142gorzata Szumiata, [&hellip;]<\/p>\n","protected":false},"author":2,"featured_media":0,"parent":5983,"menu_order":0,"comment_status":"closed","ping_status":"closed","template":"","meta":{"ngg_post_thumbnail":0,"footnotes":""},"class_list":["post-11658","page","type-page","status-publish","hentry"],"_links":{"self":[{"href":"https:\/\/sp1hrubieszow.pl\/index.php\/wp-json\/wp\/v2\/pages\/11658","targetHints":{"allow":["GET"]}}],"collection":[{"href":"https:\/\/sp1hrubieszow.pl\/index.php\/wp-json\/wp\/v2\/pages"}],"about":[{"href":"https:\/\/sp1hrubieszow.pl\/index.php\/wp-json\/wp\/v2\/types\/page"}],"author":[{"embeddable":true,"href":"https:\/\/sp1hrubieszow.pl\/index.php\/wp-json\/wp\/v2\/users\/2"}],"replies":[{"embeddable":true,"href":"https:\/\/sp1hrubieszow.pl\/index.php\/wp-json\/wp\/v2\/comments?post=11658"}],"version-history":[{"count":1,"href":"https:\/\/sp1hrubieszow.pl\/index.php\/wp-json\/wp\/v2\/pages\/11658\/revisions"}],"predecessor-version":[{"id":11659,"href":"https:\/\/sp1hrubieszow.pl\/index.php\/wp-json\/wp\/v2\/pages\/11658\/revisions\/11659"}],"up":[{"embeddable":true,"href":"https:\/\/sp1hrubieszow.pl\/index.php\/wp-json\/wp\/v2\/pages\/5983"}],"wp:attachment":[{"href":"https:\/\/sp1hrubieszow.pl\/index.php\/wp-json\/wp\/v2\/media?parent=11658"}],"curies":[{"name":"wp","href":"https:\/\/api.w.org\/{rel}","templated":true}]}}