{"id":11615,"date":"2021-10-22T21:50:13","date_gmt":"2021-10-22T19:50:13","guid":{"rendered":"http:\/\/sp1.hrubieszow.info\/?page_id=11615"},"modified":"2021-10-22T21:51:12","modified_gmt":"2021-10-22T19:51:12","slug":"wycieczka-do-warszawy","status":"publish","type":"page","link":"https:\/\/sp1hrubieszow.pl\/index.php\/kronika-2020-2021\/wycieczka-do-warszawy\/","title":{"rendered":"Wycieczka do Warszawy"},"content":{"rendered":"\n<p><span style=\"color: #000080;\">12 pa\u017adziernika uczniowie klasy 4a, 4c i 7d brali udzia\u0142 w wycieczce do Warszawy. Jesienny spacer po warszawskiej star\u00f3wce, kt\u00f3ra jest&nbsp;prawdziw\u0105 per\u0142\u0105 stolicy! Zachwyca kolorowymi kamienicami i&nbsp;wyj\u0105tkow\u0105 atmosfer\u0105 w\u0105skich uliczek&nbsp;zapadnie nam na d\u0142ugo w pami\u0119ci. Podczas naszego wyjazdu przyszed\u0142 czas na nauk\u0119 &nbsp;i sztuk\u0119 w Centrum Nauki Kopernika. Mogli\u015bmy zobaczy\u0107 zaawansowane technologie i multimedia, ale te\u017c i proste rozwi\u0105zania, cz\u0119sto oparte na wynalazkach sprzed wielu lat. W ko\u0144cu przyszed\u0142 tez czas na pi\u0142karskie emocje, gdzie mogli\u015bmy si\u0119 poczu\u0107 wyj\u0105tkowo. Poznali\u015bmy trasy, kt\u00f3rymi poruszaj\u0105 si\u0119 fani pi\u0142ki w czasie meczu, odwiedzili\u015bmy r\u00f3wnie\u017c stref\u0119 VIP, mogli\u015bmy zobaczy\u0107 w jakich warunkach przebieraj\u0105 si\u0119 pi\u0142karze przed meczem oraz jak pracuj\u0105 dziennikarze w czasie imprez. By\u0142o SUPER.<\/span><\/p>\nngg_shortcode_0_placeholder\n","protected":false},"excerpt":{"rendered":"<p>12 pa\u017adziernika uczniowie klasy 4a, 4c i 7d brali udzia\u0142 w wycieczce do Warszawy. Jesienny spacer po warszawskiej star\u00f3wce, kt\u00f3ra jest&nbsp;prawdziw\u0105 per\u0142\u0105 stolicy! Zachwyca kolorowymi kamienicami i&nbsp;wyj\u0105tkow\u0105 atmosfer\u0105 w\u0105skich uliczek&nbsp;zapadnie nam na d\u0142ugo w pami\u0119ci. Podczas naszego wyjazdu przyszed\u0142 czas na nauk\u0119 &nbsp;i sztuk\u0119 w Centrum Nauki Kopernika. Mogli\u015bmy zobaczy\u0107 zaawansowane technologie i multimedia, ale [&hellip;]<\/p>\n","protected":false},"author":2,"featured_media":0,"parent":5983,"menu_order":0,"comment_status":"closed","ping_status":"closed","template":"","meta":{"ngg_post_thumbnail":0,"footnotes":""},"class_list":["post-11615","page","type-page","status-publish","hentry"],"_links":{"self":[{"href":"https:\/\/sp1hrubieszow.pl\/index.php\/wp-json\/wp\/v2\/pages\/11615","targetHints":{"allow":["GET"]}}],"collection":[{"href":"https:\/\/sp1hrubieszow.pl\/index.php\/wp-json\/wp\/v2\/pages"}],"about":[{"href":"https:\/\/sp1hrubieszow.pl\/index.php\/wp-json\/wp\/v2\/types\/page"}],"author":[{"embeddable":true,"href":"https:\/\/sp1hrubieszow.pl\/index.php\/wp-json\/wp\/v2\/users\/2"}],"replies":[{"embeddable":true,"href":"https:\/\/sp1hrubieszow.pl\/index.php\/wp-json\/wp\/v2\/comments?post=11615"}],"version-history":[{"count":1,"href":"https:\/\/sp1hrubieszow.pl\/index.php\/wp-json\/wp\/v2\/pages\/11615\/revisions"}],"predecessor-version":[{"id":11616,"href":"https:\/\/sp1hrubieszow.pl\/index.php\/wp-json\/wp\/v2\/pages\/11615\/revisions\/11616"}],"up":[{"embeddable":true,"href":"https:\/\/sp1hrubieszow.pl\/index.php\/wp-json\/wp\/v2\/pages\/5983"}],"wp:attachment":[{"href":"https:\/\/sp1hrubieszow.pl\/index.php\/wp-json\/wp\/v2\/media?parent=11615"}],"curies":[{"name":"wp","href":"https:\/\/api.w.org\/{rel}","templated":true}]}}