{"id":11560,"date":"2021-10-20T20:27:43","date_gmt":"2021-10-20T18:27:43","guid":{"rendered":"http:\/\/sp1.hrubieszow.info\/?page_id=11560"},"modified":"2021-10-20T20:28:03","modified_gmt":"2021-10-20T18:28:03","slug":"klasa-1c-przystapila-do-akcji-czytelniczej-pod-haslem-czytam-na-7","status":"publish","type":"page","link":"https:\/\/sp1hrubieszow.pl\/index.php\/kronika-2020-2021\/klasa-1c-przystapila-do-akcji-czytelniczej-pod-haslem-czytam-na-7\/","title":{"rendered":"Klasa 1C przyst\u0105pi\u0142a do akcji czytelniczej pod has\u0142em &#8222;Czytam na 7&#8221;"},"content":{"rendered":"\n<p><span style=\"color: #000080;\">W dniu 20.10.2021 odwiedzili\u015bmy MBP i zapoznali\u015bmy si\u0119 z ofert\u0105 przeznaczona dla uczni\u00f3w klas pierwszych. Sp\u0119dzili\u015bmy w bibliotece mi\u0142e chwile. Wiemy, \u017ce czekaj\u0105 tam na nas \u017cyczliwi ludzie, ksi\u0105\u017cki i gry edukacyjne. To by\u0142 bardzo ciekawy i inspiruj\u0105cy dzie\u0144.<\/span><\/p>\nngg_shortcode_0_placeholder\n","protected":false},"excerpt":{"rendered":"<p>W dniu 20.10.2021 odwiedzili\u015bmy MBP i zapoznali\u015bmy si\u0119 z ofert\u0105 przeznaczona dla uczni\u00f3w klas pierwszych. Sp\u0119dzili\u015bmy w bibliotece mi\u0142e chwile. Wiemy, \u017ce czekaj\u0105 tam na nas \u017cyczliwi ludzie, ksi\u0105\u017cki i gry edukacyjne. To by\u0142 bardzo ciekawy i inspiruj\u0105cy dzie\u0144.<\/p>\n","protected":false},"author":2,"featured_media":0,"parent":5983,"menu_order":0,"comment_status":"closed","ping_status":"closed","template":"","meta":{"ngg_post_thumbnail":0,"footnotes":""},"class_list":["post-11560","page","type-page","status-publish","hentry"],"_links":{"self":[{"href":"https:\/\/sp1hrubieszow.pl\/index.php\/wp-json\/wp\/v2\/pages\/11560","targetHints":{"allow":["GET"]}}],"collection":[{"href":"https:\/\/sp1hrubieszow.pl\/index.php\/wp-json\/wp\/v2\/pages"}],"about":[{"href":"https:\/\/sp1hrubieszow.pl\/index.php\/wp-json\/wp\/v2\/types\/page"}],"author":[{"embeddable":true,"href":"https:\/\/sp1hrubieszow.pl\/index.php\/wp-json\/wp\/v2\/users\/2"}],"replies":[{"embeddable":true,"href":"https:\/\/sp1hrubieszow.pl\/index.php\/wp-json\/wp\/v2\/comments?post=11560"}],"version-history":[{"count":1,"href":"https:\/\/sp1hrubieszow.pl\/index.php\/wp-json\/wp\/v2\/pages\/11560\/revisions"}],"predecessor-version":[{"id":11561,"href":"https:\/\/sp1hrubieszow.pl\/index.php\/wp-json\/wp\/v2\/pages\/11560\/revisions\/11561"}],"up":[{"embeddable":true,"href":"https:\/\/sp1hrubieszow.pl\/index.php\/wp-json\/wp\/v2\/pages\/5983"}],"wp:attachment":[{"href":"https:\/\/sp1hrubieszow.pl\/index.php\/wp-json\/wp\/v2\/media?parent=11560"}],"curies":[{"name":"wp","href":"https:\/\/api.w.org\/{rel}","templated":true}]}}