{"id":11535,"date":"2021-10-20T19:57:55","date_gmt":"2021-10-20T17:57:55","guid":{"rendered":"http:\/\/sp1.hrubieszow.info\/?page_id=11535"},"modified":"2021-10-20T19:58:28","modified_gmt":"2021-10-20T17:58:28","slug":"xxiii-ogolnopolskie-zawody-modeli-swobodnie-latajacych","status":"publish","type":"page","link":"https:\/\/sp1hrubieszow.pl\/index.php\/kronika-2020-2021\/xxiii-ogolnopolskie-zawody-modeli-swobodnie-latajacych\/","title":{"rendered":"XXIII Og\u00f3lnopolskie Zawody Modeli Swobodnie Lataj\u0105cych"},"content":{"rendered":"\n<p><span style=\"color: #000080;\">W dniu 16.10.2021r. modelarze UKS \u201eJedynka\u201d udali si\u0119 na lotnisko w Kro\u015bnie, gdzie odby\u0142y si\u0119 XXIII Og\u00f3lnopolskie Zawody Modeli Swobodnie Lataj\u0105cych klas F1H, F1K, F1G, F1J, o Puchar Przechodni Memoria\u0142u S\u0142awomira Jurczyka. Organizatorem zawod\u00f3w by\u0142y: Aeroklub Podkarpacki \u2013 Szko\u0142a Lotnicza, Sekcja Modelarska Stowarzyszenie Lotnicze ORZE\u0141.<\/span><br><span style=\"color: #000080;\">Modelarze z Uczniowskiego Klubu Sportowego \u201eJedynka\u201d w&nbsp;Hrubieszowie, pod opiek\u0105 instruktora Pana Leszka Kryszczuka, wystartowali w&nbsp;nast\u0119puj\u0105cym sk\u0142adzie: junior Kacper Ho\u0142uj oraz senior Leszek Kryszczuk obaj w klasie modeli F1H. <\/span><br><span style=\"color: #000080;\">Klasyfikacja F1H \u2013 junior: <\/span><br><span style=\"color: #000080;\">I miejsce \u2013 Kacper Ho\u0142uj UKS \u201eJedynka\u201d Hrubiesz\u00f3w<\/span><br><span style=\"color: #000080;\">II miejsce \u2013 Dominik Nowi\u0144ski CEiK Ciekoty<\/span><br><span style=\"color: #000080;\">III miejsce \u2013 Jan Kmie\u0107 CEiK Ciekoty<\/span><br><span style=\"color: #000080;\">Klasyfikacja F1H \u2013senior: <\/span><br><span style=\"color: #000080;\">I miejsce \u2013 Justyna G\u0105dek Aeroklub Podkarpacki<\/span><br><span style=\"color: #000080;\">II miejsce \u2013 Leszek Kryszczuk UKS \u201eJedynka\u201d Hrubiesz\u00f3w<\/span><br><span style=\"color: #000080;\">III miejsce \u2013 Henryk Krupa Aeroklub Podkarpacki<\/span><\/p>\n<p><span style=\"color: #000080;\">Zawody zosta\u0142y rozegrane w trudnych warunkach pogodowych, przy silnym wietrze. Rywalizacja polega\u0142a na wykonaniu pi\u0119ciu lot\u00f3w, o wyznaczonej maksymalnej d\u0142ugo\u015bci lotu. Zawodnicy startowali w czterech kategoriach modeli F1H modele szybowc\u00f3w holowanych, F1G modele z&nbsp;nap\u0119dem gumowym, F1J modele z&nbsp;nap\u0119dem spalinowym oraz F1K&nbsp;&nbsp;modele&nbsp;swobodnie lataj\u0105ce z&nbsp;silnikami na gaz CO2.<\/span><\/p>\nngg_shortcode_0_placeholder\n","protected":false},"excerpt":{"rendered":"<p>W dniu 16.10.2021r. modelarze UKS \u201eJedynka\u201d udali si\u0119 na lotnisko w Kro\u015bnie, gdzie odby\u0142y si\u0119 XXIII Og\u00f3lnopolskie Zawody Modeli Swobodnie Lataj\u0105cych klas F1H, F1K, F1G, F1J, o Puchar Przechodni Memoria\u0142u S\u0142awomira Jurczyka. Organizatorem zawod\u00f3w by\u0142y: Aeroklub Podkarpacki \u2013 Szko\u0142a Lotnicza, Sekcja Modelarska Stowarzyszenie Lotnicze ORZE\u0141.Modelarze z Uczniowskiego Klubu Sportowego \u201eJedynka\u201d w&nbsp;Hrubieszowie, pod opiek\u0105 instruktora Pana [&hellip;]<\/p>\n","protected":false},"author":2,"featured_media":0,"parent":5983,"menu_order":0,"comment_status":"closed","ping_status":"closed","template":"","meta":{"ngg_post_thumbnail":0,"footnotes":""},"class_list":["post-11535","page","type-page","status-publish","hentry"],"_links":{"self":[{"href":"https:\/\/sp1hrubieszow.pl\/index.php\/wp-json\/wp\/v2\/pages\/11535","targetHints":{"allow":["GET"]}}],"collection":[{"href":"https:\/\/sp1hrubieszow.pl\/index.php\/wp-json\/wp\/v2\/pages"}],"about":[{"href":"https:\/\/sp1hrubieszow.pl\/index.php\/wp-json\/wp\/v2\/types\/page"}],"author":[{"embeddable":true,"href":"https:\/\/sp1hrubieszow.pl\/index.php\/wp-json\/wp\/v2\/users\/2"}],"replies":[{"embeddable":true,"href":"https:\/\/sp1hrubieszow.pl\/index.php\/wp-json\/wp\/v2\/comments?post=11535"}],"version-history":[{"count":1,"href":"https:\/\/sp1hrubieszow.pl\/index.php\/wp-json\/wp\/v2\/pages\/11535\/revisions"}],"predecessor-version":[{"id":11536,"href":"https:\/\/sp1hrubieszow.pl\/index.php\/wp-json\/wp\/v2\/pages\/11535\/revisions\/11536"}],"up":[{"embeddable":true,"href":"https:\/\/sp1hrubieszow.pl\/index.php\/wp-json\/wp\/v2\/pages\/5983"}],"wp:attachment":[{"href":"https:\/\/sp1hrubieszow.pl\/index.php\/wp-json\/wp\/v2\/media?parent=11535"}],"curies":[{"name":"wp","href":"https:\/\/api.w.org\/{rel}","templated":true}]}}