{"id":11517,"date":"2021-10-15T21:10:50","date_gmt":"2021-10-15T19:10:50","guid":{"rendered":"http:\/\/sp1.hrubieszow.info\/?page_id=11517"},"modified":"2021-10-15T21:21:55","modified_gmt":"2021-10-15T19:21:55","slug":"zyczenia-dla-nauczycieli","status":"publish","type":"page","link":"https:\/\/sp1hrubieszow.pl\/index.php\/kronika-2020-2021\/zyczenia-dla-nauczycieli\/","title":{"rendered":"\u017byczenia dla nauczycieli"},"content":{"rendered":"\n<p style=\"text-align: right;\">&nbsp; <span style=\"color: #000080;\">&nbsp;&#8222;Wykszta\u0142cenie to dobro, <\/span><\/p>\n<p style=\"text-align: right;\"><span style=\"color: #000080;\">kt\u00f3rego nikt nie jest w stanie nas pozbawi\u0107.&#8221;&nbsp;<\/span><\/p>\n<p style=\"text-align: left;\"><span style=\"color: #000080;\">13 pa\u017adziernika przedstawiciele MSU oraz SU w\u0119drowali od sali do sali i sk\u0142adali wszystkim nauczycielom serdeczne \u017cyczenia z okazji DEN. Dzi\u0119kowali za trudn\u0105 prac\u0119 i wskazywanie w\u0142a\u015bciwej drogi oraz \u017cyczyli wytrwa\u0142o\u015bci, sukces\u00f3w i u\u015bmiechu ka\u017cdego dnia.&nbsp;<\/span><\/p>\nngg_shortcode_0_placeholder\n","protected":false},"excerpt":{"rendered":"<p>&nbsp; &nbsp;&#8222;Wykszta\u0142cenie to dobro, kt\u00f3rego nikt nie jest w stanie nas pozbawi\u0107.&#8221;&nbsp; 13 pa\u017adziernika przedstawiciele MSU oraz SU w\u0119drowali od sali do sali i sk\u0142adali wszystkim nauczycielom serdeczne \u017cyczenia z okazji DEN. Dzi\u0119kowali za trudn\u0105 prac\u0119 i wskazywanie w\u0142a\u015bciwej drogi oraz \u017cyczyli wytrwa\u0142o\u015bci, sukces\u00f3w i u\u015bmiechu ka\u017cdego dnia.&nbsp;<\/p>\n","protected":false},"author":2,"featured_media":0,"parent":5983,"menu_order":0,"comment_status":"closed","ping_status":"closed","template":"","meta":{"ngg_post_thumbnail":0,"footnotes":""},"class_list":["post-11517","page","type-page","status-publish","hentry"],"_links":{"self":[{"href":"https:\/\/sp1hrubieszow.pl\/index.php\/wp-json\/wp\/v2\/pages\/11517","targetHints":{"allow":["GET"]}}],"collection":[{"href":"https:\/\/sp1hrubieszow.pl\/index.php\/wp-json\/wp\/v2\/pages"}],"about":[{"href":"https:\/\/sp1hrubieszow.pl\/index.php\/wp-json\/wp\/v2\/types\/page"}],"author":[{"embeddable":true,"href":"https:\/\/sp1hrubieszow.pl\/index.php\/wp-json\/wp\/v2\/users\/2"}],"replies":[{"embeddable":true,"href":"https:\/\/sp1hrubieszow.pl\/index.php\/wp-json\/wp\/v2\/comments?post=11517"}],"version-history":[{"count":2,"href":"https:\/\/sp1hrubieszow.pl\/index.php\/wp-json\/wp\/v2\/pages\/11517\/revisions"}],"predecessor-version":[{"id":11523,"href":"https:\/\/sp1hrubieszow.pl\/index.php\/wp-json\/wp\/v2\/pages\/11517\/revisions\/11523"}],"up":[{"embeddable":true,"href":"https:\/\/sp1hrubieszow.pl\/index.php\/wp-json\/wp\/v2\/pages\/5983"}],"wp:attachment":[{"href":"https:\/\/sp1hrubieszow.pl\/index.php\/wp-json\/wp\/v2\/media?parent=11517"}],"curies":[{"name":"wp","href":"https:\/\/api.w.org\/{rel}","templated":true}]}}