{"id":11507,"date":"2021-10-15T20:35:38","date_gmt":"2021-10-15T18:35:38","guid":{"rendered":"http:\/\/sp1.hrubieszow.info\/?page_id=11507"},"modified":"2021-10-15T20:36:14","modified_gmt":"2021-10-15T18:36:14","slug":"rozstrzygniecie-szkolnych-konkursow-zorganizowanych-z-okazji-europejskiego-tygodnia-swiadomosci-dysleksji2021","status":"publish","type":"page","link":"https:\/\/sp1hrubieszow.pl\/index.php\/kronika-2020-2021\/rozstrzygniecie-szkolnych-konkursow-zorganizowanych-z-okazji-europejskiego-tygodnia-swiadomosci-dysleksji2021\/","title":{"rendered":"Rozstrzygni\u0119cie szkolnych konkurs\u00f3w, zorganizowanych z okazji Europejskiego Tygodnia \u015awiadomo\u015bci Dysleksji\u20192021"},"content":{"rendered":"\n<div class=\"kvgmc6g5 cxmmr5t8 oygrvhab hcukyx3x c1et5uql ii04i59q\">\n<div dir=\"auto\">&nbsp;<\/div>\n<\/div>\n<div class=\"o9v6fnle cxmmr5t8 oygrvhab hcukyx3x c1et5uql ii04i59q\">\n<div dir=\"auto\"><span style=\"color: #000080;\">Mi\u0142o nam poinformowa\u0107 o rozstrzygni\u0119ciu szkolnych konkurs\u00f3w: plastycznego, polonistycznego oraz ortograficznego, kt\u00f3re odby\u0142y si\u0119 w miesi\u0105cu pa\u017adzierniku z okazji Tygodnia Dysleksji. Poni\u017cej przedstawiamy laureat\u00f3w niniejszych konkurs\u00f3w:<\/span><\/div>\n<div dir=\"auto\"><span style=\"color: #000080;\">Laureaci konkursu plastycznego, klasy I-III<\/span><\/div>\n<div dir=\"auto\"><span style=\"color: #000080;\">Tytu\u0142 konkursu: \u201eZnani bohaterowie ba\u015bni i bajek\u201d<\/span><\/div>\n<div dir=\"auto\"><span style=\"color: #000080;\">I miejsce: Lena Pilipczuk, kl. IIIb<\/span><\/div>\n<div dir=\"auto\"><span style=\"color: #000080;\">II miejsce: Julia Momot, kl. Ia<\/span><\/div>\n<div dir=\"auto\"><span style=\"color: #000080;\">III miejsce: Urszula Nowak, kl. IIb<\/span><\/div>\n<div dir=\"auto\"><span style=\"color: #000080;\">Wyr\u00f3\u017cnienia:<\/span><\/div>\n<div dir=\"auto\"><span style=\"color: #000080;\">1. Milena Tor, kl. Ia<\/span><\/div>\n<div dir=\"auto\"><span style=\"color: #000080;\">2. Natalia Balcer, kl. Ia<\/span><\/div>\n<div dir=\"auto\"><span style=\"color: #000080;\">3. Hanna Sidorczuk, kl. IIIa<\/span><\/div>\n<div dir=\"auto\"><span style=\"color: #000080;\">4. Lena Ni\u017anikowska, kl. IIIc<\/span><\/div>\n<div dir=\"auto\"><span style=\"color: #000080;\">5. Maja Szostak, kl. IIb<\/span><\/div>\n<div dir=\"auto\"><span style=\"color: #000080;\">6. Aleksandra Korgol, kl. Ic<\/span><\/div>\n<div dir=\"auto\"><span style=\"color: #000080;\">7. Aleksandra Dragun, kl. Ic<\/span><\/div>\n<div dir=\"auto\"><span style=\"color: #000080;\">8. Adriana Kowalczuk, kl. IIa<\/span><\/div>\n<div dir=\"auto\"><span style=\"color: #000080;\">9. Antonina Kurek, kl. IIb<\/span><\/div>\n<div dir=\"auto\"><span style=\"color: #000080;\">10. Aleksandra Dziewulska , kl. Ib<\/span><\/div>\n<div dir=\"auto\"><span style=\"color: #000080;\">11. Eliza Su\u0142ek, kl. Ib<\/span><\/div>\n<div dir=\"auto\"><span style=\"color: #000080;\">12. Oliwia Sagadyn, kl. Ia<\/span><\/div>\n<\/div>\n<div class=\"o9v6fnle cxmmr5t8 oygrvhab hcukyx3x c1et5uql ii04i59q\">\n<div dir=\"auto\"><span style=\"color: #000080;\">Laureaci konkursu plastycznego, klasy IV-VIII<\/span><\/div>\n<div dir=\"auto\"><span style=\"color: #000080;\">Tytu\u0142 konkursu: S\u0141AWNI DYSLEKTYCY \u201ePan Andersen i jego ba\u015bnie\u201d, \u201ePan Einstein i jego nauka\u201d, \u201ePan Edison i jego wynalazki\u201d<\/span><\/div>\n<div dir=\"auto\"><span style=\"color: #000080;\">I miejsce: Martyna Osma\u0144ska, kl. VIIIc<\/span><\/div>\n<div dir=\"auto\"><span style=\"color: #000080;\">II miejsce: Ma\u0142gorzata Korneluk, kl. Va<\/span><\/div>\n<div dir=\"auto\"><span style=\"color: #000080;\">III miejsce: Wiktoria Iwan, kl. VIId<\/span><\/div>\n<div dir=\"auto\"><span style=\"color: #000080;\">Wyr\u00f3\u017cnienia:<\/span><\/div>\n<div dir=\"auto\"><span style=\"color: #000080;\">1. Agata Szyma\u0144ska, kl. Vb<\/span><\/div>\n<div dir=\"auto\"><span style=\"color: #000080;\">2. Nikola Pietryna, kl. Vb<\/span><\/div>\n<div dir=\"auto\"><span style=\"color: #000080;\">3. Diana S\u0142upska, kl. Vb<\/span><\/div>\n<div dir=\"auto\"><span style=\"color: #000080;\">4. Weronika Wo\u017anica, kl. IVa<\/span><\/div>\n<div dir=\"auto\"><span style=\"color: #000080;\">5. Kornel Tor, kl. IVa<\/span><\/div>\n<div dir=\"auto\"><span style=\"color: #000080;\">6. Karolina Ch\u0142openiuk, kl. VIId<\/span><\/div>\n<div dir=\"auto\"><span style=\"color: #000080;\">7. Gabriela Tarnowska, kl. VIIa<\/span><\/div>\n<div dir=\"auto\"><span style=\"color: #000080;\">8. Wiktoria Spychalska, kl. VIIb<\/span><\/div>\n<\/div>\n<div class=\"o9v6fnle cxmmr5t8 oygrvhab hcukyx3x c1et5uql ii04i59q\">\n<div dir=\"auto\"><span style=\"color: #000080;\">Laureaci konkursu polonistycznego (Kaligraficzno-ortograficznego) dla uczni\u00f3w klas I-III<\/span><\/div>\n<div dir=\"auto\"><span style=\"color: #000080;\">Klasa I a-Milena Tor<\/span><\/div>\n<div dir=\"auto\"><span style=\"color: #000080;\">Klasa Ib- Kacper Sidorczuk<\/span><\/div>\n<div dir=\"auto\"><span style=\"color: #000080;\">Klasa Ic-Maja Chadaj<\/span><\/div>\n<div dir=\"auto\"><span style=\"color: #000080;\">Klasa IIa-Adriana Kowalczuk<\/span><\/div>\n<div dir=\"auto\"><span style=\"color: #000080;\">Klasa IIb-Hanna Kisielewska<\/span><\/div>\n<div dir=\"auto\"><span style=\"color: #000080;\">Klasa IIIa- Aleksandra Paczos<\/span><\/div>\n<div dir=\"auto\"><span style=\"color: #000080;\">Klasa IIIb- Rafa\u0142 Jankowski<\/span><\/div>\n<div dir=\"auto\"><span style=\"color: #000080;\">Klasa IIIc-Mateusz Ka\u0144ski<\/span><\/div>\n<\/div>\n<div class=\"o9v6fnle cxmmr5t8 oygrvhab hcukyx3x c1et5uql ii04i59q\">\n<div dir=\"auto\"><span style=\"color: #000080;\">Laureaci konkursu ortograficznego \u201eTropiciele Ortografii\u201d<\/span><\/div>\n<div dir=\"auto\"><span style=\"color: #000080;\">1. Magdalena Skubisz, kl. IIIc<\/span><\/div>\n<div dir=\"auto\"><span style=\"color: #000080;\">2. Gabriela Pawlos, kl.IVa<\/span><\/div>\n<div dir=\"auto\"><span style=\"color: #000080;\">3. Lena Antoniuk, kl. IVb<\/span><\/div>\n<div dir=\"auto\"><span style=\"color: #000080;\">4. Dominika Ciemi\u0119ga, kl. IVb<\/span><\/div>\n<div dir=\"auto\"><span style=\"color: #000080;\">5. Martyna Drzyga\u0142o, kl. VIa<\/span><\/div>\n<div dir=\"auto\"><span style=\"color: #000080;\">6. Micha\u0142 Grzeszczuk, kl. VIa<\/span><\/div>\n<div dir=\"auto\"><span style=\"color: #000080;\">7. Maja Nowacka, kl. VIIc<\/span><\/div>\n<div dir=\"auto\"><span style=\"color: #000080;\">8. Karolina Jasi\u0144ska, kl. VIId<\/span><\/div>\n<div dir=\"auto\"><span style=\"color: #000080;\">9. Sara Caruk, kl. VIIIb<\/span><\/div>\n<div dir=\"auto\"><span style=\"color: #000080;\">10. Amelia Panasiewicz, kl. VIIIb<\/span><\/div>\n<\/div>\n<div class=\"o9v6fnle cxmmr5t8 oygrvhab hcukyx3x c1et5uql ii04i59q\">\n<div dir=\"auto\"><span style=\"color: #000080;\">Dzi\u0119kujemy wszystkim uczestnikom konkursu oraz gratulujemy laureatom i wyr\u00f3\u017cnionym.<\/span><\/div>\n<div dir=\"auto\"><span style=\"color: #000080;\">Informujemy, \u017ce rozstrzygni\u0119cie konkursu \u201eList do bohatera literackiego\u201d, z powodu du\u017cej ilo\u015bci prac poddawanych ocenie, nast\u0105pi w innym, mo\u017cliwie najbli\u017cszym terminie.<\/span><\/div>\n<div dir=\"auto\"><span style=\"color: #000080;\">Organizatorzy: Marta Kuczy\u0144ska, Marta Lackowska, Ma\u0142gorzata Serafin i Ma\u0142gorzata Sidorska<\/span><\/div>\n<\/div>\n<div dir=\"auto\">\nngg_shortcode_0_placeholder\n<\/div>\n","protected":false},"excerpt":{"rendered":"<p>&nbsp; Mi\u0142o nam poinformowa\u0107 o rozstrzygni\u0119ciu szkolnych konkurs\u00f3w: plastycznego, polonistycznego oraz ortograficznego, kt\u00f3re odby\u0142y si\u0119 w miesi\u0105cu pa\u017adzierniku z okazji Tygodnia Dysleksji. Poni\u017cej przedstawiamy laureat\u00f3w niniejszych konkurs\u00f3w: Laureaci konkursu plastycznego, klasy I-III Tytu\u0142 konkursu: \u201eZnani bohaterowie ba\u015bni i bajek\u201d I miejsce: Lena Pilipczuk, kl. IIIb II miejsce: Julia Momot, kl. Ia III miejsce: Urszula Nowak, [&hellip;]<\/p>\n","protected":false},"author":2,"featured_media":0,"parent":5983,"menu_order":0,"comment_status":"closed","ping_status":"closed","template":"","meta":{"ngg_post_thumbnail":0,"footnotes":""},"class_list":["post-11507","page","type-page","status-publish","hentry"],"_links":{"self":[{"href":"https:\/\/sp1hrubieszow.pl\/index.php\/wp-json\/wp\/v2\/pages\/11507","targetHints":{"allow":["GET"]}}],"collection":[{"href":"https:\/\/sp1hrubieszow.pl\/index.php\/wp-json\/wp\/v2\/pages"}],"about":[{"href":"https:\/\/sp1hrubieszow.pl\/index.php\/wp-json\/wp\/v2\/types\/page"}],"author":[{"embeddable":true,"href":"https:\/\/sp1hrubieszow.pl\/index.php\/wp-json\/wp\/v2\/users\/2"}],"replies":[{"embeddable":true,"href":"https:\/\/sp1hrubieszow.pl\/index.php\/wp-json\/wp\/v2\/comments?post=11507"}],"version-history":[{"count":1,"href":"https:\/\/sp1hrubieszow.pl\/index.php\/wp-json\/wp\/v2\/pages\/11507\/revisions"}],"predecessor-version":[{"id":11508,"href":"https:\/\/sp1hrubieszow.pl\/index.php\/wp-json\/wp\/v2\/pages\/11507\/revisions\/11508"}],"up":[{"embeddable":true,"href":"https:\/\/sp1hrubieszow.pl\/index.php\/wp-json\/wp\/v2\/pages\/5983"}],"wp:attachment":[{"href":"https:\/\/sp1hrubieszow.pl\/index.php\/wp-json\/wp\/v2\/media?parent=11507"}],"curies":[{"name":"wp","href":"https:\/\/api.w.org\/{rel}","templated":true}]}}