{"id":11468,"date":"2021-10-15T20:18:13","date_gmt":"2021-10-15T18:18:13","guid":{"rendered":"http:\/\/sp1.hrubieszow.info\/?page_id=11468"},"modified":"2021-10-15T20:18:36","modified_gmt":"2021-10-15T18:18:36","slug":"dofinansowanie-na-realizacje-projektu","status":"publish","type":"page","link":"https:\/\/sp1hrubieszow.pl\/index.php\/kronika-2020-2021\/dofinansowanie-na-realizacje-projektu\/","title":{"rendered":"Dofinansowanie na realizacj\u0119 projektu"},"content":{"rendered":"\n<p><span style=\"color: #000080;\">W dniu 12.10.2021r. w Szkole Podstawowej Nr 1 w Hrubieszowie przedstawiciele Uczniowskiego Klubu Sportowego \u201eJedynka\u201d podpisali umow\u0119 o&nbsp;dofinansowanie na realizacj\u0119 projektu pt. \u201eM\u0142odzi modelarze na start \u2013 Akademia Modelarstwa Lotniczego i&nbsp;Kosmicznego\u201d. Grant w wysoko\u015bci 5.400 z\u0142 zosta\u0142 uzyskany w&nbsp;ramach programu \u201eAktywna Lubelszczyzna\u201d, kt\u00f3rego operatorem jest Stowarzyszenie \u201eCzajnia\u201d oraz Centrum Wolontariatu w Lublinie. Celem projektu jest umo\u017cliwienie dzieciom i m\u0142odzie\u017cy udzia\u0142u w cyklu zaj\u0119\u0107 i warsztat\u00f3w z modelarstwa lotniczego oraz wyjazdu na og\u00f3lnopolskie zawody.<\/span><\/p>\n<p><br><span style=\"color: #000080;\">Sfinansowano przez Narodowy Instytut Wolno\u015bci- Centrum Rozwoju Spo\u0142ecze\u0144stwa Obywatelskiego na lata 2021-2030.<\/span><\/p>\nngg_shortcode_0_placeholder\n","protected":false},"excerpt":{"rendered":"<p>W dniu 12.10.2021r. w Szkole Podstawowej Nr 1 w Hrubieszowie przedstawiciele Uczniowskiego Klubu Sportowego \u201eJedynka\u201d podpisali umow\u0119 o&nbsp;dofinansowanie na realizacj\u0119 projektu pt. \u201eM\u0142odzi modelarze na start \u2013 Akademia Modelarstwa Lotniczego i&nbsp;Kosmicznego\u201d. Grant w wysoko\u015bci 5.400 z\u0142 zosta\u0142 uzyskany w&nbsp;ramach programu \u201eAktywna Lubelszczyzna\u201d, kt\u00f3rego operatorem jest Stowarzyszenie \u201eCzajnia\u201d oraz Centrum Wolontariatu w Lublinie. Celem projektu jest [&hellip;]<\/p>\n","protected":false},"author":2,"featured_media":0,"parent":5983,"menu_order":0,"comment_status":"closed","ping_status":"closed","template":"","meta":{"ngg_post_thumbnail":0,"footnotes":""},"class_list":["post-11468","page","type-page","status-publish","hentry"],"_links":{"self":[{"href":"https:\/\/sp1hrubieszow.pl\/index.php\/wp-json\/wp\/v2\/pages\/11468","targetHints":{"allow":["GET"]}}],"collection":[{"href":"https:\/\/sp1hrubieszow.pl\/index.php\/wp-json\/wp\/v2\/pages"}],"about":[{"href":"https:\/\/sp1hrubieszow.pl\/index.php\/wp-json\/wp\/v2\/types\/page"}],"author":[{"embeddable":true,"href":"https:\/\/sp1hrubieszow.pl\/index.php\/wp-json\/wp\/v2\/users\/2"}],"replies":[{"embeddable":true,"href":"https:\/\/sp1hrubieszow.pl\/index.php\/wp-json\/wp\/v2\/comments?post=11468"}],"version-history":[{"count":1,"href":"https:\/\/sp1hrubieszow.pl\/index.php\/wp-json\/wp\/v2\/pages\/11468\/revisions"}],"predecessor-version":[{"id":11469,"href":"https:\/\/sp1hrubieszow.pl\/index.php\/wp-json\/wp\/v2\/pages\/11468\/revisions\/11469"}],"up":[{"embeddable":true,"href":"https:\/\/sp1hrubieszow.pl\/index.php\/wp-json\/wp\/v2\/pages\/5983"}],"wp:attachment":[{"href":"https:\/\/sp1hrubieszow.pl\/index.php\/wp-json\/wp\/v2\/media?parent=11468"}],"curies":[{"name":"wp","href":"https:\/\/api.w.org\/{rel}","templated":true}]}}