{"id":11451,"date":"2021-10-15T19:40:25","date_gmt":"2021-10-15T17:40:25","guid":{"rendered":"http:\/\/sp1.hrubieszow.info\/?page_id=11451"},"modified":"2021-10-15T19:52:11","modified_gmt":"2021-10-15T17:52:11","slug":"i-niebo-i-pieklo","status":"publish","type":"page","link":"https:\/\/sp1hrubieszow.pl\/index.php\/kronika-2020-2021\/i-niebo-i-pieklo\/","title":{"rendered":"I niebo i piek\u0142o&#8230;"},"content":{"rendered":"\n<div>&nbsp;<\/div>\n<div><span style=\"color: #000080;\">Pod takim has\u0142em uczniowie klasy 7a przygotowali uroczysto\u015b\u0107 z okazji DEN.<\/span><\/div>\n<div><span style=\"color: #000080;\">Z kabaretowej sceny okaza\u0142o si\u0119, \u017ce NAUCZYCIEL sk\u0142ada si\u0119:<\/span><\/div>\n<div><span style=\"color: #000080;\">z oczu soko\u0142a,<\/span><\/div>\n<div><span style=\"color: #000080;\">wra\u017cliwego w\u0119chu,<\/span><\/div>\n<div><span style=\"color: #000080;\">badyla pokrzywy,<\/span><\/div>\n<div><span style=\"color: #000080;\">papryczek k\u0105\u015bliwych oraz \u017cyczliwego u\u015bmiechu, kt\u00f3ry jest chyba jedyn\u0105 JEGO zalet\u0105.<\/span><\/div>\n<div>&nbsp;<\/div>\n<div><span style=\"color: #000080;\">Niebo, w kt\u00f3rym dzia\u0142a\u0142 kabaretowy B\u00d3G i DIABE\u0141 okaza\u0142y si\u0119 miejscem produkcji NAUCZYCIELI, kt\u00f3rzy pozostawiali &#8222;wiele do \u017cyczenia&#8221;<\/span><\/div>\n<div><span style=\"color: #000080;\">Bawili si\u0119 aktorzy, bawi\u0142 si\u0119 zesp\u00f3\u0142 wokalny pod kierunkiem Pana Arkadiusza Mielniczka, ale bawili si\u0119 r\u00f3wnie\u017c widzowie; NAUCZYCIELE i uczniowie klas 7-ych i 8-ych.<\/span><\/div>\n<div><span style=\"color: #000080;\">Ca\u0142a uroczysto\u015b\u0107, mimo \u017ce w kabaretowym nastroju, mia\u0142a na celu doceni\u0107 prac\u0119 NAUCZYCIELI i uzmys\u0142owi\u0107 wszystkim obecnym, \u017ce s\u0105 ONI cennymi dla nas lud\u017ami, tylko, \u017ce ich warto\u015b\u0107 doceniamy dopiero po latach.<\/span><\/div>\n<div><span style=\"color: #000080;\">Dzi\u0119kujemy!<\/span><\/div>\n<div><span style=\"color: #000080;\">Za przygotowanie m\u0142odzie\u017cy odpowiedzialne by\u0142y: Ma\u0142gorzata Greszeta, Iwona Kraczkowska oraz Arkadiusz Mielniczek.<\/span><\/div>\n<div><span style=\"color: #000080;\">Dekoracja: Arleta Kowalska oraz Ewa Filipowicz- Sidorczuk<\/span><\/div>\n<div>\nngg_shortcode_0_placeholder\n<\/div>\n<div>&nbsp;<\/div>\n","protected":false},"excerpt":{"rendered":"<p>&nbsp; Pod takim has\u0142em uczniowie klasy 7a przygotowali uroczysto\u015b\u0107 z okazji DEN. Z kabaretowej sceny okaza\u0142o si\u0119, \u017ce NAUCZYCIEL sk\u0142ada si\u0119: z oczu soko\u0142a, wra\u017cliwego w\u0119chu, badyla pokrzywy, papryczek k\u0105\u015bliwych oraz \u017cyczliwego u\u015bmiechu, kt\u00f3ry jest chyba jedyn\u0105 JEGO zalet\u0105. &nbsp; Niebo, w kt\u00f3rym dzia\u0142a\u0142 kabaretowy B\u00d3G i DIABE\u0141 okaza\u0142y si\u0119 miejscem produkcji NAUCZYCIELI, kt\u00f3rzy pozostawiali [&hellip;]<\/p>\n","protected":false},"author":2,"featured_media":0,"parent":5983,"menu_order":0,"comment_status":"closed","ping_status":"closed","template":"","meta":{"ngg_post_thumbnail":0,"footnotes":""},"class_list":["post-11451","page","type-page","status-publish","hentry"],"_links":{"self":[{"href":"https:\/\/sp1hrubieszow.pl\/index.php\/wp-json\/wp\/v2\/pages\/11451","targetHints":{"allow":["GET"]}}],"collection":[{"href":"https:\/\/sp1hrubieszow.pl\/index.php\/wp-json\/wp\/v2\/pages"}],"about":[{"href":"https:\/\/sp1hrubieszow.pl\/index.php\/wp-json\/wp\/v2\/types\/page"}],"author":[{"embeddable":true,"href":"https:\/\/sp1hrubieszow.pl\/index.php\/wp-json\/wp\/v2\/users\/2"}],"replies":[{"embeddable":true,"href":"https:\/\/sp1hrubieszow.pl\/index.php\/wp-json\/wp\/v2\/comments?post=11451"}],"version-history":[{"count":2,"href":"https:\/\/sp1hrubieszow.pl\/index.php\/wp-json\/wp\/v2\/pages\/11451\/revisions"}],"predecessor-version":[{"id":11455,"href":"https:\/\/sp1hrubieszow.pl\/index.php\/wp-json\/wp\/v2\/pages\/11451\/revisions\/11455"}],"up":[{"embeddable":true,"href":"https:\/\/sp1hrubieszow.pl\/index.php\/wp-json\/wp\/v2\/pages\/5983"}],"wp:attachment":[{"href":"https:\/\/sp1hrubieszow.pl\/index.php\/wp-json\/wp\/v2\/media?parent=11451"}],"curies":[{"name":"wp","href":"https:\/\/api.w.org\/{rel}","templated":true}]}}