{"id":11371,"date":"2021-10-14T11:22:34","date_gmt":"2021-10-14T09:22:34","guid":{"rendered":"http:\/\/sp1.hrubieszow.info\/?page_id=11371"},"modified":"2021-10-14T11:23:16","modified_gmt":"2021-10-14T09:23:16","slug":"listy-z-okazji-den","status":"publish","type":"page","link":"https:\/\/sp1hrubieszow.pl\/index.php\/kronika-2020-2021\/listy-z-okazji-den\/","title":{"rendered":"Listy z okazji DEN"},"content":{"rendered":"\n<h1><span style=\"color: #000080;\">Z okazji Dnia Edukacji Narodowej otrzymali\u015bmy \u017cyczenia od Ministra Edukacji i Nauki&nbsp; oraz od Kuratora O\u015bwiaty:<\/span><\/h1>\n<p><span style=\"color: #000080;\"><a style=\"color: #000080;\" href=\"http:\/\/sp1.hrubieszow.info\/wp-content\/uploads\/2021\/10\/20211013_list_ministra_edukacji_i_nauki_dzien_edukacji_narodowej.docx\"><strong>20211013_list_ministra_edukacji_i_nauki_dzien_edukacji_narodowej<\/strong><\/a><\/span><\/p>\n<p><span style=\"color: #000080;\"><strong><a style=\"color: #000080;\" href=\"http:\/\/sp1.hrubieszow.info\/wp-content\/uploads\/2021\/10\/Szanowni-Pa\u0144stwo-KO-Lublin.docx\">KO Lublin<\/a><\/strong><\/span><\/p>\n<p>&nbsp;<\/p>\n","protected":false},"excerpt":{"rendered":"<p>Z okazji Dnia Edukacji Narodowej otrzymali\u015bmy \u017cyczenia od Ministra Edukacji i Nauki&nbsp; oraz od Kuratora O\u015bwiaty: 20211013_list_ministra_edukacji_i_nauki_dzien_edukacji_narodowej KO Lublin &nbsp;<\/p>\n","protected":false},"author":2,"featured_media":0,"parent":5983,"menu_order":0,"comment_status":"closed","ping_status":"closed","template":"","meta":{"ngg_post_thumbnail":0,"footnotes":""},"class_list":["post-11371","page","type-page","status-publish","hentry"],"_links":{"self":[{"href":"https:\/\/sp1hrubieszow.pl\/index.php\/wp-json\/wp\/v2\/pages\/11371","targetHints":{"allow":["GET"]}}],"collection":[{"href":"https:\/\/sp1hrubieszow.pl\/index.php\/wp-json\/wp\/v2\/pages"}],"about":[{"href":"https:\/\/sp1hrubieszow.pl\/index.php\/wp-json\/wp\/v2\/types\/page"}],"author":[{"embeddable":true,"href":"https:\/\/sp1hrubieszow.pl\/index.php\/wp-json\/wp\/v2\/users\/2"}],"replies":[{"embeddable":true,"href":"https:\/\/sp1hrubieszow.pl\/index.php\/wp-json\/wp\/v2\/comments?post=11371"}],"version-history":[{"count":1,"href":"https:\/\/sp1hrubieszow.pl\/index.php\/wp-json\/wp\/v2\/pages\/11371\/revisions"}],"predecessor-version":[{"id":11372,"href":"https:\/\/sp1hrubieszow.pl\/index.php\/wp-json\/wp\/v2\/pages\/11371\/revisions\/11372"}],"up":[{"embeddable":true,"href":"https:\/\/sp1hrubieszow.pl\/index.php\/wp-json\/wp\/v2\/pages\/5983"}],"wp:attachment":[{"href":"https:\/\/sp1hrubieszow.pl\/index.php\/wp-json\/wp\/v2\/media?parent=11371"}],"curies":[{"name":"wp","href":"https:\/\/api.w.org\/{rel}","templated":true}]}}