{"id":11365,"date":"2021-10-12T17:57:22","date_gmt":"2021-10-12T15:57:22","guid":{"rendered":"http:\/\/sp1.hrubieszow.info\/?page_id=11365"},"modified":"2021-10-12T17:57:34","modified_gmt":"2021-10-12T15:57:34","slug":"kodowanie-wstep-do-programowania","status":"publish","type":"page","link":"https:\/\/sp1hrubieszow.pl\/index.php\/kronika-2020-2021\/kodowanie-wstep-do-programowania\/","title":{"rendered":"&#8222;Kodowanie &#8211; wst\u0119p do programowania&#8221;"},"content":{"rendered":"\n<p><span style=\"color: #000080;\">Uczniowie klasy 1C spotkali si\u0119 11 pa\u017adziernika z p. Aleksandr\u0105 Kopczy\u0144sk\u0105 na zaj\u0119ciach pod has\u0142em &#8222;Kodowanie &#8211; wst\u0119p do programowania&#8221;. Zaj\u0119cia sprawi\u0142y nam du\u017co rado\u015bci i pozwoli\u0142y na poznanie tajemnic kodowania. Z niecierpliwo\u015bci\u0105 czekamy na nast\u0119pne spotkanie w listopadzie.<\/span><\/p>\nngg_shortcode_0_placeholder\n","protected":false},"excerpt":{"rendered":"<p>Uczniowie klasy 1C spotkali si\u0119 11 pa\u017adziernika z p. Aleksandr\u0105 Kopczy\u0144sk\u0105 na zaj\u0119ciach pod has\u0142em &#8222;Kodowanie &#8211; wst\u0119p do programowania&#8221;. Zaj\u0119cia sprawi\u0142y nam du\u017co rado\u015bci i pozwoli\u0142y na poznanie tajemnic kodowania. Z niecierpliwo\u015bci\u0105 czekamy na nast\u0119pne spotkanie w listopadzie.<\/p>\n","protected":false},"author":2,"featured_media":0,"parent":5983,"menu_order":0,"comment_status":"closed","ping_status":"closed","template":"","meta":{"ngg_post_thumbnail":0,"footnotes":""},"class_list":["post-11365","page","type-page","status-publish","hentry"],"_links":{"self":[{"href":"https:\/\/sp1hrubieszow.pl\/index.php\/wp-json\/wp\/v2\/pages\/11365","targetHints":{"allow":["GET"]}}],"collection":[{"href":"https:\/\/sp1hrubieszow.pl\/index.php\/wp-json\/wp\/v2\/pages"}],"about":[{"href":"https:\/\/sp1hrubieszow.pl\/index.php\/wp-json\/wp\/v2\/types\/page"}],"author":[{"embeddable":true,"href":"https:\/\/sp1hrubieszow.pl\/index.php\/wp-json\/wp\/v2\/users\/2"}],"replies":[{"embeddable":true,"href":"https:\/\/sp1hrubieszow.pl\/index.php\/wp-json\/wp\/v2\/comments?post=11365"}],"version-history":[{"count":1,"href":"https:\/\/sp1hrubieszow.pl\/index.php\/wp-json\/wp\/v2\/pages\/11365\/revisions"}],"predecessor-version":[{"id":11366,"href":"https:\/\/sp1hrubieszow.pl\/index.php\/wp-json\/wp\/v2\/pages\/11365\/revisions\/11366"}],"up":[{"embeddable":true,"href":"https:\/\/sp1hrubieszow.pl\/index.php\/wp-json\/wp\/v2\/pages\/5983"}],"wp:attachment":[{"href":"https:\/\/sp1hrubieszow.pl\/index.php\/wp-json\/wp\/v2\/media?parent=11365"}],"curies":[{"name":"wp","href":"https:\/\/api.w.org\/{rel}","templated":true}]}}