{"id":11346,"date":"2021-10-12T11:37:44","date_gmt":"2021-10-12T09:37:44","guid":{"rendered":"http:\/\/sp1.hrubieszow.info\/?page_id=11346"},"modified":"2021-10-12T11:38:20","modified_gmt":"2021-10-12T09:38:20","slug":"zbiorka-karmy-dla-zwierzat-z-fundacji-reksio-i-przyjaciele","status":"publish","type":"page","link":"https:\/\/sp1hrubieszow.pl\/index.php\/kronika-2020-2021\/zbiorka-karmy-dla-zwierzat-z-fundacji-reksio-i-przyjaciele\/","title":{"rendered":"ZBI\u00d3RKA KARMY DLA ZWIERZ\u0104T Z FUNDACJI &#8222;REKSIO I PRZYJACIELE&#8221;"},"content":{"rendered":"\n<p><img loading=\"lazy\" decoding=\"async\" class=\"alignnone size-medium wp-image-11345\" src=\"http:\/\/sp1.hrubieszow.info\/wp-content\/uploads\/2021\/10\/pies-288x300.jpg\" alt=\"\" width=\"288\" height=\"300\"><\/p>\n<div class=\"kvgmc6g5 cxmmr5t8 oygrvhab hcukyx3x c1et5uql ii04i59q\">\n<div dir=\"auto\"><span style=\"color: #000080;\">Przypominamy, \u017ce do dnia 15.10.2021r. na terenie szko\u0142y trwa zbi\u00f3rka karmy suchej i mokrej przede wszystkim dla ps\u00f3w, ale r\u00f3wnie\u017c kot\u00f3w z fundacji &#8222;Reksio i Przyjaciele&#8221; w Podhorcach. Dajmy wsparcie porzuconym zwierzakom. Zbli\u017ca si\u0119 zima, nie b\u0105d\u017amy oboj\u0119tni na ich los&#8230;<\/span><\/div>\n<\/div>\n<div class=\"o9v6fnle cxmmr5t8 oygrvhab hcukyx3x c1et5uql ii04i59q\">\n<div dir=\"auto\"><span style=\"color: #000080;\">Dla klasy, kt\u00f3ra zbierze najwi\u0119cej karmy, nagrod\u0105 b\u0119dzie wybrany dzie\u0144 bez kartk\u00f3wek i odpowiedzi.<\/span><\/div>\n<\/div>\n","protected":false},"excerpt":{"rendered":"<p>Przypominamy, \u017ce do dnia 15.10.2021r. na terenie szko\u0142y trwa zbi\u00f3rka karmy suchej i mokrej przede wszystkim dla ps\u00f3w, ale r\u00f3wnie\u017c kot\u00f3w z fundacji &#8222;Reksio i Przyjaciele&#8221; w Podhorcach. Dajmy wsparcie porzuconym zwierzakom. Zbli\u017ca si\u0119 zima, nie b\u0105d\u017amy oboj\u0119tni na ich los&#8230; Dla klasy, kt\u00f3ra zbierze najwi\u0119cej karmy, nagrod\u0105 b\u0119dzie wybrany dzie\u0144 bez kartk\u00f3wek i odpowiedzi.<\/p>\n","protected":false},"author":2,"featured_media":0,"parent":5983,"menu_order":0,"comment_status":"closed","ping_status":"closed","template":"","meta":{"ngg_post_thumbnail":0,"footnotes":""},"class_list":["post-11346","page","type-page","status-publish","hentry"],"_links":{"self":[{"href":"https:\/\/sp1hrubieszow.pl\/index.php\/wp-json\/wp\/v2\/pages\/11346","targetHints":{"allow":["GET"]}}],"collection":[{"href":"https:\/\/sp1hrubieszow.pl\/index.php\/wp-json\/wp\/v2\/pages"}],"about":[{"href":"https:\/\/sp1hrubieszow.pl\/index.php\/wp-json\/wp\/v2\/types\/page"}],"author":[{"embeddable":true,"href":"https:\/\/sp1hrubieszow.pl\/index.php\/wp-json\/wp\/v2\/users\/2"}],"replies":[{"embeddable":true,"href":"https:\/\/sp1hrubieszow.pl\/index.php\/wp-json\/wp\/v2\/comments?post=11346"}],"version-history":[{"count":1,"href":"https:\/\/sp1hrubieszow.pl\/index.php\/wp-json\/wp\/v2\/pages\/11346\/revisions"}],"predecessor-version":[{"id":11347,"href":"https:\/\/sp1hrubieszow.pl\/index.php\/wp-json\/wp\/v2\/pages\/11346\/revisions\/11347"}],"up":[{"embeddable":true,"href":"https:\/\/sp1hrubieszow.pl\/index.php\/wp-json\/wp\/v2\/pages\/5983"}],"wp:attachment":[{"href":"https:\/\/sp1hrubieszow.pl\/index.php\/wp-json\/wp\/v2\/media?parent=11346"}],"curies":[{"name":"wp","href":"https:\/\/api.w.org\/{rel}","templated":true}]}}