{"id":11319,"date":"2021-10-11T19:06:15","date_gmt":"2021-10-11T17:06:15","guid":{"rendered":"http:\/\/sp1.hrubieszow.info\/?page_id=11319"},"modified":"2021-10-11T19:06:31","modified_gmt":"2021-10-11T17:06:31","slug":"europejski-tydzien-swiadomosci-dysleksji-i-dzien-dysleksji-dyslexiaday","status":"publish","type":"page","link":"https:\/\/sp1hrubieszow.pl\/index.php\/kronika-2020-2021\/europejski-tydzien-swiadomosci-dysleksji-i-dzien-dysleksji-dyslexiaday\/","title":{"rendered":"Europejski Tydzie\u0144 \u015awiadomo\u015bci Dysleksji i Dzie\u0144 Dysleksji #Dyslexiaday"},"content":{"rendered":"\n<div dir=\"auto\"><span style=\"color: #000080;\">W dniach 04-08.10.2021r. w Szkole Podstawowej Nr 1 im. Boles\u0142awa Prusa w Hrubieszowie obchodzono \u201eEuropejski Tydzie\u0144 \u015awiadomo\u015bci Dysleksji\u20192021\u201d, kt\u00f3ry przebiega\u0142 pod has\u0142em: \u201eJeste\u015bmy r\u00f3\u017cni- jeste\u015bmy razem\u201d i odbywa\u0142 si\u0119, jak co roku, pod patronatem Polskiego Towarzystwa Dysleksji.<\/span><\/div>\n<div dir=\"auto\"><span style=\"color: #000080;\">04.10.2021r. odby\u0142 si\u0119 \u201eDzie\u0144 Czytania\u201d. Tego dnia zorganizowano akcj\u0119 czytelnicz\u0105 \u201eCzytam z Bratkiem\u201d, podczas kt\u00f3rej dzieci z DKKK \u201eLekturynki\u201d oraz z \u201eKlubu Ortograffiti\u201d czyta\u0142y kole\u017cankom i kolegom. Bajki o przygodach Bratka, czytane przez uczni\u00f3w w obecno\u015bci Bratkowych maskotek, jak co roku przypad\u0142y do gustu najm\u0142odszym . W szkolnej bibliotece zorganizowana zosta\u0142a wystawa ksi\u0105\u017cek, polecanych i pomocnych dzieciom w nauce czytania. Ksi\u0105\u017cki mo\u017cna by\u0142o poogl\u0105da\u0107 i poczyta\u0107 w zaciszu biblioteki. Na korytarzu pojawi\u0142a si\u0119 gazetka \u015bcienna, po\u015bwi\u0119cona zjawisku dysleksji rozwojowej.<\/span><\/div>\n<div dir=\"auto\"><span style=\"color: #000080;\">05.10.2021r. odby\u0142 si\u0119 \u201eDzie\u0144 Ortografii\u201d. Uczniowie klas I-III wzi\u0119li udzia\u0142 w konkursie polonistycznym (kaligraficzno-ortograficznym), w ka\u017cdej klasie wy\u0142oniono laureata konkursu. Wiele rado\u015bci sprawi\u0142a uczniom szkolna zabawa \u201eTropiciele Ortografii\u201d. By\u0142 to mini konkurs dla uczni\u00f3w, polegaj\u0105cy na odszukaniu wyraz\u00f3w z trudno\u015bci\u0105 ortograficzn\u0105, umieszczonych na szkolnych korytarzach, zapisaniu poprawnie 20 wyraz\u00f3w oraz wrzuceniu karty z odpowiedziami do pude\u0142ka. Komisja wylosowa\u0142a 10 prac oraz sprawdzi\u0142a poprawno\u015b\u0107 zapisu wyraz\u00f3w. W ramach dzia\u0142alno\u015bci \u201eKlubu Ortograffiti\u201d zorganizowano gry i zabawy ortograficzne.<\/span><\/div>\n<div dir=\"auto\"><span style=\"color: #000080;\">06.10.2021r.odby\u0142 si\u0119 \u201eDzie\u0144 skutecznego uczenia si\u0119\u201d.<\/span><\/div>\n<div dir=\"auto\"><span style=\"color: #000080;\">W wybranych klasach odby\u0142y si\u0119 ciekawe zaj\u0119cia, prowadzone przez pracownik\u00f3w Miejskiej Biblioteki Publicznej w Hrubieszowie pani\u0105 Aleksandr\u0119 Kopczy\u0144sk\u0105 oraz pani\u0105 Beat\u0119 Panasiewicz. Podczas zaj\u0119\u0107 uczniowie klas \u00f3smych dowiedzieli si\u0119 jak rozwija\u0107 techniki pami\u0119ciowe i koncentracj\u0119 uwagi, potrzebne w skutecznym przygotowaniu si\u0119 do egzaminu \u00f3smoklasisty. Uczniowie klas czwartych \u201euczyli si\u0119 jak si\u0119 uczy\u0107\u201d w drugim etapie edukacyjnym. Uczestnikom zaj\u0119\u0107 przypad\u0142y do gustu ciekawe karty pracy i inspiruj\u0105ce pomys\u0142y na rozwijanie koncentracji uwagi. Podczas zaj\u0119\u0107 z wychowawc\u0105, uczniowie wymieniali si\u0119 swoimi pomys\u0142ami na skuteczn\u0105 nauk\u0119 oraz tworzyli plakaty w formie mapy my\u015bli.<\/span><\/div>\n<div dir=\"auto\"><span style=\"color: #000080;\">Zorganizowano porady pedagoga-terapeuty w zakresie diagnozy i terapii dysleksji dla ch\u0119tnych uczni\u00f3w, rodzic\u00f3w i nauczycieli.<\/span><\/div>\n<div dir=\"auto\"><span style=\"color: #000080;\">07.10.2021r. \u015bwi\u0119towany by\u0142 \u201eDzie\u0144 Dysleksji i Dzie\u0144 S\u0142awnego Dyslektyka\u201d. Na szkolnym profilu fb zaprezentowano sylwetki s\u0142awnych dyslektyk\u00f3w. Wykonano wystaw\u0119 prac plastycznych, po\u015bwi\u0119conych znanym osobom z dysleksj\u0105 oraz ich dokonaniom. Prace zosta\u0142y wykonane w ramach konkurs\u00f3w plastycznych pt. \u201eZnani bohaterowie ba\u015bni i bajek\u201d oraz \u201eS\u0142awni Dyslektycy. Pan Andersen i jego ba\u015bnie. Pan Einstein i jego nauka. Pan Edison i jego wynalazki\u201d. W ramach zaj\u0119\u0107 terapeutycznych zorganizowano \u201elekcje odwr\u00f3cone\u201d, podczas kt\u00f3rych uczniowie wcielili si\u0119 w role terapeuty i proponowali uczestnikom zaj\u0119\u0107 ciekawe \u0107wiczenia i zabawy.<\/span><\/div>\n<div dir=\"auto\"><span style=\"color: #000080;\">W szkolnej bibliotece odby\u0142o si\u0119 wsp\u00f3lne czytanie bajek i opowiada\u0144, prowadzone przez pracownik\u00f3w biblioteki.<\/span><\/div>\n<div dir=\"auto\"><span style=\"color: #000080;\">08.10.2021r. odby\u0142 si\u0119 \u201eDzie\u0144 Pisania\u201d. Tego dnia panie ucz\u0105ce j\u0119zyka polskiego zorganizowa\u0142y \u201eMi\u0119dzynarodowy Dzie\u0144 Pisania List\u00f3w\u201d i zaprosi\u0142y uczni\u00f3w do udzia\u0142u w konkursie \u201eList do bohatera literackiego\u201d. Ponadto rozstrzygni\u0119to konkurs kaligraficzno-ortograficzny, promuj\u0105cy staranne pismo.<\/span><\/div>\n<div dir=\"auto\"><span style=\"color: #000080;\">W gabinecie terapeuty mo\u017cna by\u0142o obejrze\u0107 pomoce rozwijaj\u0105ce sprawno\u015b\u0107 grafomotoryczn\u0105.<\/span><\/div>\n<div dir=\"auto\"><span style=\"color: #000080;\">Mamy nadziej\u0119, \u017ce szkolne dzia\u0142ania, podj\u0119te w ramach organizacji \u201eEuropejskiego Tygodnia \u015awiadomo\u015bci Dysleksji\u201d przyczyni\u0105 si\u0119 do podniesienia \u015bwiadomo\u015bci spo\u0142eczno\u015bci szkolnej, dotycz\u0105cej dysleksji a tak\u017ce do wzmocnienia postawy szacunku i tolerancji wobec os\u00f3b, kt\u00f3re do\u015bwiadczaj\u0105 specyficznych trudno\u015bci w uczeniu si\u0119 w my\u015bl has\u0142a: \u201dJeste\u015bmy r\u00f3\u017cni- uczymy si\u0119 razem\u201d. Sk\u0142adamy serdeczne podzi\u0119kowania pracownikom Miejskiej Biblioteki Publicznej w Hrubieszowie oraz biblioteki szkolnej, za wsparcie naszych szkolnych dzia\u0142a\u0144.<\/span><\/div>\n<div dir=\"auto\"><span style=\"color: #000080;\">Dzi\u0119kujemy wszystkim za wsp\u00f3\u0142prac\u0119 oraz wsp\u00f3ln\u0105 nauk\u0119 i zabaw\u0119 w tym wyj\u0105tkowym pa\u017adziernikowym tygodniu. Niebawem kolejna relacja z rozstrzygni\u0119cia szkolnych konkurs\u00f3w i nagrodzenia laureat\u00f3w<span class=\"pq6dq46d tbxw36s4 knj5qynh kvgmc6g5 ditlmg2l oygrvhab nvdbi5me sf5mxxl7 gl3lb2sf hhz5lgdu\"><img loading=\"lazy\" decoding=\"async\" src=\"https:\/\/static.xx.fbcdn.net\/images\/emoji.php\/v9\/t1e\/2\/16\/1f60a.png\" alt=\"?\" width=\"16\" height=\"16\"><\/span><\/span><\/div>\n<div dir=\"auto\"><span style=\"color: #000080;\">Organizatorzy obchod\u00f3w ET\u015aD\u20192021: Marta Kuczy\u0144ska, Marta Lackowska, Ma\u0142gorzata Serafin i Ma\u0142gorzata Sidorska<\/span><\/div>\n<div dir=\"auto\">\nngg_shortcode_0_placeholder\n<\/div>\n","protected":false},"excerpt":{"rendered":"<p>W dniach 04-08.10.2021r. w Szkole Podstawowej Nr 1 im. Boles\u0142awa Prusa w Hrubieszowie obchodzono \u201eEuropejski Tydzie\u0144 \u015awiadomo\u015bci Dysleksji\u20192021\u201d, kt\u00f3ry przebiega\u0142 pod has\u0142em: \u201eJeste\u015bmy r\u00f3\u017cni- jeste\u015bmy razem\u201d i odbywa\u0142 si\u0119, jak co roku, pod patronatem Polskiego Towarzystwa Dysleksji. 04.10.2021r. odby\u0142 si\u0119 \u201eDzie\u0144 Czytania\u201d. Tego dnia zorganizowano akcj\u0119 czytelnicz\u0105 \u201eCzytam z Bratkiem\u201d, podczas kt\u00f3rej dzieci z DKKK [&hellip;]<\/p>\n","protected":false},"author":2,"featured_media":0,"parent":5983,"menu_order":0,"comment_status":"closed","ping_status":"closed","template":"","meta":{"ngg_post_thumbnail":0,"footnotes":""},"class_list":["post-11319","page","type-page","status-publish","hentry"],"_links":{"self":[{"href":"https:\/\/sp1hrubieszow.pl\/index.php\/wp-json\/wp\/v2\/pages\/11319","targetHints":{"allow":["GET"]}}],"collection":[{"href":"https:\/\/sp1hrubieszow.pl\/index.php\/wp-json\/wp\/v2\/pages"}],"about":[{"href":"https:\/\/sp1hrubieszow.pl\/index.php\/wp-json\/wp\/v2\/types\/page"}],"author":[{"embeddable":true,"href":"https:\/\/sp1hrubieszow.pl\/index.php\/wp-json\/wp\/v2\/users\/2"}],"replies":[{"embeddable":true,"href":"https:\/\/sp1hrubieszow.pl\/index.php\/wp-json\/wp\/v2\/comments?post=11319"}],"version-history":[{"count":1,"href":"https:\/\/sp1hrubieszow.pl\/index.php\/wp-json\/wp\/v2\/pages\/11319\/revisions"}],"predecessor-version":[{"id":11320,"href":"https:\/\/sp1hrubieszow.pl\/index.php\/wp-json\/wp\/v2\/pages\/11319\/revisions\/11320"}],"up":[{"embeddable":true,"href":"https:\/\/sp1hrubieszow.pl\/index.php\/wp-json\/wp\/v2\/pages\/5983"}],"wp:attachment":[{"href":"https:\/\/sp1hrubieszow.pl\/index.php\/wp-json\/wp\/v2\/media?parent=11319"}],"curies":[{"name":"wp","href":"https:\/\/api.w.org\/{rel}","templated":true}]}}