{"id":11255,"date":"2021-10-11T18:40:09","date_gmt":"2021-10-11T16:40:09","guid":{"rendered":"http:\/\/sp1.hrubieszow.info\/?page_id=11255"},"modified":"2021-10-11T18:50:00","modified_gmt":"2021-10-11T16:50:00","slug":"akcja-charytatywna-dla-kacpra","status":"publish","type":"page","link":"https:\/\/sp1hrubieszow.pl\/index.php\/kronika-2020-2021\/akcja-charytatywna-dla-kacpra\/","title":{"rendered":"Akcja charytatywna dla Kacpra"},"content":{"rendered":"\n<p><span style=\"color: #000080;\">Wolontariusze SKW zach\u0119caj\u0105 ca\u0142\u0105 spo\u0142eczno\u015b\u0107 szkoln\u0105 do w\u0142\u0105czenia si\u0119 w akcj\u0119 charytatywn\u0105 ,,Szko\u0142o Pom\u00f3\u017c i Ty\u201d, kt\u00f3rej organizatorem jest Fundacja na rzecz os\u00f3b niewidomych i niepe\u0142nosprawnych. Od \u015brody wolontariusze b\u0119d\u0105 rozprowadzali cegie\u0142ki w formie pomocy naukowych w kwocie 2 z\u0142, mo\u017cna r\u00f3wnie\u017c przekaza\u0107 dowolne datki na pomoc dla&nbsp; Kacpra.<\/span><\/p>\n<p><span style=\"color: #000080;\">W tym roku pragniemy pom\u00f3c 10-letniemu Kacprowi Paw\u0142owskiemu. Kiedy Kacper sko\u0144czy\u0142 roczek zdiagnozowano u niego dzieci\u0119ce pora\u017cenie m\u00f3zgowe. Pomimo swojej niepe\u0142nosprawno\u015bci u\u015bmiech towarzyszy mu ka\u017cdego dnia. Aby Kacper m\u00f3g\u0142 prawid\u0142owo rozwija\u0107 si\u0119 niezb\u0119dny jest sprz\u0119t, kt\u00f3ry pomo\u017ce mu w komunikacji, nauce pisania, czytania <\/span><span style=\"color: #000080;\">i m\u00f3wienia. Wsp\u00f3lnie pom\u00f3\u017cmy Kacprowi w zakupie specjalistycznego oprogramowania <\/span><span style=\"color: #000080;\">i komputera, kt\u00f3rych koszt wynosi oko\u0142o 10\u202f000 z\u0142.<\/span><\/p>\n<p><span style=\"color: #000080;\">&nbsp;Dzi\u0119kujemy za ka\u017cd\u0105 z\u0142ot\u00f3wk\u0119, kt\u00f3ra daje nadziej\u0119 na realizacj\u0119 celu.<\/span><\/p>\n<p><span style=\"color: #000080;\">Link do strony fundacji:<\/span><\/p>\n<p><span style=\"color: #000080;\"><a style=\"color: #000080;\" href=\"https:\/\/pomozity.org\/\">Home | FUNDACJA POM\u00d3\u017b I TY (pomozity.org)<\/a><\/span><\/p>\n<p><span style=\"color: #000080;\">Opiekun Szkolnego Ko\u0142a Wolontariatu, Anna Karkuszewska<\/span><\/p>\nngg_shortcode_0_placeholder\n","protected":false},"excerpt":{"rendered":"<p>Wolontariusze SKW zach\u0119caj\u0105 ca\u0142\u0105 spo\u0142eczno\u015b\u0107 szkoln\u0105 do w\u0142\u0105czenia si\u0119 w akcj\u0119 charytatywn\u0105 ,,Szko\u0142o Pom\u00f3\u017c i Ty\u201d, kt\u00f3rej organizatorem jest Fundacja na rzecz os\u00f3b niewidomych i niepe\u0142nosprawnych. Od \u015brody wolontariusze b\u0119d\u0105 rozprowadzali cegie\u0142ki w formie pomocy naukowych w kwocie 2 z\u0142, mo\u017cna r\u00f3wnie\u017c przekaza\u0107 dowolne datki na pomoc dla&nbsp; Kacpra. W tym roku pragniemy pom\u00f3c 10-letniemu [&hellip;]<\/p>\n","protected":false},"author":2,"featured_media":0,"parent":5983,"menu_order":0,"comment_status":"closed","ping_status":"closed","template":"","meta":{"ngg_post_thumbnail":0,"footnotes":""},"class_list":["post-11255","page","type-page","status-publish","hentry"],"_links":{"self":[{"href":"https:\/\/sp1hrubieszow.pl\/index.php\/wp-json\/wp\/v2\/pages\/11255","targetHints":{"allow":["GET"]}}],"collection":[{"href":"https:\/\/sp1hrubieszow.pl\/index.php\/wp-json\/wp\/v2\/pages"}],"about":[{"href":"https:\/\/sp1hrubieszow.pl\/index.php\/wp-json\/wp\/v2\/types\/page"}],"author":[{"embeddable":true,"href":"https:\/\/sp1hrubieszow.pl\/index.php\/wp-json\/wp\/v2\/users\/2"}],"replies":[{"embeddable":true,"href":"https:\/\/sp1hrubieszow.pl\/index.php\/wp-json\/wp\/v2\/comments?post=11255"}],"version-history":[{"count":3,"href":"https:\/\/sp1hrubieszow.pl\/index.php\/wp-json\/wp\/v2\/pages\/11255\/revisions"}],"predecessor-version":[{"id":11261,"href":"https:\/\/sp1hrubieszow.pl\/index.php\/wp-json\/wp\/v2\/pages\/11255\/revisions\/11261"}],"up":[{"embeddable":true,"href":"https:\/\/sp1hrubieszow.pl\/index.php\/wp-json\/wp\/v2\/pages\/5983"}],"wp:attachment":[{"href":"https:\/\/sp1hrubieszow.pl\/index.php\/wp-json\/wp\/v2\/media?parent=11255"}],"curies":[{"name":"wp","href":"https:\/\/api.w.org\/{rel}","templated":true}]}}