{"id":11241,"date":"2021-10-08T08:42:44","date_gmt":"2021-10-08T06:42:44","guid":{"rendered":"http:\/\/sp1.hrubieszow.info\/?page_id=11241"},"modified":"2021-10-08T09:07:01","modified_gmt":"2021-10-08T07:07:01","slug":"zegnamy-sp-danute-ebert","status":"publish","type":"page","link":"https:\/\/sp1hrubieszow.pl\/index.php\/kronika-2020-2021\/zegnamy-sp-danute-ebert\/","title":{"rendered":"\u017begnamy \u015bp. Danut\u0119 Ebert"},"content":{"rendered":"\n<p style=\"text-align: right;\"><strong>,,Mo\u017cna odej\u015b\u0107 na zawsze, by stale by\u0107 blisko\u2026\u2019\u2019<\/strong><br><strong>Ks. Jan Twardowski<\/strong><\/p>\n<p style=\"text-align: center;\"><br><br><strong>\u017bALEM I NADZIEJ\u0104 \u017bYCIA WIECZNEGO <\/strong><br><strong>\u017bEGNAMY <\/strong><br><b>\u015bp. Danut\u0119 EBERT <\/b><br><strong>wieloletniego wicedyrektora, nauczycielk\u0119 geografii<\/strong><br><strong>Szko\u0142y Podstawowej Nr 1 w Hrubieszowie,<\/strong><br><strong>dla kt\u00f3rej praca w szkole by\u0142a spe\u0142nieniem.<\/strong><br><strong>Rodzinie i Bliskim Zmar\u0142ej szczere wyrazy wsp\u00f3\u0142czucia<\/strong><br><strong>oraz s\u0142owa wsparcia w tych trudnych chwilach sk\u0142adaj\u0105:<\/strong><\/p>\n<p style=\"text-align: center;\"><strong>Pogr\u0105\u017ceni w g\u0142\u0119bokim smutku &#8211;<\/strong><br><strong>dyrekcja, nauczyciele, pracownicy obs\u0142ugi i administracji, <\/strong><br><strong>Szko\u0142y Podstawowej Nr 1 w Hrubieszowie<\/strong><\/p>\n","protected":false},"excerpt":{"rendered":"<p>,,Mo\u017cna odej\u015b\u0107 na zawsze, by stale by\u0107 blisko\u2026\u2019\u2019Ks. Jan Twardowski \u017bALEM I NADZIEJ\u0104 \u017bYCIA WIECZNEGO \u017bEGNAMY \u015bp. Danut\u0119 EBERT wieloletniego wicedyrektora, nauczycielk\u0119 geografiiSzko\u0142y Podstawowej Nr 1 w Hrubieszowie,dla kt\u00f3rej praca w szkole by\u0142a spe\u0142nieniem.Rodzinie i Bliskim Zmar\u0142ej szczere wyrazy wsp\u00f3\u0142czuciaoraz s\u0142owa wsparcia w tych trudnych chwilach sk\u0142adaj\u0105: Pogr\u0105\u017ceni w g\u0142\u0119bokim smutku &#8211;dyrekcja, nauczyciele, pracownicy obs\u0142ugi [&hellip;]<\/p>\n","protected":false},"author":2,"featured_media":0,"parent":5983,"menu_order":0,"comment_status":"closed","ping_status":"closed","template":"","meta":{"ngg_post_thumbnail":0,"footnotes":""},"class_list":["post-11241","page","type-page","status-publish","hentry"],"_links":{"self":[{"href":"https:\/\/sp1hrubieszow.pl\/index.php\/wp-json\/wp\/v2\/pages\/11241","targetHints":{"allow":["GET"]}}],"collection":[{"href":"https:\/\/sp1hrubieszow.pl\/index.php\/wp-json\/wp\/v2\/pages"}],"about":[{"href":"https:\/\/sp1hrubieszow.pl\/index.php\/wp-json\/wp\/v2\/types\/page"}],"author":[{"embeddable":true,"href":"https:\/\/sp1hrubieszow.pl\/index.php\/wp-json\/wp\/v2\/users\/2"}],"replies":[{"embeddable":true,"href":"https:\/\/sp1hrubieszow.pl\/index.php\/wp-json\/wp\/v2\/comments?post=11241"}],"version-history":[{"count":2,"href":"https:\/\/sp1hrubieszow.pl\/index.php\/wp-json\/wp\/v2\/pages\/11241\/revisions"}],"predecessor-version":[{"id":11245,"href":"https:\/\/sp1hrubieszow.pl\/index.php\/wp-json\/wp\/v2\/pages\/11241\/revisions\/11245"}],"up":[{"embeddable":true,"href":"https:\/\/sp1hrubieszow.pl\/index.php\/wp-json\/wp\/v2\/pages\/5983"}],"wp:attachment":[{"href":"https:\/\/sp1hrubieszow.pl\/index.php\/wp-json\/wp\/v2\/media?parent=11241"}],"curies":[{"name":"wp","href":"https:\/\/api.w.org\/{rel}","templated":true}]}}