{"id":11234,"date":"2021-10-07T21:24:29","date_gmt":"2021-10-07T19:24:29","guid":{"rendered":"http:\/\/sp1.hrubieszow.info\/?page_id=11234"},"modified":"2021-10-11T19:19:19","modified_gmt":"2021-10-11T17:19:19","slug":"dzien-chlopaka-2","status":"publish","type":"page","link":"https:\/\/sp1hrubieszow.pl\/index.php\/kronika-2020-2021\/dzien-chlopaka-2\/","title":{"rendered":"Dzie\u0144 Ch\u0142opaka"},"content":{"rendered":"\n<p><span style=\"color: #000080;\">30 wrze\u015bnia 2021 r. z okazji Dnia Ch\u0142opaka odby\u0142a si\u0119 dyskoteka na \u015bwie\u017cym powietrzu zorganizowana przez Ma\u0142y Samorz\u0105d Uczniowski. Uczniowie bawili si\u0119 znakomicie dzi\u0119ki zaanga\u017cowaniu DJ-\u00f3w ze starszych klas. W kla\u00adsach 1 \u2013 3 dziewczynki z\u0142o\u017cy\u0142y ch\u0142opcom \u017cyczenia i wr\u0119czy\u0142y upominki. W tym dniu zosta\u0142y og\u0142oszone wyniki plebiscytu na \u201eSuperkoleg\u0119\u201d. Laureaci otrzymali dyplomy i nagrody. Oto oni:<\/span><\/p>\n<p><span style=\"color: #000080;\"><strong>&nbsp;&nbsp; <\/strong><strong>Klasa&nbsp;&nbsp;&nbsp;&nbsp;&nbsp;&nbsp;&nbsp;&nbsp;&nbsp;&nbsp;&nbsp;&nbsp;&nbsp;&nbsp; \u201eSuperkolega\u201d<\/strong><\/span><\/p>\n<p><span style=\"color: #000080;\">&nbsp;&nbsp;&nbsp;&nbsp; 1 a&nbsp;&nbsp;&nbsp;&nbsp;&nbsp;&nbsp;&nbsp;&nbsp;&nbsp;&nbsp;&nbsp;&nbsp;&nbsp;&nbsp;&nbsp;&nbsp;&nbsp; Piotr Or\u0142owski<\/span><\/p>\n<p><span style=\"color: #000080;\">&nbsp;&nbsp;&nbsp;&nbsp; 1 b&nbsp;&nbsp;&nbsp;&nbsp;&nbsp;&nbsp;&nbsp;&nbsp;&nbsp;&nbsp;&nbsp;&nbsp;&nbsp;&nbsp;&nbsp;&nbsp;&nbsp; Jakub Karpiuk<\/span><\/p>\n<p><span style=\"color: #000080;\">&nbsp;&nbsp;&nbsp;&nbsp; 1 c&nbsp;&nbsp;&nbsp;&nbsp;&nbsp;&nbsp;&nbsp;&nbsp;&nbsp;&nbsp;&nbsp;&nbsp;&nbsp;&nbsp;&nbsp;&nbsp;&nbsp; Bartosz Grabowski<\/span><\/p>\n<p><span style=\"color: #000080;\">&nbsp;&nbsp;&nbsp;&nbsp; 2 a&nbsp;&nbsp;&nbsp;&nbsp;&nbsp;&nbsp;&nbsp;&nbsp;&nbsp;&nbsp;&nbsp;&nbsp;&nbsp;&nbsp;&nbsp;&nbsp;&nbsp; Filip Seme\u0144czuk<\/span><\/p>\n<p><span style=\"color: #000080;\">&nbsp;&nbsp;&nbsp;&nbsp; 2 b&nbsp;&nbsp;&nbsp;&nbsp;&nbsp;&nbsp;&nbsp;&nbsp;&nbsp;&nbsp;&nbsp;&nbsp;&nbsp;&nbsp;&nbsp;&nbsp;&nbsp; Dawid Kornaszewski<\/span><\/p>\n<p><span style=\"color: #000080;\">&nbsp;&nbsp;&nbsp;&nbsp; 3 a&nbsp;&nbsp;&nbsp;&nbsp;&nbsp;&nbsp;&nbsp;&nbsp;&nbsp;&nbsp;&nbsp;&nbsp;&nbsp;&nbsp;&nbsp;&nbsp;&nbsp; Emil Grabowski<\/span><\/p>\n<p><span style=\"color: #000080;\">&nbsp;&nbsp;&nbsp;&nbsp; 3 b&nbsp;&nbsp;&nbsp;&nbsp;&nbsp;&nbsp;&nbsp;&nbsp;&nbsp;&nbsp;&nbsp;&nbsp;&nbsp;&nbsp;&nbsp;&nbsp;&nbsp; Tymoteusz Go\u0142awski<\/span><\/p>\n<p><span style=\"color: #000080;\">&nbsp;&nbsp;&nbsp;&nbsp; 3 c&nbsp;&nbsp;&nbsp;&nbsp;&nbsp;&nbsp;&nbsp;&nbsp;&nbsp;&nbsp;&nbsp;&nbsp;&nbsp;&nbsp;&nbsp;&nbsp;&nbsp; Rados\u0142aw Borz\u0119cki<\/span><\/p>\n<p style=\"text-align: center;\"><span style=\"color: #000080;\">Gratulujemy zwyci\u0119zcom!<\/span><\/p>\n<p>&nbsp;<\/p>\nngg_shortcode_0_placeholder\nngg_shortcode_1_placeholder\n<p>&nbsp;<\/p>\n<p>&nbsp;<\/p>\n","protected":false},"excerpt":{"rendered":"<p>30 wrze\u015bnia 2021 r. z okazji Dnia Ch\u0142opaka odby\u0142a si\u0119 dyskoteka na \u015bwie\u017cym powietrzu zorganizowana przez Ma\u0142y Samorz\u0105d Uczniowski. Uczniowie bawili si\u0119 znakomicie dzi\u0119ki zaanga\u017cowaniu DJ-\u00f3w ze starszych klas. W kla\u00adsach 1 \u2013 3 dziewczynki z\u0142o\u017cy\u0142y ch\u0142opcom \u017cyczenia i wr\u0119czy\u0142y upominki. W tym dniu zosta\u0142y og\u0142oszone wyniki plebiscytu na \u201eSuperkoleg\u0119\u201d. Laureaci otrzymali dyplomy i nagrody. [&hellip;]<\/p>\n","protected":false},"author":2,"featured_media":0,"parent":5983,"menu_order":0,"comment_status":"closed","ping_status":"closed","template":"","meta":{"ngg_post_thumbnail":0,"footnotes":""},"class_list":["post-11234","page","type-page","status-publish","hentry"],"_links":{"self":[{"href":"https:\/\/sp1hrubieszow.pl\/index.php\/wp-json\/wp\/v2\/pages\/11234","targetHints":{"allow":["GET"]}}],"collection":[{"href":"https:\/\/sp1hrubieszow.pl\/index.php\/wp-json\/wp\/v2\/pages"}],"about":[{"href":"https:\/\/sp1hrubieszow.pl\/index.php\/wp-json\/wp\/v2\/types\/page"}],"author":[{"embeddable":true,"href":"https:\/\/sp1hrubieszow.pl\/index.php\/wp-json\/wp\/v2\/users\/2"}],"replies":[{"embeddable":true,"href":"https:\/\/sp1hrubieszow.pl\/index.php\/wp-json\/wp\/v2\/comments?post=11234"}],"version-history":[{"count":5,"href":"https:\/\/sp1hrubieszow.pl\/index.php\/wp-json\/wp\/v2\/pages\/11234\/revisions"}],"predecessor-version":[{"id":11329,"href":"https:\/\/sp1hrubieszow.pl\/index.php\/wp-json\/wp\/v2\/pages\/11234\/revisions\/11329"}],"up":[{"embeddable":true,"href":"https:\/\/sp1hrubieszow.pl\/index.php\/wp-json\/wp\/v2\/pages\/5983"}],"wp:attachment":[{"href":"https:\/\/sp1hrubieszow.pl\/index.php\/wp-json\/wp\/v2\/media?parent=11234"}],"curies":[{"name":"wp","href":"https:\/\/api.w.org\/{rel}","templated":true}]}}